{"id":24642,"date":"2018-06-27T00:00:00","date_gmt":"2018-06-26T22:00:00","guid":{"rendered":"https:\/\/inter-antiquariaat.nl\/dev-en\/antiek\/uncategorized\/cheret-jules-quinquina-dubonnet\/"},"modified":"2024-06-11T12:23:02","modified_gmt":"2024-06-11T10:23:02","slug":"cheret-jules-quinquina-dubonnet","status":"publish","type":"product","link":"https:\/\/inter-antiquariaat.nl\/en\/antiques\/sold\/cheret-jules-quinquina-dubonnet\/","title":{"rendered":"Cheret, Jules &#8211; Quinquina Dubonnet"},"content":{"rendered":"<p><strong>DE BELLE EPOQUE NODIGT UIT VOOR EEN APERITIEF<\/strong><\/p>\n<p>Reclame Affiche &#8220;<strong>Quinquina Dubonnet<\/strong>&#8220;\u009d, lithografie ontworpen door <strong>Jules Ch\u00e9ret<\/strong> (1836-1932), gedrukt door Chaix te Parijs in <strong>1896<\/strong>. Afmetingen: 125 x 89 cm.<\/p>\n<p>Ch\u00e9ret was de eerste die kleurenaffiches maakte, levendige ontwerpen voor cabaret, vari\u00e9t\u00e9 en theater zoals Olympia, Folies Berg\u00e8res en Moulin Rouge. Later breidde hij zijn werk uit naar het maken van advertenties voor allerlei producten. Hij wordt gezien als de vader van de moderne lithografie en vader van de reclame affiche.<\/p>\n<p>Ch\u00e9ret maakte verschillende ontwerpen voor Quinquina Dubonnet, alle met een mooie jonge vrouw en een witte kat. Deze kat is een compliment aan mevrouw Dubonnet, wiens eigen kat in het bedrijfslogo was verwerkt. Hier zien we de jonge vrouw met het glas in haar hand, uitnodigen voor een aperitief.<\/p>\n<p>Met aandacht voor beeld in plaats van tekst, bracht Ch\u00e9ret een revolutie teweeg in de manier waarop posters werden vorm-gegeven. Hij meende dat een affiche niet noodzakelijkerwijs een product moest tonen, het was slechts van belang dat het bij de kijker een positieve reactie genereerde.<\/p>\n<p>Met zijn grote affiches met afbeeldingen van vrijdenkende dames, zette hij aan tot de emancipatie van de vrouw. Vrouwen werden v\u00f3\u00f3r Ch\u00e9ret meestal afgebeeld als prostituee, of als puritein. Zijn zgn. &#8220;Chr\u00e9rettes&#8221;\u009d waren geen van beide. Het werkte merkbaar bevrijdend voor de vrouwen van Parijs, die nu decollet\u00e9s mochten dragen en konden roken in het openbaar.<\/p>\n<p>Vandaag de dag behoort Ch\u00e9ret tot de meest verzamelde kunstenaars uit de Belle Epoque.<\/p>\n<p>Prijs: VERKOCHT<\/p>\n","protected":false},"excerpt":{"rendered":"<p>DE BELLE EPOQUE NODIGT UIT VOOR EEN APERITIEF Reclame Affiche &#8220;Quinquina Dubonnet&#8220;\u009d, lithografie ontworpen door Jules Ch\u00e9ret (1836-1932), gedrukt door Chaix te Parijs in 1896. Afmetingen: 125 x 89 cm. Ch\u00e9ret was de eerste die kleurenaffiches maakte, levendige ontwerpen voor cabaret, vari\u00e9t\u00e9 en theater zoals Olympia, Folies Berg\u00e8res en Moulin Rouge. Later breidde hij zijn [&#8230;]\n","protected":false},"featured_media":17161,"comment_status":"closed","ping_status":"open","template":"","meta":[],"product_brand":[],"product_cat":[1397],"product_tag":[],"class_list":{"0":"post-24642","1":"product","2":"type-product","3":"status-publish","4":"has-post-thumbnail","6":"artist-cheret-jules","7":"product_cat-sold","9":"first","10":"instock","11":"product-type-simple"},"yoast_head":"<!-- This site is optimized with the Yoast SEO plugin v27.3 - https:\/\/yoast.com\/product\/yoast-seo-wordpress\/ -->\n<title>Jules Ch\u00e9ret rare original antique lithographic poster<\/title>\n<meta name=\"description\" content=\"Jules Ch\u00e9ret originele antieke 19e-eeuwse lithografie rare original antique lithographic poster\" \/>\n<meta name=\"robots\" content=\"index, follow, max-snippet:-1, max-image-preview:large, max-video-preview:-1\" \/>\n<link rel=\"canonical\" href=\"https:\/\/inter-antiquariaat.nl\/en\/antiques\/sold\/cheret-jules-quinquina-dubonnet\/\" \/>\n<meta property=\"og:locale\" content=\"en_US\" \/>\n<meta property=\"og:type\" content=\"article\" \/>\n<meta property=\"og:title\" content=\"Jules Ch\u00e9ret rare original antique lithographic poster\" \/>\n<meta property=\"og:description\" content=\"Jules Ch\u00e9ret originele antieke 19e-eeuwse lithografie rare original antique lithographic poster\" \/>\n<meta property=\"og:url\" content=\"https:\/\/inter-antiquariaat.nl\/en\/antiques\/sold\/cheret-jules-quinquina-dubonnet\/\" \/>\n<meta property=\"og:site_name\" content=\"Inter Antiquariaat\" \/>\n<meta property=\"article:modified_time\" content=\"2024-06-11T10:23:02+00:00\" \/>\n<meta property=\"og:image\" content=\"https:\/\/inter-antiquariaat.nl\/en\/wp-content\/uploads\/sites\/5\/QuinquinaDubonnetCheret-4.jpg\" \/>\n\t<meta property=\"og:image:width\" content=\"1182\" \/>\n\t<meta property=\"og:image:height\" content=\"1600\" \/>\n\t<meta property=\"og:image:type\" content=\"image\/jpeg\" \/>\n<meta name=\"twitter:card\" content=\"summary_large_image\" \/>\n<meta name=\"twitter:label1\" content=\"Est. reading time\" \/>\n\t<meta name=\"twitter:data1\" content=\"1 minute\" \/>\n<script type=\"application\/ld+json\" class=\"yoast-schema-graph\">{\"@context\":\"https:\\\/\\\/schema.org\",\"@graph\":[{\"@type\":\"WebPage\",\"@id\":\"https:\\\/\\\/inter-antiquariaat.nl\\\/en\\\/antiques\\\/sold\\\/cheret-jules-quinquina-dubonnet\\\/\",\"url\":\"https:\\\/\\\/inter-antiquariaat.nl\\\/en\\\/antiques\\\/sold\\\/cheret-jules-quinquina-dubonnet\\\/\",\"name\":\"Jules Ch\u00e9ret rare original antique lithographic poster\",\"isPartOf\":{\"@id\":\"https:\\\/\\\/inter-antiquariaat.nl\\\/en\\\/#website\"},\"primaryImageOfPage\":{\"@id\":\"https:\\\/\\\/inter-antiquariaat.nl\\\/en\\\/antiques\\\/sold\\\/cheret-jules-quinquina-dubonnet\\\/#primaryimage\"},\"image\":{\"@id\":\"https:\\\/\\\/inter-antiquariaat.nl\\\/en\\\/antiques\\\/sold\\\/cheret-jules-quinquina-dubonnet\\\/#primaryimage\"},\"thumbnailUrl\":\"https:\\\/\\\/inter-antiquariaat.nl\\\/en\\\/wp-content\\\/uploads\\\/sites\\\/5\\\/QuinquinaDubonnetCheret-4.jpg\",\"datePublished\":\"2018-06-26T22:00:00+00:00\",\"dateModified\":\"2024-06-11T10:23:02+00:00\",\"description\":\"Jules Ch\u00e9ret originele antieke 19e-eeuwse lithografie rare original antique lithographic poster\",\"breadcrumb\":{\"@id\":\"https:\\\/\\\/inter-antiquariaat.nl\\\/en\\\/antiques\\\/sold\\\/cheret-jules-quinquina-dubonnet\\\/#breadcrumb\"},\"inLanguage\":\"en-US\",\"potentialAction\":[{\"@type\":\"ReadAction\",\"target\":[\"https:\\\/\\\/inter-antiquariaat.nl\\\/en\\\/antiques\\\/sold\\\/cheret-jules-quinquina-dubonnet\\\/\"]}]},{\"@type\":\"ImageObject\",\"inLanguage\":\"en-US\",\"@id\":\"https:\\\/\\\/inter-antiquariaat.nl\\\/en\\\/antiques\\\/sold\\\/cheret-jules-quinquina-dubonnet\\\/#primaryimage\",\"url\":\"https:\\\/\\\/inter-antiquariaat.nl\\\/en\\\/wp-content\\\/uploads\\\/sites\\\/5\\\/QuinquinaDubonnetCheret-4.jpg\",\"contentUrl\":\"https:\\\/\\\/inter-antiquariaat.nl\\\/en\\\/wp-content\\\/uploads\\\/sites\\\/5\\\/QuinquinaDubonnetCheret-4.jpg\",\"width\":1182,\"height\":1600},{\"@type\":\"BreadcrumbList\",\"@id\":\"https:\\\/\\\/inter-antiquariaat.nl\\\/en\\\/antiques\\\/sold\\\/cheret-jules-quinquina-dubonnet\\\/#breadcrumb\",\"itemListElement\":[{\"@type\":\"ListItem\",\"position\":1,\"name\":\"Home\",\"item\":\"https:\\\/\\\/inter-antiquariaat.nl\\\/en\\\/\"},{\"@type\":\"ListItem\",\"position\":2,\"name\":\"Antique maps, prints and drawings\",\"item\":\"https:\\\/\\\/inter-antiquariaat.nl\\\/en\\\/antique-maps-prints-and-drawings\\\/\"},{\"@type\":\"ListItem\",\"position\":3,\"name\":\"Cheret, Jules &#8211; Quinquina Dubonnet\"}]},{\"@type\":\"WebSite\",\"@id\":\"https:\\\/\\\/inter-antiquariaat.nl\\\/en\\\/#website\",\"url\":\"https:\\\/\\\/inter-antiquariaat.nl\\\/en\\\/\",\"name\":\"Inter Antiquariaat\",\"description\":\"Antique maps, prints and drawings\",\"potentialAction\":[{\"@type\":\"SearchAction\",\"target\":{\"@type\":\"EntryPoint\",\"urlTemplate\":\"https:\\\/\\\/inter-antiquariaat.nl\\\/en\\\/?s={search_term_string}\"},\"query-input\":{\"@type\":\"PropertyValueSpecification\",\"valueRequired\":true,\"valueName\":\"search_term_string\"}}],\"inLanguage\":\"en-US\"}]}<\/script>\n<!-- \/ Yoast SEO plugin. -->","yoast_head_json":{"title":"Jules Ch\u00e9ret rare original antique lithographic poster","description":"Jules Ch\u00e9ret originele antieke 19e-eeuwse lithografie rare original antique lithographic poster","robots":{"index":"index","follow":"follow","max-snippet":"max-snippet:-1","max-image-preview":"max-image-preview:large","max-video-preview":"max-video-preview:-1"},"canonical":"https:\/\/inter-antiquariaat.nl\/en\/antiques\/sold\/cheret-jules-quinquina-dubonnet\/","og_locale":"en_US","og_type":"article","og_title":"Jules Ch\u00e9ret rare original antique lithographic poster","og_description":"Jules Ch\u00e9ret originele antieke 19e-eeuwse lithografie rare original antique lithographic poster","og_url":"https:\/\/inter-antiquariaat.nl\/en\/antiques\/sold\/cheret-jules-quinquina-dubonnet\/","og_site_name":"Inter Antiquariaat","article_modified_time":"2024-06-11T10:23:02+00:00","og_image":[{"width":1182,"height":1600,"url":"https:\/\/inter-antiquariaat.nl\/en\/wp-content\/uploads\/sites\/5\/QuinquinaDubonnetCheret-4.jpg","type":"image\/jpeg"}],"twitter_card":"summary_large_image","twitter_misc":{"Est. reading time":"1 minute"},"schema":{"@context":"https:\/\/schema.org","@graph":[{"@type":"WebPage","@id":"https:\/\/inter-antiquariaat.nl\/en\/antiques\/sold\/cheret-jules-quinquina-dubonnet\/","url":"https:\/\/inter-antiquariaat.nl\/en\/antiques\/sold\/cheret-jules-quinquina-dubonnet\/","name":"Jules Ch\u00e9ret rare original antique lithographic poster","isPartOf":{"@id":"https:\/\/inter-antiquariaat.nl\/en\/#website"},"primaryImageOfPage":{"@id":"https:\/\/inter-antiquariaat.nl\/en\/antiques\/sold\/cheret-jules-quinquina-dubonnet\/#primaryimage"},"image":{"@id":"https:\/\/inter-antiquariaat.nl\/en\/antiques\/sold\/cheret-jules-quinquina-dubonnet\/#primaryimage"},"thumbnailUrl":"https:\/\/inter-antiquariaat.nl\/en\/wp-content\/uploads\/sites\/5\/QuinquinaDubonnetCheret-4.jpg","datePublished":"2018-06-26T22:00:00+00:00","dateModified":"2024-06-11T10:23:02+00:00","description":"Jules Ch\u00e9ret originele antieke 19e-eeuwse lithografie rare original antique lithographic poster","breadcrumb":{"@id":"https:\/\/inter-antiquariaat.nl\/en\/antiques\/sold\/cheret-jules-quinquina-dubonnet\/#breadcrumb"},"inLanguage":"en-US","potentialAction":[{"@type":"ReadAction","target":["https:\/\/inter-antiquariaat.nl\/en\/antiques\/sold\/cheret-jules-quinquina-dubonnet\/"]}]},{"@type":"ImageObject","inLanguage":"en-US","@id":"https:\/\/inter-antiquariaat.nl\/en\/antiques\/sold\/cheret-jules-quinquina-dubonnet\/#primaryimage","url":"https:\/\/inter-antiquariaat.nl\/en\/wp-content\/uploads\/sites\/5\/QuinquinaDubonnetCheret-4.jpg","contentUrl":"https:\/\/inter-antiquariaat.nl\/en\/wp-content\/uploads\/sites\/5\/QuinquinaDubonnetCheret-4.jpg","width":1182,"height":1600},{"@type":"BreadcrumbList","@id":"https:\/\/inter-antiquariaat.nl\/en\/antiques\/sold\/cheret-jules-quinquina-dubonnet\/#breadcrumb","itemListElement":[{"@type":"ListItem","position":1,"name":"Home","item":"https:\/\/inter-antiquariaat.nl\/en\/"},{"@type":"ListItem","position":2,"name":"Antique maps, prints and drawings","item":"https:\/\/inter-antiquariaat.nl\/en\/antique-maps-prints-and-drawings\/"},{"@type":"ListItem","position":3,"name":"Cheret, Jules &#8211; Quinquina Dubonnet"}]},{"@type":"WebSite","@id":"https:\/\/inter-antiquariaat.nl\/en\/#website","url":"https:\/\/inter-antiquariaat.nl\/en\/","name":"Inter Antiquariaat","description":"Antique maps, prints and drawings","potentialAction":[{"@type":"SearchAction","target":{"@type":"EntryPoint","urlTemplate":"https:\/\/inter-antiquariaat.nl\/en\/?s={search_term_string}"},"query-input":{"@type":"PropertyValueSpecification","valueRequired":true,"valueName":"search_term_string"}}],"inLanguage":"en-US"}]}},"_links":{"self":[{"href":"https:\/\/inter-antiquariaat.nl\/en\/wp-json\/wp\/v2\/product\/24642","targetHints":{"allow":["GET"]}}],"collection":[{"href":"https:\/\/inter-antiquariaat.nl\/en\/wp-json\/wp\/v2\/product"}],"about":[{"href":"https:\/\/inter-antiquariaat.nl\/en\/wp-json\/wp\/v2\/types\/product"}],"replies":[{"embeddable":true,"href":"https:\/\/inter-antiquariaat.nl\/en\/wp-json\/wp\/v2\/comments?post=24642"}],"wp:featuredmedia":[{"embeddable":true,"href":"https:\/\/inter-antiquariaat.nl\/en\/wp-json\/wp\/v2\/media\/17161"}],"wp:attachment":[{"href":"https:\/\/inter-antiquariaat.nl\/en\/wp-json\/wp\/v2\/media?parent=24642"}],"wp:term":[{"taxonomy":"product_brand","embeddable":true,"href":"https:\/\/inter-antiquariaat.nl\/en\/wp-json\/wp\/v2\/product_brand?post=24642"},{"taxonomy":"product_cat","embeddable":true,"href":"https:\/\/inter-antiquariaat.nl\/en\/wp-json\/wp\/v2\/product_cat?post=24642"},{"taxonomy":"product_tag","embeddable":true,"href":"https:\/\/inter-antiquariaat.nl\/en\/wp-json\/wp\/v2\/product_tag?post=24642"}],"curies":[{"name":"wp","href":"https:\/\/api.w.org\/{rel}","templated":true}]}}