{"id":24725,"date":"2018-11-08T00:00:00","date_gmt":"2018-11-07T23:00:00","guid":{"rendered":"https:\/\/inter-antiquariaat.nl\/dev-en\/antiek\/uncategorized\/polen-pruisen\/"},"modified":"2024-06-10T11:10:04","modified_gmt":"2024-06-10T09:10:04","slug":"polen-pruisen","status":"publish","type":"product","link":"https:\/\/inter-antiquariaat.nl\/en\/antiques\/maps\/maps-world\/europe\/polen-pruisen\/","title":{"rendered":"Poland, Kaliningrad\/K\u00f6nigsberg (Pomerania and East Prussia) &#8211; Johann Baptiste Homann, c. 1710"},"content":{"rendered":"<p><strong>FINE MAP OF POLAND AND KALININGRAD<\/strong><\/p>\n<p>\u201c<strong><em>Regnum Borussiae Gloriosis auspicys Serenissimi et Potentissimi Princip Friderich III.<\/em><\/strong>\u201d Copper engraving published <strong>around 1710<\/strong> by <strong>Johann Baptist Homann<\/strong> in Nuremberg. Coloured by a later hand. Size: 48,3 x 57,2 cm<\/p>\n<p>Beautiful map of the Baltic coast consisting of northern Poland (former <a href=\"https:\/\/en.wikipedia.org\/wiki\/Prussia\" target=\"_blank\" rel=\"noopener\">Prussia<\/a>), <a href=\"https:\/\/en.wikipedia.org\/wiki\/K%C3%B6nigsberg\" target=\"_blank\" rel=\"noopener\">K\u00f6nigsberg<\/a> (nowadays Kaliningrad), and parts of Lithuania. It includes the major cities of Danzig (Gda\u0144sk), Elbing (Elblag), Mari\u00ebnburg (Malbork), Heilsberg (Lidzbark Warmi\u0144ski), and Culm (Che\u0142mno). Mountains and forests are rendered in profile following Homann\u2019s typical stylistic conventions. An elaborate decorative cartouche bearing numerous allegorical elements fills the Baltic Sea at the top center. The cartouche celebrates the K\u00f6nigsberg assentation of <a href=\"https:\/\/en.wikipedia.org\/wiki\/Frederick_I_of_Prussia\" target=\"_blank\" rel=\"noopener\">Frederick III of Brandenburg<\/a>, who crowned himself King of Prussia on January 18, 1701. While Frederick, now the Frederick I of Prussia, had an uneventful reign, his grandson, Frederick the Great would eventually consolidate this region into Brandenburg-Prussia. This area was returned to a reconstituted Poland by the Treaty of Versailles following World War II.<\/p>\n<p>Price: Euro 475,-<\/p>\n","protected":false},"excerpt":{"rendered":"<p>FINE MAP OF POLAND AND KALININGRAD \u201cRegnum Borussiae Gloriosis auspicys Serenissimi et Potentissimi Princip Friderich III.\u201d Copper engraving published around 1710 by Johann Baptist Homann in Nuremberg. Coloured by a later hand. Size: 48,3 x 57,2 cm Beautiful map of the Baltic coast consisting of northern Poland (former Prussia), K\u00f6nigsberg (nowadays Kaliningrad), and parts of [&#8230;]\n","protected":false},"featured_media":17350,"comment_status":"closed","ping_status":"open","template":"","meta":[],"product_brand":[],"product_cat":[1411,1407,1408],"product_tag":[],"class_list":{"0":"post-24725","1":"product","2":"type-product","3":"status-publish","4":"has-post-thumbnail","6":"artist-homann-jean-baptiste","7":"product_cat-europe","8":"product_cat-maps","9":"product_cat-maps-world","11":"first","12":"instock","13":"shipping-taxable","14":"product-type-simple"},"yoast_head":"<!-- This site is optimized with the Yoast SEO plugin v27.5 - https:\/\/yoast.com\/product\/yoast-seo-wordpress\/ -->\n<title>rare antique map of Poland Prussia Kaliningrad Pomerania engraving<\/title>\n<meta name=\"description\" content=\"rare antique map of Poland Prussia Kaliningrad Pomerania original engraving 18th century history cartography\" \/>\n<meta name=\"robots\" content=\"index, follow, max-snippet:-1, max-image-preview:large, max-video-preview:-1\" \/>\n<link rel=\"canonical\" href=\"https:\/\/inter-antiquariaat.nl\/en\/antiques\/maps\/maps-world\/europe\/polen-pruisen\/\" \/>\n<meta property=\"og:locale\" content=\"en_US\" \/>\n<meta property=\"og:type\" content=\"article\" \/>\n<meta property=\"og:title\" content=\"rare antique map of Poland Prussia Kaliningrad Pomerania engraving\" \/>\n<meta property=\"og:description\" content=\"rare antique map of Poland Prussia Kaliningrad Pomerania original engraving 18th century history cartography\" \/>\n<meta property=\"og:url\" content=\"https:\/\/inter-antiquariaat.nl\/en\/antiques\/maps\/maps-world\/europe\/polen-pruisen\/\" \/>\n<meta property=\"og:site_name\" content=\"Inter Antiquariaat\" \/>\n<meta property=\"article:modified_time\" content=\"2024-06-10T09:10:04+00:00\" \/>\n<meta property=\"og:image\" content=\"https:\/\/inter-antiquariaat.nl\/en\/wp-content\/uploads\/sites\/5\/Prussia-Poland-Kaliningrad-Johann-Baptiste-Homann-ca.-1710-1.jpg\" \/>\n\t<meta property=\"og:image:width\" content=\"1605\" \/>\n\t<meta property=\"og:image:height\" content=\"1227\" \/>\n\t<meta property=\"og:image:type\" content=\"image\/jpeg\" \/>\n<meta name=\"twitter:card\" content=\"summary_large_image\" \/>\n<meta name=\"twitter:label1\" content=\"Est. reading time\" \/>\n\t<meta name=\"twitter:data1\" content=\"1 minute\" \/>\n<script type=\"application\/ld+json\" class=\"yoast-schema-graph\">{\"@context\":\"https:\\\/\\\/schema.org\",\"@graph\":[{\"@type\":\"WebPage\",\"@id\":\"https:\\\/\\\/inter-antiquariaat.nl\\\/en\\\/antiques\\\/maps\\\/maps-world\\\/europe\\\/polen-pruisen\\\/\",\"url\":\"https:\\\/\\\/inter-antiquariaat.nl\\\/en\\\/antiques\\\/maps\\\/maps-world\\\/europe\\\/polen-pruisen\\\/\",\"name\":\"rare antique map of Poland Prussia Kaliningrad Pomerania engraving\",\"isPartOf\":{\"@id\":\"https:\\\/\\\/inter-antiquariaat.nl\\\/en\\\/#website\"},\"primaryImageOfPage\":{\"@id\":\"https:\\\/\\\/inter-antiquariaat.nl\\\/en\\\/antiques\\\/maps\\\/maps-world\\\/europe\\\/polen-pruisen\\\/#primaryimage\"},\"image\":{\"@id\":\"https:\\\/\\\/inter-antiquariaat.nl\\\/en\\\/antiques\\\/maps\\\/maps-world\\\/europe\\\/polen-pruisen\\\/#primaryimage\"},\"thumbnailUrl\":\"https:\\\/\\\/inter-antiquariaat.nl\\\/en\\\/wp-content\\\/uploads\\\/sites\\\/5\\\/Prussia-Poland-Kaliningrad-Johann-Baptiste-Homann-ca.-1710-1.jpg\",\"datePublished\":\"2018-11-07T23:00:00+00:00\",\"dateModified\":\"2024-06-10T09:10:04+00:00\",\"description\":\"rare antique map of Poland Prussia Kaliningrad Pomerania original engraving 18th century history cartography\",\"breadcrumb\":{\"@id\":\"https:\\\/\\\/inter-antiquariaat.nl\\\/en\\\/antiques\\\/maps\\\/maps-world\\\/europe\\\/polen-pruisen\\\/#breadcrumb\"},\"inLanguage\":\"en-US\",\"potentialAction\":[{\"@type\":\"ReadAction\",\"target\":[\"https:\\\/\\\/inter-antiquariaat.nl\\\/en\\\/antiques\\\/maps\\\/maps-world\\\/europe\\\/polen-pruisen\\\/\"]}]},{\"@type\":\"ImageObject\",\"inLanguage\":\"en-US\",\"@id\":\"https:\\\/\\\/inter-antiquariaat.nl\\\/en\\\/antiques\\\/maps\\\/maps-world\\\/europe\\\/polen-pruisen\\\/#primaryimage\",\"url\":\"https:\\\/\\\/inter-antiquariaat.nl\\\/en\\\/wp-content\\\/uploads\\\/sites\\\/5\\\/Prussia-Poland-Kaliningrad-Johann-Baptiste-Homann-ca.-1710-1.jpg\",\"contentUrl\":\"https:\\\/\\\/inter-antiquariaat.nl\\\/en\\\/wp-content\\\/uploads\\\/sites\\\/5\\\/Prussia-Poland-Kaliningrad-Johann-Baptiste-Homann-ca.-1710-1.jpg\",\"width\":1605,\"height\":1227},{\"@type\":\"BreadcrumbList\",\"@id\":\"https:\\\/\\\/inter-antiquariaat.nl\\\/en\\\/antiques\\\/maps\\\/maps-world\\\/europe\\\/polen-pruisen\\\/#breadcrumb\",\"itemListElement\":[{\"@type\":\"ListItem\",\"position\":1,\"name\":\"Home\",\"item\":\"https:\\\/\\\/inter-antiquariaat.nl\\\/en\\\/\"},{\"@type\":\"ListItem\",\"position\":2,\"name\":\"Antique maps, prints and drawings\",\"item\":\"https:\\\/\\\/inter-antiquariaat.nl\\\/en\\\/antique-maps-prints-and-drawings\\\/\"},{\"@type\":\"ListItem\",\"position\":3,\"name\":\"Poland, Kaliningrad\\\/K\u00f6nigsberg (Pomerania and East Prussia) &#8211; Johann Baptiste Homann, c. 1710\"}]},{\"@type\":\"WebSite\",\"@id\":\"https:\\\/\\\/inter-antiquariaat.nl\\\/en\\\/#website\",\"url\":\"https:\\\/\\\/inter-antiquariaat.nl\\\/en\\\/\",\"name\":\"Inter Antiquariaat\",\"description\":\"Antique maps, prints and drawings\",\"potentialAction\":[{\"@type\":\"SearchAction\",\"target\":{\"@type\":\"EntryPoint\",\"urlTemplate\":\"https:\\\/\\\/inter-antiquariaat.nl\\\/en\\\/?s={search_term_string}\"},\"query-input\":{\"@type\":\"PropertyValueSpecification\",\"valueRequired\":true,\"valueName\":\"search_term_string\"}}],\"inLanguage\":\"en-US\"}]}<\/script>\n<!-- \/ Yoast SEO plugin. -->","yoast_head_json":{"title":"rare antique map of Poland Prussia Kaliningrad Pomerania engraving","description":"rare antique map of Poland Prussia Kaliningrad Pomerania original engraving 18th century history cartography","robots":{"index":"index","follow":"follow","max-snippet":"max-snippet:-1","max-image-preview":"max-image-preview:large","max-video-preview":"max-video-preview:-1"},"canonical":"https:\/\/inter-antiquariaat.nl\/en\/antiques\/maps\/maps-world\/europe\/polen-pruisen\/","og_locale":"en_US","og_type":"article","og_title":"rare antique map of Poland Prussia Kaliningrad Pomerania engraving","og_description":"rare antique map of Poland Prussia Kaliningrad Pomerania original engraving 18th century history cartography","og_url":"https:\/\/inter-antiquariaat.nl\/en\/antiques\/maps\/maps-world\/europe\/polen-pruisen\/","og_site_name":"Inter Antiquariaat","article_modified_time":"2024-06-10T09:10:04+00:00","og_image":[{"width":1605,"height":1227,"url":"https:\/\/inter-antiquariaat.nl\/en\/wp-content\/uploads\/sites\/5\/Prussia-Poland-Kaliningrad-Johann-Baptiste-Homann-ca.-1710-1.jpg","type":"image\/jpeg"}],"twitter_card":"summary_large_image","twitter_misc":{"Est. reading time":"1 minute"},"schema":{"@context":"https:\/\/schema.org","@graph":[{"@type":"WebPage","@id":"https:\/\/inter-antiquariaat.nl\/en\/antiques\/maps\/maps-world\/europe\/polen-pruisen\/","url":"https:\/\/inter-antiquariaat.nl\/en\/antiques\/maps\/maps-world\/europe\/polen-pruisen\/","name":"rare antique map of Poland Prussia Kaliningrad Pomerania engraving","isPartOf":{"@id":"https:\/\/inter-antiquariaat.nl\/en\/#website"},"primaryImageOfPage":{"@id":"https:\/\/inter-antiquariaat.nl\/en\/antiques\/maps\/maps-world\/europe\/polen-pruisen\/#primaryimage"},"image":{"@id":"https:\/\/inter-antiquariaat.nl\/en\/antiques\/maps\/maps-world\/europe\/polen-pruisen\/#primaryimage"},"thumbnailUrl":"https:\/\/inter-antiquariaat.nl\/en\/wp-content\/uploads\/sites\/5\/Prussia-Poland-Kaliningrad-Johann-Baptiste-Homann-ca.-1710-1.jpg","datePublished":"2018-11-07T23:00:00+00:00","dateModified":"2024-06-10T09:10:04+00:00","description":"rare antique map of Poland Prussia Kaliningrad Pomerania original engraving 18th century history cartography","breadcrumb":{"@id":"https:\/\/inter-antiquariaat.nl\/en\/antiques\/maps\/maps-world\/europe\/polen-pruisen\/#breadcrumb"},"inLanguage":"en-US","potentialAction":[{"@type":"ReadAction","target":["https:\/\/inter-antiquariaat.nl\/en\/antiques\/maps\/maps-world\/europe\/polen-pruisen\/"]}]},{"@type":"ImageObject","inLanguage":"en-US","@id":"https:\/\/inter-antiquariaat.nl\/en\/antiques\/maps\/maps-world\/europe\/polen-pruisen\/#primaryimage","url":"https:\/\/inter-antiquariaat.nl\/en\/wp-content\/uploads\/sites\/5\/Prussia-Poland-Kaliningrad-Johann-Baptiste-Homann-ca.-1710-1.jpg","contentUrl":"https:\/\/inter-antiquariaat.nl\/en\/wp-content\/uploads\/sites\/5\/Prussia-Poland-Kaliningrad-Johann-Baptiste-Homann-ca.-1710-1.jpg","width":1605,"height":1227},{"@type":"BreadcrumbList","@id":"https:\/\/inter-antiquariaat.nl\/en\/antiques\/maps\/maps-world\/europe\/polen-pruisen\/#breadcrumb","itemListElement":[{"@type":"ListItem","position":1,"name":"Home","item":"https:\/\/inter-antiquariaat.nl\/en\/"},{"@type":"ListItem","position":2,"name":"Antique maps, prints and drawings","item":"https:\/\/inter-antiquariaat.nl\/en\/antique-maps-prints-and-drawings\/"},{"@type":"ListItem","position":3,"name":"Poland, Kaliningrad\/K\u00f6nigsberg (Pomerania and East Prussia) &#8211; Johann Baptiste Homann, c. 1710"}]},{"@type":"WebSite","@id":"https:\/\/inter-antiquariaat.nl\/en\/#website","url":"https:\/\/inter-antiquariaat.nl\/en\/","name":"Inter Antiquariaat","description":"Antique maps, prints and drawings","potentialAction":[{"@type":"SearchAction","target":{"@type":"EntryPoint","urlTemplate":"https:\/\/inter-antiquariaat.nl\/en\/?s={search_term_string}"},"query-input":{"@type":"PropertyValueSpecification","valueRequired":true,"valueName":"search_term_string"}}],"inLanguage":"en-US"}]}},"_links":{"self":[{"href":"https:\/\/inter-antiquariaat.nl\/en\/wp-json\/wp\/v2\/product\/24725","targetHints":{"allow":["GET"]}}],"collection":[{"href":"https:\/\/inter-antiquariaat.nl\/en\/wp-json\/wp\/v2\/product"}],"about":[{"href":"https:\/\/inter-antiquariaat.nl\/en\/wp-json\/wp\/v2\/types\/product"}],"replies":[{"embeddable":true,"href":"https:\/\/inter-antiquariaat.nl\/en\/wp-json\/wp\/v2\/comments?post=24725"}],"wp:featuredmedia":[{"embeddable":true,"href":"https:\/\/inter-antiquariaat.nl\/en\/wp-json\/wp\/v2\/media\/17350"}],"wp:attachment":[{"href":"https:\/\/inter-antiquariaat.nl\/en\/wp-json\/wp\/v2\/media?parent=24725"}],"wp:term":[{"taxonomy":"product_brand","embeddable":true,"href":"https:\/\/inter-antiquariaat.nl\/en\/wp-json\/wp\/v2\/product_brand?post=24725"},{"taxonomy":"product_cat","embeddable":true,"href":"https:\/\/inter-antiquariaat.nl\/en\/wp-json\/wp\/v2\/product_cat?post=24725"},{"taxonomy":"product_tag","embeddable":true,"href":"https:\/\/inter-antiquariaat.nl\/en\/wp-json\/wp\/v2\/product_tag?post=24725"}],"curies":[{"name":"wp","href":"https:\/\/api.w.org\/{rel}","templated":true}]}}