{"id":25333,"date":"2022-07-04T00:00:00","date_gmt":"2022-07-03T22:00:00","guid":{"rendered":"https:\/\/inter-antiquariaat.nl\/dev-en\/antiek\/uncategorized\/tulipspl10-sweert-rabel-1622-1633\/"},"modified":"2024-06-11T12:20:36","modified_gmt":"2024-06-11T10:20:36","slug":"tulipspl10-sweert-rabel-1622-1633","status":"publish","type":"product","link":"https:\/\/inter-antiquariaat.nl\/en\/antiques\/sold\/tulipspl10-sweert-rabel-1622-1633\/","title":{"rendered":"Tulips &#8211; Emmanuel Sweert + Daniel Rabel, 1622-1633"},"content":{"rendered":"<p><strong>ONE OF THE MOST BEAUTIFUL TULIP ENGRAVINGS EVER PUBLISHED<\/strong><\/p>\n<p><strong>Three tulips <\/strong>(plate 10), copper engraving made by <strong>Em<\/strong>(<strong>m<\/strong>)<strong>anuel Sweert<\/strong>(<strong>s<\/strong>) and published by <strong>Daniel Rabel<\/strong> in Paris <strong>1622-1633<\/strong> as part of the \u201c<em>Theatrum Florae<\/em>\u201d, coloured by a later hand. Size: 34,5 x 25 cm.<\/p>\n<p>Daniel Rabel (1578-1637) was first employed as a portrait painter by <a href=\"https:\/\/en.wikipedia.org\/wiki\/Marie_de_Medicis\" target=\"_blank\" rel=\"noopener\">Marie de\u2019 Medicis<\/a>, the second wife of <a href=\"https:\/\/en.wikipedia.org\/wiki\/Henry_IV_of_France\" target=\"_blank\" rel=\"noopener\">Henry IV of France<\/a>. In 1612 he became official artist to <a href=\"https:\/\/en.wikipedia.org\/wiki\/Charles_Gonzaga,_Duke_of_Mantua_and_Montferrat\" target=\"_blank\" rel=\"noopener\">Duke of Nevers<\/a>. Around 1631 he was appointed official artist to <a href=\"https:\/\/en.wikipedia.org\/wiki\/Gaston,_Duke_of_Orl%C3%A9ans\" target=\"_blank\" rel=\"noopener\">Gaston, Duke of Orl\u00e9ans<\/a>, Henry IV&#8217;s third son.<\/p>\n<p>The &#8220;<em>Theatrum Florae<\/em>&#8221; was originally published in Paris in 1622, with later editions in 1627 and 1633, and was a collection of botanical illustrations of 69 of the most decorative flowers available to 17th-century gardeners, and which Rabel had been commissioned to paint for Gaston of Orl\u00e9ans. It is truly (as stated in the preface to vol.I) \u201c<em>&#8230;une tres-jolie collection&#8230;qui ont \u00e9t\u00e9 dessin\u00e9es &amp; grav\u00e9es d&#8217;apr\u00e8s nature<\/em>\u201d [&#8230;a very nice collection&#8230;which were drawn and engraved from nature]. Other artists later added their work, notably <a href=\"https:\/\/en.wikipedia.org\/wiki\/Nicolas_Robert\" target=\"_blank\" rel=\"noopener\">Nicolas Robert<\/a> (1614\u20131685). There is some doubt among scholars as to whether Rabel engraved the original 69 plates, as none of them is signed and his name only appears on the titlepage of the third edition. By the end of the 1700s they were generally assumed to have been done by Dutch artist <a href=\"https:\/\/en.wikipedia.org\/wiki\/Emanuel_Sweert\" target=\"_blank\" rel=\"noopener\">Emanuel Sweert<\/a>.<\/p>\n<p>Price: SOLD<\/p>\n","protected":false},"excerpt":{"rendered":"<p>ONE OF THE MOST BEAUTIFUL TULIP ENGRAVINGS EVER PUBLISHED Three tulips (plate 10), copper engraving made by Em(m)anuel Sweert(s) and published by Daniel Rabel in Paris 1622-1633 as part of the \u201cTheatrum Florae\u201d, coloured by a later hand. Size: 34,5 x 25 cm. Daniel Rabel (1578-1637) was first employed as a portrait painter by Marie [&#8230;]\n","protected":false},"featured_media":19089,"comment_status":"closed","ping_status":"open","template":"","meta":[],"product_brand":[],"product_cat":[1397],"product_tag":[],"class_list":{"0":"post-25333","1":"product","2":"type-product","3":"status-publish","4":"has-post-thumbnail","6":"artist-sweert-emanuel-1552-1612","7":"product_cat-sold","9":"first","10":"instock","11":"shipping-taxable","12":"product-type-simple"},"yoast_head":"<!-- This site is optimized with the Yoast SEO plugin v27.5-RC1 - https:\/\/yoast.com\/product\/yoast-seo-wordpress\/ -->\n<title>Tulips - Emmanuel Sweert + Daniel Rabel, 1622-1633 - Inter Antiquariaat<\/title>\n<meta name=\"robots\" content=\"index, follow, max-snippet:-1, max-image-preview:large, max-video-preview:-1\" \/>\n<link rel=\"canonical\" href=\"https:\/\/inter-antiquariaat.nl\/en\/antiques\/sold\/tulipspl10-sweert-rabel-1622-1633\/\" \/>\n<meta property=\"og:locale\" content=\"en_US\" \/>\n<meta property=\"og:type\" content=\"article\" \/>\n<meta property=\"og:title\" content=\"Tulips - Emmanuel Sweert + Daniel Rabel, 1622-1633 - Inter Antiquariaat\" \/>\n<meta property=\"og:description\" content=\"ONE OF THE MOST BEAUTIFUL TULIP ENGRAVINGS EVER PUBLISHED Three tulips (plate 10), copper engraving made by Em(m)anuel Sweert(s) and published by Daniel Rabel in Paris 1622-1633 as part of the \u201cTheatrum Florae\u201d, coloured by a later hand. Size: 34,5 x 25 cm. Daniel Rabel (1578-1637) was first employed as a portrait painter by Marie [...]\" \/>\n<meta property=\"og:url\" content=\"https:\/\/inter-antiquariaat.nl\/en\/antiques\/sold\/tulipspl10-sweert-rabel-1622-1633\/\" \/>\n<meta property=\"og:site_name\" content=\"Inter Antiquariaat\" \/>\n<meta property=\"article:modified_time\" content=\"2024-06-11T10:20:36+00:00\" \/>\n<meta property=\"og:image\" content=\"https:\/\/inter-antiquariaat.nl\/en\/wp-content\/uploads\/sites\/5\/Tulpen-plaat-10-Sweert-Rabel-1622-1633-1.jpg\" \/>\n\t<meta property=\"og:image:width\" content=\"1600\" \/>\n\t<meta property=\"og:image:height\" content=\"2400\" \/>\n\t<meta property=\"og:image:type\" content=\"image\/jpeg\" \/>\n<meta name=\"twitter:card\" content=\"summary_large_image\" \/>\n<meta name=\"twitter:label1\" content=\"Est. reading time\" \/>\n\t<meta name=\"twitter:data1\" content=\"1 minute\" \/>\n<script type=\"application\/ld+json\" class=\"yoast-schema-graph\">{\"@context\":\"https:\\\/\\\/schema.org\",\"@graph\":[{\"@type\":\"WebPage\",\"@id\":\"https:\\\/\\\/inter-antiquariaat.nl\\\/en\\\/antiques\\\/sold\\\/tulipspl10-sweert-rabel-1622-1633\\\/\",\"url\":\"https:\\\/\\\/inter-antiquariaat.nl\\\/en\\\/antiques\\\/sold\\\/tulipspl10-sweert-rabel-1622-1633\\\/\",\"name\":\"Tulips - Emmanuel Sweert + Daniel Rabel, 1622-1633 - Inter Antiquariaat\",\"isPartOf\":{\"@id\":\"https:\\\/\\\/inter-antiquariaat.nl\\\/en\\\/#website\"},\"primaryImageOfPage\":{\"@id\":\"https:\\\/\\\/inter-antiquariaat.nl\\\/en\\\/antiques\\\/sold\\\/tulipspl10-sweert-rabel-1622-1633\\\/#primaryimage\"},\"image\":{\"@id\":\"https:\\\/\\\/inter-antiquariaat.nl\\\/en\\\/antiques\\\/sold\\\/tulipspl10-sweert-rabel-1622-1633\\\/#primaryimage\"},\"thumbnailUrl\":\"https:\\\/\\\/inter-antiquariaat.nl\\\/en\\\/wp-content\\\/uploads\\\/sites\\\/5\\\/Tulpen-plaat-10-Sweert-Rabel-1622-1633-1.jpg\",\"datePublished\":\"2022-07-03T22:00:00+00:00\",\"dateModified\":\"2024-06-11T10:20:36+00:00\",\"breadcrumb\":{\"@id\":\"https:\\\/\\\/inter-antiquariaat.nl\\\/en\\\/antiques\\\/sold\\\/tulipspl10-sweert-rabel-1622-1633\\\/#breadcrumb\"},\"inLanguage\":\"en-US\",\"potentialAction\":[{\"@type\":\"ReadAction\",\"target\":[\"https:\\\/\\\/inter-antiquariaat.nl\\\/en\\\/antiques\\\/sold\\\/tulipspl10-sweert-rabel-1622-1633\\\/\"]}]},{\"@type\":\"ImageObject\",\"inLanguage\":\"en-US\",\"@id\":\"https:\\\/\\\/inter-antiquariaat.nl\\\/en\\\/antiques\\\/sold\\\/tulipspl10-sweert-rabel-1622-1633\\\/#primaryimage\",\"url\":\"https:\\\/\\\/inter-antiquariaat.nl\\\/en\\\/wp-content\\\/uploads\\\/sites\\\/5\\\/Tulpen-plaat-10-Sweert-Rabel-1622-1633-1.jpg\",\"contentUrl\":\"https:\\\/\\\/inter-antiquariaat.nl\\\/en\\\/wp-content\\\/uploads\\\/sites\\\/5\\\/Tulpen-plaat-10-Sweert-Rabel-1622-1633-1.jpg\",\"width\":1600,\"height\":2400,\"caption\":\"17e eeuwse tulpen prent\"},{\"@type\":\"BreadcrumbList\",\"@id\":\"https:\\\/\\\/inter-antiquariaat.nl\\\/en\\\/antiques\\\/sold\\\/tulipspl10-sweert-rabel-1622-1633\\\/#breadcrumb\",\"itemListElement\":[{\"@type\":\"ListItem\",\"position\":1,\"name\":\"Home\",\"item\":\"https:\\\/\\\/inter-antiquariaat.nl\\\/en\\\/\"},{\"@type\":\"ListItem\",\"position\":2,\"name\":\"Antique maps, prints and drawings\",\"item\":\"https:\\\/\\\/inter-antiquariaat.nl\\\/en\\\/antique-maps-prints-and-drawings\\\/\"},{\"@type\":\"ListItem\",\"position\":3,\"name\":\"Tulips &#8211; Emmanuel Sweert + Daniel Rabel, 1622-1633\"}]},{\"@type\":\"WebSite\",\"@id\":\"https:\\\/\\\/inter-antiquariaat.nl\\\/en\\\/#website\",\"url\":\"https:\\\/\\\/inter-antiquariaat.nl\\\/en\\\/\",\"name\":\"Inter Antiquariaat\",\"description\":\"Antique maps, prints and drawings\",\"potentialAction\":[{\"@type\":\"SearchAction\",\"target\":{\"@type\":\"EntryPoint\",\"urlTemplate\":\"https:\\\/\\\/inter-antiquariaat.nl\\\/en\\\/?s={search_term_string}\"},\"query-input\":{\"@type\":\"PropertyValueSpecification\",\"valueRequired\":true,\"valueName\":\"search_term_string\"}}],\"inLanguage\":\"en-US\"}]}<\/script>\n<!-- \/ Yoast SEO plugin. -->","yoast_head_json":{"title":"Tulips - Emmanuel Sweert + Daniel Rabel, 1622-1633 - Inter Antiquariaat","robots":{"index":"index","follow":"follow","max-snippet":"max-snippet:-1","max-image-preview":"max-image-preview:large","max-video-preview":"max-video-preview:-1"},"canonical":"https:\/\/inter-antiquariaat.nl\/en\/antiques\/sold\/tulipspl10-sweert-rabel-1622-1633\/","og_locale":"en_US","og_type":"article","og_title":"Tulips - Emmanuel Sweert + Daniel Rabel, 1622-1633 - Inter Antiquariaat","og_description":"ONE OF THE MOST BEAUTIFUL TULIP ENGRAVINGS EVER PUBLISHED Three tulips (plate 10), copper engraving made by Em(m)anuel Sweert(s) and published by Daniel Rabel in Paris 1622-1633 as part of the \u201cTheatrum Florae\u201d, coloured by a later hand. Size: 34,5 x 25 cm. Daniel Rabel (1578-1637) was first employed as a portrait painter by Marie [...]","og_url":"https:\/\/inter-antiquariaat.nl\/en\/antiques\/sold\/tulipspl10-sweert-rabel-1622-1633\/","og_site_name":"Inter Antiquariaat","article_modified_time":"2024-06-11T10:20:36+00:00","og_image":[{"width":1600,"height":2400,"url":"https:\/\/inter-antiquariaat.nl\/en\/wp-content\/uploads\/sites\/5\/Tulpen-plaat-10-Sweert-Rabel-1622-1633-1.jpg","type":"image\/jpeg"}],"twitter_card":"summary_large_image","twitter_misc":{"Est. reading time":"1 minute"},"schema":{"@context":"https:\/\/schema.org","@graph":[{"@type":"WebPage","@id":"https:\/\/inter-antiquariaat.nl\/en\/antiques\/sold\/tulipspl10-sweert-rabel-1622-1633\/","url":"https:\/\/inter-antiquariaat.nl\/en\/antiques\/sold\/tulipspl10-sweert-rabel-1622-1633\/","name":"Tulips - Emmanuel Sweert + Daniel Rabel, 1622-1633 - Inter Antiquariaat","isPartOf":{"@id":"https:\/\/inter-antiquariaat.nl\/en\/#website"},"primaryImageOfPage":{"@id":"https:\/\/inter-antiquariaat.nl\/en\/antiques\/sold\/tulipspl10-sweert-rabel-1622-1633\/#primaryimage"},"image":{"@id":"https:\/\/inter-antiquariaat.nl\/en\/antiques\/sold\/tulipspl10-sweert-rabel-1622-1633\/#primaryimage"},"thumbnailUrl":"https:\/\/inter-antiquariaat.nl\/en\/wp-content\/uploads\/sites\/5\/Tulpen-plaat-10-Sweert-Rabel-1622-1633-1.jpg","datePublished":"2022-07-03T22:00:00+00:00","dateModified":"2024-06-11T10:20:36+00:00","breadcrumb":{"@id":"https:\/\/inter-antiquariaat.nl\/en\/antiques\/sold\/tulipspl10-sweert-rabel-1622-1633\/#breadcrumb"},"inLanguage":"en-US","potentialAction":[{"@type":"ReadAction","target":["https:\/\/inter-antiquariaat.nl\/en\/antiques\/sold\/tulipspl10-sweert-rabel-1622-1633\/"]}]},{"@type":"ImageObject","inLanguage":"en-US","@id":"https:\/\/inter-antiquariaat.nl\/en\/antiques\/sold\/tulipspl10-sweert-rabel-1622-1633\/#primaryimage","url":"https:\/\/inter-antiquariaat.nl\/en\/wp-content\/uploads\/sites\/5\/Tulpen-plaat-10-Sweert-Rabel-1622-1633-1.jpg","contentUrl":"https:\/\/inter-antiquariaat.nl\/en\/wp-content\/uploads\/sites\/5\/Tulpen-plaat-10-Sweert-Rabel-1622-1633-1.jpg","width":1600,"height":2400,"caption":"17e eeuwse tulpen prent"},{"@type":"BreadcrumbList","@id":"https:\/\/inter-antiquariaat.nl\/en\/antiques\/sold\/tulipspl10-sweert-rabel-1622-1633\/#breadcrumb","itemListElement":[{"@type":"ListItem","position":1,"name":"Home","item":"https:\/\/inter-antiquariaat.nl\/en\/"},{"@type":"ListItem","position":2,"name":"Antique maps, prints and drawings","item":"https:\/\/inter-antiquariaat.nl\/en\/antique-maps-prints-and-drawings\/"},{"@type":"ListItem","position":3,"name":"Tulips &#8211; Emmanuel Sweert + Daniel Rabel, 1622-1633"}]},{"@type":"WebSite","@id":"https:\/\/inter-antiquariaat.nl\/en\/#website","url":"https:\/\/inter-antiquariaat.nl\/en\/","name":"Inter Antiquariaat","description":"Antique maps, prints and drawings","potentialAction":[{"@type":"SearchAction","target":{"@type":"EntryPoint","urlTemplate":"https:\/\/inter-antiquariaat.nl\/en\/?s={search_term_string}"},"query-input":{"@type":"PropertyValueSpecification","valueRequired":true,"valueName":"search_term_string"}}],"inLanguage":"en-US"}]}},"_links":{"self":[{"href":"https:\/\/inter-antiquariaat.nl\/en\/wp-json\/wp\/v2\/product\/25333","targetHints":{"allow":["GET"]}}],"collection":[{"href":"https:\/\/inter-antiquariaat.nl\/en\/wp-json\/wp\/v2\/product"}],"about":[{"href":"https:\/\/inter-antiquariaat.nl\/en\/wp-json\/wp\/v2\/types\/product"}],"replies":[{"embeddable":true,"href":"https:\/\/inter-antiquariaat.nl\/en\/wp-json\/wp\/v2\/comments?post=25333"}],"wp:featuredmedia":[{"embeddable":true,"href":"https:\/\/inter-antiquariaat.nl\/en\/wp-json\/wp\/v2\/media\/19089"}],"wp:attachment":[{"href":"https:\/\/inter-antiquariaat.nl\/en\/wp-json\/wp\/v2\/media?parent=25333"}],"wp:term":[{"taxonomy":"product_brand","embeddable":true,"href":"https:\/\/inter-antiquariaat.nl\/en\/wp-json\/wp\/v2\/product_brand?post=25333"},{"taxonomy":"product_cat","embeddable":true,"href":"https:\/\/inter-antiquariaat.nl\/en\/wp-json\/wp\/v2\/product_cat?post=25333"},{"taxonomy":"product_tag","embeddable":true,"href":"https:\/\/inter-antiquariaat.nl\/en\/wp-json\/wp\/v2\/product_tag?post=25333"}],"curies":[{"name":"wp","href":"https:\/\/api.w.org\/{rel}","templated":true}]}}