{"id":25830,"date":"2024-05-13T00:00:00","date_gmt":"2024-05-12T22:00:00","guid":{"rendered":"https:\/\/inter-antiquariaat.nl\/dev-en\/antiek\/uncategorized\/elegant-lady-paul-cesar-helleu-c-1900\/"},"modified":"2024-12-02T08:41:14","modified_gmt":"2024-12-02T07:41:14","slug":"elegant-lady-paul-cesar-helleu-c-1900","status":"publish","type":"product","link":"https:\/\/inter-antiquariaat.nl\/en\/antiques\/sold\/elegant-lady-paul-cesar-helleu-c-1900\/","title":{"rendered":"Elegant lady &#8211; Paul C\u00e9sar Helleu, c. 1900"},"content":{"rendered":"<p><strong>Elegant lady<\/strong>, drypoint etching made <strong>approx. 1900<\/strong> by <strong>Paul C\u00e9sar Helleu<\/strong>. Signed in pencil in the lower left. Size: 42,5 x 23 cm.<\/p>\n<p>Mentioning the name Helleu brings to mind the era of the Belle \u00c9poque and its the fashionable society from the end of the 19th century to the First World War.<\/p>\n<p>Paul C\u00e9sar Helleu (1859-1927) initially apprenticed as a ceramic worker and also took drawing lessons. In 1876, after the death of his father, he went to Paris against his mother&#8217;s wishes to study at the <a href=\"https:\/\/en.wikipedia.org\/wiki\/Beaux-Arts_de_Paris\" target=\"_blank\" rel=\"noopener\"><em>\u00c9cole des Beaux-Arts<\/em><\/a>. He entered impressionist circles and met famous artists such as Henri Matisse, Edgar Degas, Robert de Montesquiou, James Jacques Tissot and Giovanni Boldini.<\/p>\n<p>In 1884 Helleu was commissioned to portray the beautiful young aristocratic woman Alice Gu\u00e9rin. Two years later she would become his wife. Alice then introduced him to the highest circles, where he became one of the most popular portrait painters of the Parisian <em>beau monde<\/em>.<\/p>\n<p>Helleu&#8217;s style, characterized by feminine grace and sophistication, was acclaimed for his portraits of elegant women not only in Paris, but also with high society in London and New York. His models included <a href=\"https:\/\/en.wikipedia.org\/wiki\/Consuelo_Vanderbilt\" target=\"_blank\" rel=\"noopener\">Consuelo Vanderbilt<\/a>, <a href=\"https:\/\/en.wikipedia.org\/wiki\/Luisa_Casati\" target=\"_blank\" rel=\"noopener\">Marchesa Casati<\/a>, <a href=\"https:\/\/en.wikipedia.org\/wiki\/Belle_da_Costa_Greene\" target=\"_blank\" rel=\"noopener\">Belle da Costa Greene<\/a>, <a href=\"https:\/\/en.wikipedia.org\/wiki\/Louise_Ch%C3%A9ruit\" target=\"_blank\" rel=\"noopener\">Louise Ch\u00e9ruit<\/a> and <a href=\"https:\/\/en.wikipedia.org\/wiki\/Helena_Rubinstein\" target=\"_blank\" rel=\"noopener\">Helena Rubinstein<\/a> and actress <a href=\"https:\/\/inter-antiquariaat.nl\/en\/antiques\/miscellaneous\/miscellaneous-before-1880\/marguerite-labady-paul-cesar-helleu-1900\/\" target=\"_blank\" rel=\"noopener\">Marguerite Labady<\/a>.<\/p>\n<p>Helleu was a virtuoso in <a href=\"https:\/\/en.wikipedia.org\/wiki\/Drypoint\" target=\"_blank\" rel=\"noopener\">drypoint<\/a> etching, drawing directly on a copper plate with a diamond point. He used the same dynamic and refined freedom as with his pastels.<\/p>\n<p>Price: SOLD<\/p>\n","protected":false},"excerpt":{"rendered":"<p>Elegant lady, drypoint etching made approx. 1900 by Paul C\u00e9sar Helleu. Signed in pencil in the lower left. Size: 42,5 x 23 cm. Mentioning the name Helleu brings to mind the era of the Belle \u00c9poque and its the fashionable society from the end of the 19th century to the First World War. Paul C\u00e9sar [&#8230;]\n","protected":false},"featured_media":24059,"comment_status":"closed","ping_status":"closed","template":"","meta":[],"product_brand":[],"product_cat":[1397],"product_tag":[],"class_list":{"0":"post-25830","1":"product","2":"type-product","3":"status-publish","4":"has-post-thumbnail","6":"artist-helleu-paul-cesar-1859-1927","7":"product_cat-sold","9":"first","10":"instock","11":"shipping-taxable","12":"product-type-simple"},"yoast_head":"<!-- This site is optimized with the Yoast SEO plugin v27.5 - https:\/\/yoast.com\/product\/yoast-seo-wordpress\/ -->\n<title>Paul C\u00e9sar Helleu original drypoint Belle \u00c9poque 1900 antique print<\/title>\n<meta name=\"description\" content=\"Paul C\u00e9sar Helleu original drypoint Belle \u00c9poque 1900 antique print\" \/>\n<meta name=\"robots\" content=\"index, follow, max-snippet:-1, max-image-preview:large, max-video-preview:-1\" \/>\n<link rel=\"canonical\" href=\"https:\/\/inter-antiquariaat.nl\/en\/antiques\/sold\/elegant-lady-paul-cesar-helleu-c-1900\/\" \/>\n<meta property=\"og:locale\" content=\"en_US\" \/>\n<meta property=\"og:type\" content=\"article\" \/>\n<meta property=\"og:title\" content=\"Paul C\u00e9sar Helleu original drypoint Belle \u00c9poque 1900 antique print\" \/>\n<meta property=\"og:description\" content=\"Paul C\u00e9sar Helleu original drypoint Belle \u00c9poque 1900 antique print\" \/>\n<meta property=\"og:url\" content=\"https:\/\/inter-antiquariaat.nl\/en\/antiques\/sold\/elegant-lady-paul-cesar-helleu-c-1900\/\" \/>\n<meta property=\"og:site_name\" content=\"Inter Antiquariaat\" \/>\n<meta property=\"article:modified_time\" content=\"2024-12-02T07:41:14+00:00\" \/>\n<meta property=\"og:image\" content=\"https:\/\/inter-antiquariaat.nl\/en\/wp-content\/uploads\/sites\/5\/elegant-lady-Paul-Cesar-Helleu-c.-1900-1.jpg\" \/>\n\t<meta property=\"og:image:width\" content=\"1600\" \/>\n\t<meta property=\"og:image:height\" content=\"2249\" \/>\n\t<meta property=\"og:image:type\" content=\"image\/jpeg\" \/>\n<meta name=\"twitter:card\" content=\"summary_large_image\" \/>\n<meta name=\"twitter:label1\" content=\"Est. reading time\" \/>\n\t<meta name=\"twitter:data1\" content=\"2 minutes\" \/>\n<script type=\"application\/ld+json\" class=\"yoast-schema-graph\">{\"@context\":\"https:\\\/\\\/schema.org\",\"@graph\":[{\"@type\":\"WebPage\",\"@id\":\"https:\\\/\\\/inter-antiquariaat.nl\\\/en\\\/antiques\\\/sold\\\/elegant-lady-paul-cesar-helleu-c-1900\\\/\",\"url\":\"https:\\\/\\\/inter-antiquariaat.nl\\\/en\\\/antiques\\\/sold\\\/elegant-lady-paul-cesar-helleu-c-1900\\\/\",\"name\":\"Paul C\u00e9sar Helleu original drypoint Belle \u00c9poque 1900 antique print\",\"isPartOf\":{\"@id\":\"https:\\\/\\\/inter-antiquariaat.nl\\\/en\\\/#website\"},\"primaryImageOfPage\":{\"@id\":\"https:\\\/\\\/inter-antiquariaat.nl\\\/en\\\/antiques\\\/sold\\\/elegant-lady-paul-cesar-helleu-c-1900\\\/#primaryimage\"},\"image\":{\"@id\":\"https:\\\/\\\/inter-antiquariaat.nl\\\/en\\\/antiques\\\/sold\\\/elegant-lady-paul-cesar-helleu-c-1900\\\/#primaryimage\"},\"thumbnailUrl\":\"https:\\\/\\\/inter-antiquariaat.nl\\\/en\\\/wp-content\\\/uploads\\\/sites\\\/5\\\/elegant-lady-Paul-Cesar-Helleu-c.-1900-1.jpg\",\"datePublished\":\"2024-05-12T22:00:00+00:00\",\"dateModified\":\"2024-12-02T07:41:14+00:00\",\"description\":\"Paul C\u00e9sar Helleu original drypoint Belle \u00c9poque 1900 antique print\",\"breadcrumb\":{\"@id\":\"https:\\\/\\\/inter-antiquariaat.nl\\\/en\\\/antiques\\\/sold\\\/elegant-lady-paul-cesar-helleu-c-1900\\\/#breadcrumb\"},\"inLanguage\":\"en-US\",\"potentialAction\":[{\"@type\":\"ReadAction\",\"target\":[\"https:\\\/\\\/inter-antiquariaat.nl\\\/en\\\/antiques\\\/sold\\\/elegant-lady-paul-cesar-helleu-c-1900\\\/\"]}]},{\"@type\":\"ImageObject\",\"inLanguage\":\"en-US\",\"@id\":\"https:\\\/\\\/inter-antiquariaat.nl\\\/en\\\/antiques\\\/sold\\\/elegant-lady-paul-cesar-helleu-c-1900\\\/#primaryimage\",\"url\":\"https:\\\/\\\/inter-antiquariaat.nl\\\/en\\\/wp-content\\\/uploads\\\/sites\\\/5\\\/elegant-lady-Paul-Cesar-Helleu-c.-1900-1.jpg\",\"contentUrl\":\"https:\\\/\\\/inter-antiquariaat.nl\\\/en\\\/wp-content\\\/uploads\\\/sites\\\/5\\\/elegant-lady-Paul-Cesar-Helleu-c.-1900-1.jpg\",\"width\":1600,\"height\":2249},{\"@type\":\"BreadcrumbList\",\"@id\":\"https:\\\/\\\/inter-antiquariaat.nl\\\/en\\\/antiques\\\/sold\\\/elegant-lady-paul-cesar-helleu-c-1900\\\/#breadcrumb\",\"itemListElement\":[{\"@type\":\"ListItem\",\"position\":1,\"name\":\"Home\",\"item\":\"https:\\\/\\\/inter-antiquariaat.nl\\\/en\\\/\"},{\"@type\":\"ListItem\",\"position\":2,\"name\":\"Antique maps, prints and drawings\",\"item\":\"https:\\\/\\\/inter-antiquariaat.nl\\\/en\\\/antique-maps-prints-and-drawings\\\/\"},{\"@type\":\"ListItem\",\"position\":3,\"name\":\"Elegant lady &#8211; Paul C\u00e9sar Helleu, c. 1900\"}]},{\"@type\":\"WebSite\",\"@id\":\"https:\\\/\\\/inter-antiquariaat.nl\\\/en\\\/#website\",\"url\":\"https:\\\/\\\/inter-antiquariaat.nl\\\/en\\\/\",\"name\":\"Inter Antiquariaat\",\"description\":\"Antique maps, prints and drawings\",\"potentialAction\":[{\"@type\":\"SearchAction\",\"target\":{\"@type\":\"EntryPoint\",\"urlTemplate\":\"https:\\\/\\\/inter-antiquariaat.nl\\\/en\\\/?s={search_term_string}\"},\"query-input\":{\"@type\":\"PropertyValueSpecification\",\"valueRequired\":true,\"valueName\":\"search_term_string\"}}],\"inLanguage\":\"en-US\"}]}<\/script>\n<!-- \/ Yoast SEO plugin. -->","yoast_head_json":{"title":"Paul C\u00e9sar Helleu original drypoint Belle \u00c9poque 1900 antique print","description":"Paul C\u00e9sar Helleu original drypoint Belle \u00c9poque 1900 antique print","robots":{"index":"index","follow":"follow","max-snippet":"max-snippet:-1","max-image-preview":"max-image-preview:large","max-video-preview":"max-video-preview:-1"},"canonical":"https:\/\/inter-antiquariaat.nl\/en\/antiques\/sold\/elegant-lady-paul-cesar-helleu-c-1900\/","og_locale":"en_US","og_type":"article","og_title":"Paul C\u00e9sar Helleu original drypoint Belle \u00c9poque 1900 antique print","og_description":"Paul C\u00e9sar Helleu original drypoint Belle \u00c9poque 1900 antique print","og_url":"https:\/\/inter-antiquariaat.nl\/en\/antiques\/sold\/elegant-lady-paul-cesar-helleu-c-1900\/","og_site_name":"Inter Antiquariaat","article_modified_time":"2024-12-02T07:41:14+00:00","og_image":[{"width":1600,"height":2249,"url":"https:\/\/inter-antiquariaat.nl\/en\/wp-content\/uploads\/sites\/5\/elegant-lady-Paul-Cesar-Helleu-c.-1900-1.jpg","type":"image\/jpeg"}],"twitter_card":"summary_large_image","twitter_misc":{"Est. reading time":"2 minutes"},"schema":{"@context":"https:\/\/schema.org","@graph":[{"@type":"WebPage","@id":"https:\/\/inter-antiquariaat.nl\/en\/antiques\/sold\/elegant-lady-paul-cesar-helleu-c-1900\/","url":"https:\/\/inter-antiquariaat.nl\/en\/antiques\/sold\/elegant-lady-paul-cesar-helleu-c-1900\/","name":"Paul C\u00e9sar Helleu original drypoint Belle \u00c9poque 1900 antique print","isPartOf":{"@id":"https:\/\/inter-antiquariaat.nl\/en\/#website"},"primaryImageOfPage":{"@id":"https:\/\/inter-antiquariaat.nl\/en\/antiques\/sold\/elegant-lady-paul-cesar-helleu-c-1900\/#primaryimage"},"image":{"@id":"https:\/\/inter-antiquariaat.nl\/en\/antiques\/sold\/elegant-lady-paul-cesar-helleu-c-1900\/#primaryimage"},"thumbnailUrl":"https:\/\/inter-antiquariaat.nl\/en\/wp-content\/uploads\/sites\/5\/elegant-lady-Paul-Cesar-Helleu-c.-1900-1.jpg","datePublished":"2024-05-12T22:00:00+00:00","dateModified":"2024-12-02T07:41:14+00:00","description":"Paul C\u00e9sar Helleu original drypoint Belle \u00c9poque 1900 antique print","breadcrumb":{"@id":"https:\/\/inter-antiquariaat.nl\/en\/antiques\/sold\/elegant-lady-paul-cesar-helleu-c-1900\/#breadcrumb"},"inLanguage":"en-US","potentialAction":[{"@type":"ReadAction","target":["https:\/\/inter-antiquariaat.nl\/en\/antiques\/sold\/elegant-lady-paul-cesar-helleu-c-1900\/"]}]},{"@type":"ImageObject","inLanguage":"en-US","@id":"https:\/\/inter-antiquariaat.nl\/en\/antiques\/sold\/elegant-lady-paul-cesar-helleu-c-1900\/#primaryimage","url":"https:\/\/inter-antiquariaat.nl\/en\/wp-content\/uploads\/sites\/5\/elegant-lady-Paul-Cesar-Helleu-c.-1900-1.jpg","contentUrl":"https:\/\/inter-antiquariaat.nl\/en\/wp-content\/uploads\/sites\/5\/elegant-lady-Paul-Cesar-Helleu-c.-1900-1.jpg","width":1600,"height":2249},{"@type":"BreadcrumbList","@id":"https:\/\/inter-antiquariaat.nl\/en\/antiques\/sold\/elegant-lady-paul-cesar-helleu-c-1900\/#breadcrumb","itemListElement":[{"@type":"ListItem","position":1,"name":"Home","item":"https:\/\/inter-antiquariaat.nl\/en\/"},{"@type":"ListItem","position":2,"name":"Antique maps, prints and drawings","item":"https:\/\/inter-antiquariaat.nl\/en\/antique-maps-prints-and-drawings\/"},{"@type":"ListItem","position":3,"name":"Elegant lady &#8211; Paul C\u00e9sar Helleu, c. 1900"}]},{"@type":"WebSite","@id":"https:\/\/inter-antiquariaat.nl\/en\/#website","url":"https:\/\/inter-antiquariaat.nl\/en\/","name":"Inter Antiquariaat","description":"Antique maps, prints and drawings","potentialAction":[{"@type":"SearchAction","target":{"@type":"EntryPoint","urlTemplate":"https:\/\/inter-antiquariaat.nl\/en\/?s={search_term_string}"},"query-input":{"@type":"PropertyValueSpecification","valueRequired":true,"valueName":"search_term_string"}}],"inLanguage":"en-US"}]}},"_links":{"self":[{"href":"https:\/\/inter-antiquariaat.nl\/en\/wp-json\/wp\/v2\/product\/25830","targetHints":{"allow":["GET"]}}],"collection":[{"href":"https:\/\/inter-antiquariaat.nl\/en\/wp-json\/wp\/v2\/product"}],"about":[{"href":"https:\/\/inter-antiquariaat.nl\/en\/wp-json\/wp\/v2\/types\/product"}],"replies":[{"embeddable":true,"href":"https:\/\/inter-antiquariaat.nl\/en\/wp-json\/wp\/v2\/comments?post=25830"}],"wp:featuredmedia":[{"embeddable":true,"href":"https:\/\/inter-antiquariaat.nl\/en\/wp-json\/wp\/v2\/media\/24059"}],"wp:attachment":[{"href":"https:\/\/inter-antiquariaat.nl\/en\/wp-json\/wp\/v2\/media?parent=25830"}],"wp:term":[{"taxonomy":"product_brand","embeddable":true,"href":"https:\/\/inter-antiquariaat.nl\/en\/wp-json\/wp\/v2\/product_brand?post=25830"},{"taxonomy":"product_cat","embeddable":true,"href":"https:\/\/inter-antiquariaat.nl\/en\/wp-json\/wp\/v2\/product_cat?post=25830"},{"taxonomy":"product_tag","embeddable":true,"href":"https:\/\/inter-antiquariaat.nl\/en\/wp-json\/wp\/v2\/product_tag?post=25830"}],"curies":[{"name":"wp","href":"https:\/\/api.w.org\/{rel}","templated":true}]}}