{"id":26387,"date":"2024-09-23T14:42:35","date_gmt":"2024-09-23T12:42:35","guid":{"rendered":"https:\/\/inter-antiquariaat.nl\/en\/antiek\/niet-gecategoriseerd\/eindenhout-haarlem-1837-1844\/"},"modified":"2024-11-27T21:41:08","modified_gmt":"2024-11-27T20:41:08","slug":"eindenhout-haarlem-1837-1844","status":"publish","type":"product","link":"https:\/\/inter-antiquariaat.nl\/en\/antiques\/sold\/eindenhout-haarlem-1837-1844\/","title":{"rendered":"Buitenplaats Eindenhout (Haarlem) &#8211; Petrus Josephus Lutgers, 1837-1844"},"content":{"rendered":"<p>\u201c<strong>De Hofstede Eijndenhout<\/strong>\u201d, lithografie vervaardigd door <strong><a href=\"https:\/\/www.dbnl.org\/tekst\/molh003nieu07_01\/molh003nieu07_01_0125.php\" target=\"_blank\" rel=\"noopener\">Hilmar Johannes Backer<\/a> <\/strong>naar een tekening van <a href=\"https:\/\/nl.wikipedia.org\/wiki\/Petrus_Josephus_Lutgers\" target=\"_blank\" rel=\"noopener\"><strong>Petrus Josephus Lutgers<\/strong><\/a>. Uitgegeven in <strong>1837-1844<\/strong> als deel van \u201c<em>Gezigten in de omstreken van Haarlem<\/em>\u201d. Later met de hand gekleurd. Afm. (incl. tekst) 19 x 23,5 cm.<\/p>\n<p>Eindenhout werd neergezet door de meestertimmerman en architect <a href=\"https:\/\/nl.wikipedia.org\/wiki\/Pierre_Esaie_Duyven%C3%A9\" target=\"_blank\" rel=\"noopener\">Pierre Esaie Duyven\u00e9<\/a> (1760-1801). Een huis in <a href=\"https:\/\/nl.wikipedia.org\/wiki\/Neoclassicistische_architectuur\" target=\"_blank\" rel=\"noopener\">neo-classicistische<\/a> stijl ge\u00efnspireerd op paviljoen Welgelegen uit 1789 (het tegenwoordige Provinciehuis). Eindenhout is uit gemetselde steen opgetrokken en bekleed met grenenhouten planken die natuursteen-werk moeten verbeelden. Het gebruik van de vier vrijstaande Corinthische zuilen onder het fronton was een nieuwigheid. De zuilen zijn van baksteen met stuc bekleed.<\/p>\n<p>Ter verfraaiing van het huis bestelde eigenaar Jacob Temminck in 1802 twee marmeren sfinxen in Itali\u00eb. Hij plaatst deze aan weerszijden v\u00f3\u00f3r het huis. Volgens de overlevering overleefde \u00e9\u00e9n beeld de reis niet, waarna deze werd nagemaakt in een Hollands atelier. Aan deze sfinxen heeft het huis zijn naam \u2018Het huis met de beelden\u2019 te danken.<\/p>\n<p>Sinds 1972 is het huis in appartementen verdeeld.<\/p>\n<p>Prijs: SOLD<\/p>\n","protected":false},"excerpt":{"rendered":"<p>\u201cDe Hofstede Eijndenhout\u201d, lithografie vervaardigd door Hilmar Johannes Backer naar een tekening van Petrus Josephus Lutgers. Uitgegeven in 1837-1844 als deel van \u201cGezigten in de omstreken van Haarlem\u201d. Later met de hand gekleurd. Afm. (incl. tekst) 19 x 23,5 cm. Eindenhout werd neergezet door de meestertimmerman en architect Pierre Esaie Duyven\u00e9 (1760-1801). Een huis in [&#8230;]\n","protected":false},"featured_media":26388,"comment_status":"closed","ping_status":"closed","template":"","meta":[],"product_brand":[],"product_cat":[1397],"product_tag":[],"class_list":{"0":"post-26387","1":"product","2":"type-product","3":"status-publish","4":"has-post-thumbnail","6":"artist-lutgers-petrus-josephus","7":"product_cat-sold","9":"first","10":"instock","11":"shipping-taxable","12":"product-type-simple"},"yoast_head":"<!-- This site is optimized with the Yoast SEO plugin v27.5 - https:\/\/yoast.com\/product\/yoast-seo-wordpress\/ -->\n<title>Eindenhout Haarlem old original lithograph 18th century villa<\/title>\n<meta name=\"description\" content=\"Eindenhout Haarlem old original lithograph 18th century villa\" \/>\n<meta name=\"robots\" content=\"index, follow, max-snippet:-1, max-image-preview:large, max-video-preview:-1\" \/>\n<link rel=\"canonical\" href=\"https:\/\/inter-antiquariaat.nl\/en\/antiques\/sold\/eindenhout-haarlem-1837-1844\/\" \/>\n<meta property=\"og:locale\" content=\"en_US\" \/>\n<meta property=\"og:type\" content=\"article\" \/>\n<meta property=\"og:title\" content=\"Eindenhout Haarlem old original lithograph 18th century villa\" \/>\n<meta property=\"og:description\" content=\"Eindenhout Haarlem old original lithograph 18th century villa\" \/>\n<meta property=\"og:url\" content=\"https:\/\/inter-antiquariaat.nl\/en\/antiques\/sold\/eindenhout-haarlem-1837-1844\/\" \/>\n<meta property=\"og:site_name\" content=\"Inter Antiquariaat\" \/>\n<meta property=\"article:modified_time\" content=\"2024-11-27T20:41:08+00:00\" \/>\n<meta property=\"og:image\" content=\"https:\/\/inter-antiquariaat.nl\/en\/wp-content\/uploads\/sites\/5\/Eindenhout-Haarlem-P.J.-Lutgers-1837-1844.jpg\" \/>\n\t<meta property=\"og:image:width\" content=\"1600\" \/>\n\t<meta property=\"og:image:height\" content=\"1233\" \/>\n\t<meta property=\"og:image:type\" content=\"image\/jpeg\" \/>\n<meta name=\"twitter:card\" content=\"summary_large_image\" \/>\n<meta name=\"twitter:label1\" content=\"Est. reading time\" \/>\n\t<meta name=\"twitter:data1\" content=\"1 minute\" \/>\n<script type=\"application\/ld+json\" class=\"yoast-schema-graph\">{\"@context\":\"https:\\\/\\\/schema.org\",\"@graph\":[{\"@type\":\"WebPage\",\"@id\":\"https:\\\/\\\/inter-antiquariaat.nl\\\/en\\\/antiques\\\/sold\\\/eindenhout-haarlem-1837-1844\\\/\",\"url\":\"https:\\\/\\\/inter-antiquariaat.nl\\\/en\\\/antiques\\\/sold\\\/eindenhout-haarlem-1837-1844\\\/\",\"name\":\"Eindenhout Haarlem old original lithograph 18th century villa\",\"isPartOf\":{\"@id\":\"https:\\\/\\\/inter-antiquariaat.nl\\\/en\\\/#website\"},\"primaryImageOfPage\":{\"@id\":\"https:\\\/\\\/inter-antiquariaat.nl\\\/en\\\/antiques\\\/sold\\\/eindenhout-haarlem-1837-1844\\\/#primaryimage\"},\"image\":{\"@id\":\"https:\\\/\\\/inter-antiquariaat.nl\\\/en\\\/antiques\\\/sold\\\/eindenhout-haarlem-1837-1844\\\/#primaryimage\"},\"thumbnailUrl\":\"https:\\\/\\\/inter-antiquariaat.nl\\\/en\\\/wp-content\\\/uploads\\\/sites\\\/5\\\/Eindenhout-Haarlem-P.J.-Lutgers-1837-1844.jpg\",\"datePublished\":\"2024-09-23T12:42:35+00:00\",\"dateModified\":\"2024-11-27T20:41:08+00:00\",\"description\":\"Eindenhout Haarlem old original lithograph 18th century villa\",\"breadcrumb\":{\"@id\":\"https:\\\/\\\/inter-antiquariaat.nl\\\/en\\\/antiques\\\/sold\\\/eindenhout-haarlem-1837-1844\\\/#breadcrumb\"},\"inLanguage\":\"en-US\",\"potentialAction\":[{\"@type\":\"ReadAction\",\"target\":[\"https:\\\/\\\/inter-antiquariaat.nl\\\/en\\\/antiques\\\/sold\\\/eindenhout-haarlem-1837-1844\\\/\"]}]},{\"@type\":\"ImageObject\",\"inLanguage\":\"en-US\",\"@id\":\"https:\\\/\\\/inter-antiquariaat.nl\\\/en\\\/antiques\\\/sold\\\/eindenhout-haarlem-1837-1844\\\/#primaryimage\",\"url\":\"https:\\\/\\\/inter-antiquariaat.nl\\\/en\\\/wp-content\\\/uploads\\\/sites\\\/5\\\/Eindenhout-Haarlem-P.J.-Lutgers-1837-1844.jpg\",\"contentUrl\":\"https:\\\/\\\/inter-antiquariaat.nl\\\/en\\\/wp-content\\\/uploads\\\/sites\\\/5\\\/Eindenhout-Haarlem-P.J.-Lutgers-1837-1844.jpg\",\"width\":1600,\"height\":1233},{\"@type\":\"BreadcrumbList\",\"@id\":\"https:\\\/\\\/inter-antiquariaat.nl\\\/en\\\/antiques\\\/sold\\\/eindenhout-haarlem-1837-1844\\\/#breadcrumb\",\"itemListElement\":[{\"@type\":\"ListItem\",\"position\":1,\"name\":\"Home\",\"item\":\"https:\\\/\\\/inter-antiquariaat.nl\\\/en\\\/\"},{\"@type\":\"ListItem\",\"position\":2,\"name\":\"Antique maps, prints and drawings\",\"item\":\"https:\\\/\\\/inter-antiquariaat.nl\\\/en\\\/antique-maps-prints-and-drawings\\\/\"},{\"@type\":\"ListItem\",\"position\":3,\"name\":\"Buitenplaats Eindenhout (Haarlem) &#8211; Petrus Josephus Lutgers, 1837-1844\"}]},{\"@type\":\"WebSite\",\"@id\":\"https:\\\/\\\/inter-antiquariaat.nl\\\/en\\\/#website\",\"url\":\"https:\\\/\\\/inter-antiquariaat.nl\\\/en\\\/\",\"name\":\"Inter Antiquariaat\",\"description\":\"Antique maps, prints and drawings\",\"potentialAction\":[{\"@type\":\"SearchAction\",\"target\":{\"@type\":\"EntryPoint\",\"urlTemplate\":\"https:\\\/\\\/inter-antiquariaat.nl\\\/en\\\/?s={search_term_string}\"},\"query-input\":{\"@type\":\"PropertyValueSpecification\",\"valueRequired\":true,\"valueName\":\"search_term_string\"}}],\"inLanguage\":\"en-US\"}]}<\/script>\n<!-- \/ Yoast SEO plugin. -->","yoast_head_json":{"title":"Eindenhout Haarlem old original lithograph 18th century villa","description":"Eindenhout Haarlem old original lithograph 18th century villa","robots":{"index":"index","follow":"follow","max-snippet":"max-snippet:-1","max-image-preview":"max-image-preview:large","max-video-preview":"max-video-preview:-1"},"canonical":"https:\/\/inter-antiquariaat.nl\/en\/antiques\/sold\/eindenhout-haarlem-1837-1844\/","og_locale":"en_US","og_type":"article","og_title":"Eindenhout Haarlem old original lithograph 18th century villa","og_description":"Eindenhout Haarlem old original lithograph 18th century villa","og_url":"https:\/\/inter-antiquariaat.nl\/en\/antiques\/sold\/eindenhout-haarlem-1837-1844\/","og_site_name":"Inter Antiquariaat","article_modified_time":"2024-11-27T20:41:08+00:00","og_image":[{"width":1600,"height":1233,"url":"https:\/\/inter-antiquariaat.nl\/en\/wp-content\/uploads\/sites\/5\/Eindenhout-Haarlem-P.J.-Lutgers-1837-1844.jpg","type":"image\/jpeg"}],"twitter_card":"summary_large_image","twitter_misc":{"Est. reading time":"1 minute"},"schema":{"@context":"https:\/\/schema.org","@graph":[{"@type":"WebPage","@id":"https:\/\/inter-antiquariaat.nl\/en\/antiques\/sold\/eindenhout-haarlem-1837-1844\/","url":"https:\/\/inter-antiquariaat.nl\/en\/antiques\/sold\/eindenhout-haarlem-1837-1844\/","name":"Eindenhout Haarlem old original lithograph 18th century villa","isPartOf":{"@id":"https:\/\/inter-antiquariaat.nl\/en\/#website"},"primaryImageOfPage":{"@id":"https:\/\/inter-antiquariaat.nl\/en\/antiques\/sold\/eindenhout-haarlem-1837-1844\/#primaryimage"},"image":{"@id":"https:\/\/inter-antiquariaat.nl\/en\/antiques\/sold\/eindenhout-haarlem-1837-1844\/#primaryimage"},"thumbnailUrl":"https:\/\/inter-antiquariaat.nl\/en\/wp-content\/uploads\/sites\/5\/Eindenhout-Haarlem-P.J.-Lutgers-1837-1844.jpg","datePublished":"2024-09-23T12:42:35+00:00","dateModified":"2024-11-27T20:41:08+00:00","description":"Eindenhout Haarlem old original lithograph 18th century villa","breadcrumb":{"@id":"https:\/\/inter-antiquariaat.nl\/en\/antiques\/sold\/eindenhout-haarlem-1837-1844\/#breadcrumb"},"inLanguage":"en-US","potentialAction":[{"@type":"ReadAction","target":["https:\/\/inter-antiquariaat.nl\/en\/antiques\/sold\/eindenhout-haarlem-1837-1844\/"]}]},{"@type":"ImageObject","inLanguage":"en-US","@id":"https:\/\/inter-antiquariaat.nl\/en\/antiques\/sold\/eindenhout-haarlem-1837-1844\/#primaryimage","url":"https:\/\/inter-antiquariaat.nl\/en\/wp-content\/uploads\/sites\/5\/Eindenhout-Haarlem-P.J.-Lutgers-1837-1844.jpg","contentUrl":"https:\/\/inter-antiquariaat.nl\/en\/wp-content\/uploads\/sites\/5\/Eindenhout-Haarlem-P.J.-Lutgers-1837-1844.jpg","width":1600,"height":1233},{"@type":"BreadcrumbList","@id":"https:\/\/inter-antiquariaat.nl\/en\/antiques\/sold\/eindenhout-haarlem-1837-1844\/#breadcrumb","itemListElement":[{"@type":"ListItem","position":1,"name":"Home","item":"https:\/\/inter-antiquariaat.nl\/en\/"},{"@type":"ListItem","position":2,"name":"Antique maps, prints and drawings","item":"https:\/\/inter-antiquariaat.nl\/en\/antique-maps-prints-and-drawings\/"},{"@type":"ListItem","position":3,"name":"Buitenplaats Eindenhout (Haarlem) &#8211; Petrus Josephus Lutgers, 1837-1844"}]},{"@type":"WebSite","@id":"https:\/\/inter-antiquariaat.nl\/en\/#website","url":"https:\/\/inter-antiquariaat.nl\/en\/","name":"Inter Antiquariaat","description":"Antique maps, prints and drawings","potentialAction":[{"@type":"SearchAction","target":{"@type":"EntryPoint","urlTemplate":"https:\/\/inter-antiquariaat.nl\/en\/?s={search_term_string}"},"query-input":{"@type":"PropertyValueSpecification","valueRequired":true,"valueName":"search_term_string"}}],"inLanguage":"en-US"}]}},"_links":{"self":[{"href":"https:\/\/inter-antiquariaat.nl\/en\/wp-json\/wp\/v2\/product\/26387","targetHints":{"allow":["GET"]}}],"collection":[{"href":"https:\/\/inter-antiquariaat.nl\/en\/wp-json\/wp\/v2\/product"}],"about":[{"href":"https:\/\/inter-antiquariaat.nl\/en\/wp-json\/wp\/v2\/types\/product"}],"replies":[{"embeddable":true,"href":"https:\/\/inter-antiquariaat.nl\/en\/wp-json\/wp\/v2\/comments?post=26387"}],"wp:featuredmedia":[{"embeddable":true,"href":"https:\/\/inter-antiquariaat.nl\/en\/wp-json\/wp\/v2\/media\/26388"}],"wp:attachment":[{"href":"https:\/\/inter-antiquariaat.nl\/en\/wp-json\/wp\/v2\/media?parent=26387"}],"wp:term":[{"taxonomy":"product_brand","embeddable":true,"href":"https:\/\/inter-antiquariaat.nl\/en\/wp-json\/wp\/v2\/product_brand?post=26387"},{"taxonomy":"product_cat","embeddable":true,"href":"https:\/\/inter-antiquariaat.nl\/en\/wp-json\/wp\/v2\/product_cat?post=26387"},{"taxonomy":"product_tag","embeddable":true,"href":"https:\/\/inter-antiquariaat.nl\/en\/wp-json\/wp\/v2\/product_tag?post=26387"}],"curies":[{"name":"wp","href":"https:\/\/api.w.org\/{rel}","templated":true}]}}