{"id":26406,"date":"2024-09-26T12:10:01","date_gmt":"2024-09-26T10:10:01","guid":{"rendered":"https:\/\/inter-antiquariaat.nl\/en\/antiek\/niet-gecategoriseerd\/argentinie-uruguay-brazilie-van-keulen-1683\/"},"modified":"2024-10-24T16:04:31","modified_gmt":"2024-10-24T14:04:31","slug":"argentinie-uruguay-brazilie-van-keulen-1683","status":"publish","type":"product","link":"https:\/\/inter-antiquariaat.nl\/en\/antiques\/sold\/argentinie-uruguay-brazilie-van-keulen-1683\/","title":{"rendered":"Argentina, Uruguay, Brazil &#8211; Johannes van Keulen, 1683"},"content":{"rendered":"<p>\u201c<strong><em>Pas-kaart van de zee-kusten van, Brazilia, tusschen I.S. Catharina, en C.S. Anthonio,<\/em><\/strong>\u201d copper engraving made by <strong>Jan Luyken<\/strong> after the design by <strong>Claes Jansz. <\/strong><strong>Voogt<\/strong> for his sea atlas \u201c<em>De Nieuwe Groote Lichtende Zee-Fakkel<\/em>,\u201d published by <strong>Johannes van Keulen<\/strong> in Amsterdam after <strong>1683<\/strong>. With original hand colouring. Size: 51.8 x 59.5 cm.<\/p>\n<p>On this navigational chart, we see the mouth of the La Plata River, extending northward along the coasts of present-day Argentina, through Uruguay to Santa Catarina Island in Brazil.<\/p>\n<p>A putto in the lower left holds a large reed to indicate the beginning of the inset map of the approach to Buenos Aires (&#8220;<em>Boinos Airos<\/em>&#8220;), placed above a scale of miles. The title cartouche is adorned with an exciting scene in which a jaguar is about to kill a monkey, while a cockatoo prepares to fly away, and a native looks on, his machete ready.<\/p>\n<p>Dutch privateers in the 17th century attempted to gain access to valuable trade goods such as silver, sugar, and other resources exported by the Spanish and Portuguese from South America. The Dutch West India Company (WIC) launched attacks on Spanish and Portuguese ships and regularly tried to gain access to South American markets, including those of the R\u00edo de la Plata.<\/p>\n<p>Although the Dutch failed to maintain long-term control over the R\u00edo de la Plata, they became notorious in the region. By the end of the 17th century, however, their influence in South America had declined, especially after the loss of Dutch Brazil in 1654, though their economic activities and rivalry with Spain continued to play a role.<\/p>\n<p>In 1678 Johannes van Keulen (1654-1715) established himself in Amsterdam and in 1680 he obtained a patent from the States of Holland and West Friesland allowing him to print and publish maritime atlases and shipping guides. These were books of maps and descriptions of itineraries, used by helmsmen for safe navigation. The patent was a kind of protection against illegal copying of produced books and charts. This was especially important for the atlases which were made with extensive initial costs. Van Keulen named his firm \u2018<em>In de Gekroonde Lootsman<\/em>\u2019 (In the Crowned Pilot). Soon Van Keulen struck a deal with cartographer Claes Jansz. Vooght.<\/p>\n<p>From 1681 onwards the \u201c<em>Nieuwe <\/em><em>Groote <\/em><em>Lichtende Zee-Fakkel<\/em>\u201d appeared, a five-volume atlas for which Vooght compiled the maps and which was illustrated by Jan Luyken. The five volume <em>Zee-Fakkel<\/em> made Johannes van Keulen famous. The <em>Zee-Fakkel<\/em> was published in 5 volumes between 1681 and 1684 containing over 130 new charts.<\/p>\n<p><em>Literature: <a href=\"http:\/\/library.rijksmuseum.nl\/cgi-bin\/koha\/opac-detail.pl?biblionumber=12795\" target=\"_blank\" rel=\"noopener\">Atlantes neerlandici : bibliography of terrestrial maritime and celestial atlases and pilot books, published in the Netherlands up to 1880<\/a><\/em><em>, dl. 4, p. 356, cat.no. [156]<\/em><\/p>\n<p>Price: SOLD<\/p>\n","protected":false},"excerpt":{"rendered":"<p>\u201cPas-kaart van de zee-kusten van, Brazilia, tusschen I.S. Catharina, en C.S. Anthonio,\u201d copper engraving made by Jan Luyken after the design by Claes Jansz. Voogt for his sea atlas \u201cDe Nieuwe Groote Lichtende Zee-Fakkel,\u201d published by Johannes van Keulen in Amsterdam after 1683. With original hand colouring. Size: 51.8 x 59.5 cm. On this navigational [&#8230;]\n","protected":false},"featured_media":26408,"comment_status":"closed","ping_status":"closed","template":"","meta":[],"product_brand":[],"product_cat":[1397],"product_tag":[],"class_list":{"0":"post-26406","1":"product","2":"type-product","3":"status-publish","4":"has-post-thumbnail","6":"artist-keulen-johannes-van","7":"artist-luyken-jan-1649-1712","8":"product_cat-sold","10":"first","11":"instock","12":"shipping-taxable","13":"product-type-simple"},"yoast_head":"<!-- This site is optimized with the Yoast SEO plugin v27.5-RC1 - https:\/\/yoast.com\/product\/yoast-seo-wordpress\/ -->\n<title>paskaart WIC Zuid Amerika Argentini\u00eb Brazili\u00eb 17e-eeuw gravure<\/title>\n<meta name=\"description\" content=\"oude paskaart WIC Zuid Amerika Rio de la Plata Argentini\u00eb Uruguay Brazili\u00eb 17e-eeuw originele antieke gravure\" \/>\n<meta name=\"robots\" content=\"index, follow, max-snippet:-1, max-image-preview:large, max-video-preview:-1\" \/>\n<link rel=\"canonical\" href=\"https:\/\/inter-antiquariaat.nl\/en\/antiques\/sold\/argentinie-uruguay-brazilie-van-keulen-1683\/\" \/>\n<meta property=\"og:locale\" content=\"en_US\" \/>\n<meta property=\"og:type\" content=\"article\" \/>\n<meta property=\"og:title\" content=\"paskaart WIC Zuid Amerika Argentini\u00eb Brazili\u00eb 17e-eeuw gravure\" \/>\n<meta property=\"og:description\" content=\"oude paskaart WIC Zuid Amerika Rio de la Plata Argentini\u00eb Uruguay Brazili\u00eb 17e-eeuw originele antieke gravure\" \/>\n<meta property=\"og:url\" content=\"https:\/\/inter-antiquariaat.nl\/en\/antiques\/sold\/argentinie-uruguay-brazilie-van-keulen-1683\/\" \/>\n<meta property=\"og:site_name\" content=\"Inter Antiquariaat\" \/>\n<meta property=\"article:modified_time\" content=\"2024-10-24T14:04:31+00:00\" \/>\n<meta property=\"og:image\" content=\"https:\/\/inter-antiquariaat.nl\/en\/wp-content\/uploads\/sites\/5\/South-America-Rio-de-la-Plata-Brazil-Johannes-van-Keulen-1683.jpg\" \/>\n\t<meta property=\"og:image:width\" content=\"1600\" \/>\n\t<meta property=\"og:image:height\" content=\"1393\" \/>\n\t<meta property=\"og:image:type\" content=\"image\/jpeg\" \/>\n<meta name=\"twitter:card\" content=\"summary_large_image\" \/>\n<meta name=\"twitter:label1\" content=\"Est. reading time\" \/>\n\t<meta name=\"twitter:data1\" content=\"3 minutes\" \/>\n<script type=\"application\/ld+json\" class=\"yoast-schema-graph\">{\"@context\":\"https:\\\/\\\/schema.org\",\"@graph\":[{\"@type\":\"WebPage\",\"@id\":\"https:\\\/\\\/inter-antiquariaat.nl\\\/en\\\/antiques\\\/sold\\\/argentinie-uruguay-brazilie-van-keulen-1683\\\/\",\"url\":\"https:\\\/\\\/inter-antiquariaat.nl\\\/en\\\/antiques\\\/sold\\\/argentinie-uruguay-brazilie-van-keulen-1683\\\/\",\"name\":\"paskaart WIC Zuid Amerika Argentini\u00eb Brazili\u00eb 17e-eeuw gravure\",\"isPartOf\":{\"@id\":\"https:\\\/\\\/inter-antiquariaat.nl\\\/en\\\/#website\"},\"primaryImageOfPage\":{\"@id\":\"https:\\\/\\\/inter-antiquariaat.nl\\\/en\\\/antiques\\\/sold\\\/argentinie-uruguay-brazilie-van-keulen-1683\\\/#primaryimage\"},\"image\":{\"@id\":\"https:\\\/\\\/inter-antiquariaat.nl\\\/en\\\/antiques\\\/sold\\\/argentinie-uruguay-brazilie-van-keulen-1683\\\/#primaryimage\"},\"thumbnailUrl\":\"https:\\\/\\\/inter-antiquariaat.nl\\\/en\\\/wp-content\\\/uploads\\\/sites\\\/5\\\/South-America-Rio-de-la-Plata-Brazil-Johannes-van-Keulen-1683.jpg\",\"datePublished\":\"2024-09-26T10:10:01+00:00\",\"dateModified\":\"2024-10-24T14:04:31+00:00\",\"description\":\"oude paskaart WIC Zuid Amerika Rio de la Plata Argentini\u00eb Uruguay Brazili\u00eb 17e-eeuw originele antieke gravure\",\"breadcrumb\":{\"@id\":\"https:\\\/\\\/inter-antiquariaat.nl\\\/en\\\/antiques\\\/sold\\\/argentinie-uruguay-brazilie-van-keulen-1683\\\/#breadcrumb\"},\"inLanguage\":\"en-US\",\"potentialAction\":[{\"@type\":\"ReadAction\",\"target\":[\"https:\\\/\\\/inter-antiquariaat.nl\\\/en\\\/antiques\\\/sold\\\/argentinie-uruguay-brazilie-van-keulen-1683\\\/\"]}]},{\"@type\":\"ImageObject\",\"inLanguage\":\"en-US\",\"@id\":\"https:\\\/\\\/inter-antiquariaat.nl\\\/en\\\/antiques\\\/sold\\\/argentinie-uruguay-brazilie-van-keulen-1683\\\/#primaryimage\",\"url\":\"https:\\\/\\\/inter-antiquariaat.nl\\\/en\\\/wp-content\\\/uploads\\\/sites\\\/5\\\/South-America-Rio-de-la-Plata-Brazil-Johannes-van-Keulen-1683.jpg\",\"contentUrl\":\"https:\\\/\\\/inter-antiquariaat.nl\\\/en\\\/wp-content\\\/uploads\\\/sites\\\/5\\\/South-America-Rio-de-la-Plata-Brazil-Johannes-van-Keulen-1683.jpg\",\"width\":1600,\"height\":1393},{\"@type\":\"BreadcrumbList\",\"@id\":\"https:\\\/\\\/inter-antiquariaat.nl\\\/en\\\/antiques\\\/sold\\\/argentinie-uruguay-brazilie-van-keulen-1683\\\/#breadcrumb\",\"itemListElement\":[{\"@type\":\"ListItem\",\"position\":1,\"name\":\"Home\",\"item\":\"https:\\\/\\\/inter-antiquariaat.nl\\\/en\\\/\"},{\"@type\":\"ListItem\",\"position\":2,\"name\":\"Antique maps, prints and drawings\",\"item\":\"https:\\\/\\\/inter-antiquariaat.nl\\\/en\\\/antique-maps-prints-and-drawings\\\/\"},{\"@type\":\"ListItem\",\"position\":3,\"name\":\"Argentina, Uruguay, Brazil &#8211; Johannes van Keulen, 1683\"}]},{\"@type\":\"WebSite\",\"@id\":\"https:\\\/\\\/inter-antiquariaat.nl\\\/en\\\/#website\",\"url\":\"https:\\\/\\\/inter-antiquariaat.nl\\\/en\\\/\",\"name\":\"Inter Antiquariaat\",\"description\":\"Antique maps, prints and drawings\",\"potentialAction\":[{\"@type\":\"SearchAction\",\"target\":{\"@type\":\"EntryPoint\",\"urlTemplate\":\"https:\\\/\\\/inter-antiquariaat.nl\\\/en\\\/?s={search_term_string}\"},\"query-input\":{\"@type\":\"PropertyValueSpecification\",\"valueRequired\":true,\"valueName\":\"search_term_string\"}}],\"inLanguage\":\"en-US\"}]}<\/script>\n<!-- \/ Yoast SEO plugin. -->","yoast_head_json":{"title":"paskaart WIC Zuid Amerika Argentini\u00eb Brazili\u00eb 17e-eeuw gravure","description":"oude paskaart WIC Zuid Amerika Rio de la Plata Argentini\u00eb Uruguay Brazili\u00eb 17e-eeuw originele antieke gravure","robots":{"index":"index","follow":"follow","max-snippet":"max-snippet:-1","max-image-preview":"max-image-preview:large","max-video-preview":"max-video-preview:-1"},"canonical":"https:\/\/inter-antiquariaat.nl\/en\/antiques\/sold\/argentinie-uruguay-brazilie-van-keulen-1683\/","og_locale":"en_US","og_type":"article","og_title":"paskaart WIC Zuid Amerika Argentini\u00eb Brazili\u00eb 17e-eeuw gravure","og_description":"oude paskaart WIC Zuid Amerika Rio de la Plata Argentini\u00eb Uruguay Brazili\u00eb 17e-eeuw originele antieke gravure","og_url":"https:\/\/inter-antiquariaat.nl\/en\/antiques\/sold\/argentinie-uruguay-brazilie-van-keulen-1683\/","og_site_name":"Inter Antiquariaat","article_modified_time":"2024-10-24T14:04:31+00:00","og_image":[{"width":1600,"height":1393,"url":"https:\/\/inter-antiquariaat.nl\/en\/wp-content\/uploads\/sites\/5\/South-America-Rio-de-la-Plata-Brazil-Johannes-van-Keulen-1683.jpg","type":"image\/jpeg"}],"twitter_card":"summary_large_image","twitter_misc":{"Est. reading time":"3 minutes"},"schema":{"@context":"https:\/\/schema.org","@graph":[{"@type":"WebPage","@id":"https:\/\/inter-antiquariaat.nl\/en\/antiques\/sold\/argentinie-uruguay-brazilie-van-keulen-1683\/","url":"https:\/\/inter-antiquariaat.nl\/en\/antiques\/sold\/argentinie-uruguay-brazilie-van-keulen-1683\/","name":"paskaart WIC Zuid Amerika Argentini\u00eb Brazili\u00eb 17e-eeuw gravure","isPartOf":{"@id":"https:\/\/inter-antiquariaat.nl\/en\/#website"},"primaryImageOfPage":{"@id":"https:\/\/inter-antiquariaat.nl\/en\/antiques\/sold\/argentinie-uruguay-brazilie-van-keulen-1683\/#primaryimage"},"image":{"@id":"https:\/\/inter-antiquariaat.nl\/en\/antiques\/sold\/argentinie-uruguay-brazilie-van-keulen-1683\/#primaryimage"},"thumbnailUrl":"https:\/\/inter-antiquariaat.nl\/en\/wp-content\/uploads\/sites\/5\/South-America-Rio-de-la-Plata-Brazil-Johannes-van-Keulen-1683.jpg","datePublished":"2024-09-26T10:10:01+00:00","dateModified":"2024-10-24T14:04:31+00:00","description":"oude paskaart WIC Zuid Amerika Rio de la Plata Argentini\u00eb Uruguay Brazili\u00eb 17e-eeuw originele antieke gravure","breadcrumb":{"@id":"https:\/\/inter-antiquariaat.nl\/en\/antiques\/sold\/argentinie-uruguay-brazilie-van-keulen-1683\/#breadcrumb"},"inLanguage":"en-US","potentialAction":[{"@type":"ReadAction","target":["https:\/\/inter-antiquariaat.nl\/en\/antiques\/sold\/argentinie-uruguay-brazilie-van-keulen-1683\/"]}]},{"@type":"ImageObject","inLanguage":"en-US","@id":"https:\/\/inter-antiquariaat.nl\/en\/antiques\/sold\/argentinie-uruguay-brazilie-van-keulen-1683\/#primaryimage","url":"https:\/\/inter-antiquariaat.nl\/en\/wp-content\/uploads\/sites\/5\/South-America-Rio-de-la-Plata-Brazil-Johannes-van-Keulen-1683.jpg","contentUrl":"https:\/\/inter-antiquariaat.nl\/en\/wp-content\/uploads\/sites\/5\/South-America-Rio-de-la-Plata-Brazil-Johannes-van-Keulen-1683.jpg","width":1600,"height":1393},{"@type":"BreadcrumbList","@id":"https:\/\/inter-antiquariaat.nl\/en\/antiques\/sold\/argentinie-uruguay-brazilie-van-keulen-1683\/#breadcrumb","itemListElement":[{"@type":"ListItem","position":1,"name":"Home","item":"https:\/\/inter-antiquariaat.nl\/en\/"},{"@type":"ListItem","position":2,"name":"Antique maps, prints and drawings","item":"https:\/\/inter-antiquariaat.nl\/en\/antique-maps-prints-and-drawings\/"},{"@type":"ListItem","position":3,"name":"Argentina, Uruguay, Brazil &#8211; Johannes van Keulen, 1683"}]},{"@type":"WebSite","@id":"https:\/\/inter-antiquariaat.nl\/en\/#website","url":"https:\/\/inter-antiquariaat.nl\/en\/","name":"Inter Antiquariaat","description":"Antique maps, prints and drawings","potentialAction":[{"@type":"SearchAction","target":{"@type":"EntryPoint","urlTemplate":"https:\/\/inter-antiquariaat.nl\/en\/?s={search_term_string}"},"query-input":{"@type":"PropertyValueSpecification","valueRequired":true,"valueName":"search_term_string"}}],"inLanguage":"en-US"}]}},"_links":{"self":[{"href":"https:\/\/inter-antiquariaat.nl\/en\/wp-json\/wp\/v2\/product\/26406","targetHints":{"allow":["GET"]}}],"collection":[{"href":"https:\/\/inter-antiquariaat.nl\/en\/wp-json\/wp\/v2\/product"}],"about":[{"href":"https:\/\/inter-antiquariaat.nl\/en\/wp-json\/wp\/v2\/types\/product"}],"replies":[{"embeddable":true,"href":"https:\/\/inter-antiquariaat.nl\/en\/wp-json\/wp\/v2\/comments?post=26406"}],"wp:featuredmedia":[{"embeddable":true,"href":"https:\/\/inter-antiquariaat.nl\/en\/wp-json\/wp\/v2\/media\/26408"}],"wp:attachment":[{"href":"https:\/\/inter-antiquariaat.nl\/en\/wp-json\/wp\/v2\/media?parent=26406"}],"wp:term":[{"taxonomy":"product_brand","embeddable":true,"href":"https:\/\/inter-antiquariaat.nl\/en\/wp-json\/wp\/v2\/product_brand?post=26406"},{"taxonomy":"product_cat","embeddable":true,"href":"https:\/\/inter-antiquariaat.nl\/en\/wp-json\/wp\/v2\/product_cat?post=26406"},{"taxonomy":"product_tag","embeddable":true,"href":"https:\/\/inter-antiquariaat.nl\/en\/wp-json\/wp\/v2\/product_tag?post=26406"}],"curies":[{"name":"wp","href":"https:\/\/api.w.org\/{rel}","templated":true}]}}