{"id":27652,"date":"2025-08-24T18:09:14","date_gmt":"2025-08-24T16:09:14","guid":{"rendered":"https:\/\/inter-antiquariaat.nl\/en\/antiek\/niet-gecategoriseerd\/ameland-schiermonnikoog-vandermaelen-1830\/"},"modified":"2025-10-27T14:11:51","modified_gmt":"2025-10-27T13:11:51","slug":"ameland-schiermonnikoog-1830","status":"publish","type":"product","link":"https:\/\/inter-antiquariaat.nl\/en\/antiques\/sold\/ameland-schiermonnikoog-1830\/","title":{"rendered":"Dutch Wadden islands Ameland and Schiermonnikoog &#8211; Philippe Vandermaelen, c. 1830"},"content":{"rendered":"<p><strong>AMELAND AND SCHIERMONNIKOOG<\/strong><\/p>\n<p>\u201c<strong><em>Hollande<\/em><\/strong>,\u201d lithograph made for <strong>Philippe Vandermaelen<\/strong>\u2019s &#8220;<em data-start=\"101\" data-end=\"132\">Nouvelle carte de la Hollande<\/em>&#8220;, an atlas in 24 sheets published by the <strong>\u00c9tablissement G\u00e9ographique<\/strong> in Brussels around <strong>1830<\/strong>. With original hand-colouring. Size: approx. 47 \u00d7 59 cm.<\/p>\n<p data-start=\"283\" data-end=\"730\"><a href=\"https:\/\/en.wikipedia.org\/wiki\/Philippe_Vandermaelen\" target=\"_blank\" rel=\"noopener\">Philippe Vandermaelen<\/a> (1795\u20131869) based his atlas on the work of Cornelis Rudolphus Theodorus Krayenhoff (1758\u20131840), physician, military engineer, hydraulic specialist, and above all geodesist. Krayenhoff established the first systematic nationwide triangulation of the Netherlands and directed the production of the <em data-start=\"601\" data-end=\"626\">Choro-topographical Map<\/em> (the so-called <em data-start=\"642\" data-end=\"658\">Krayenhoff Map<\/em>, completed in 1823), which became the foundation of later topography.<\/p>\n<p data-start=\"732\" data-end=\"942\">At that time, the island of Ameland consisted of four villages: Hollum, Ballum (with the former Cammingha castle, seat of the Frisian nobility), Nes, and Buren. These settlements can be identified on the map.<\/p>\n<p data-start=\"944\" data-end=\"1255\">Ameland had been an independent &#8216;<a href=\"https:\/\/en.wikipedia.org\/wiki\/Heerlijkheid\" target=\"_blank\" rel=\"noopener\"><em>heerlijkheid<\/em><\/a>&#8216; until 1795, but after the French period it was incorporated into Friesland. The island was characterized by sandy pathways, farmhouses, and several churches; it lacked a significant harbour, but small shipping companies maintained connections with the Frisian mainland.<\/p>\n<p data-start=\"1257\" data-end=\"1555\">Schiermonnikoog was often afflicted by sea incursions and shifting tidal channels. During this period, the island was gradually moving eastwards. The only village, Oosterburen (later simply \u201cSchiermonnikoog\u201d), lay on the southern side of the island. On the map it appears as a compact settlement.<\/p>\n<p>Price: SOLD<\/p>\n","protected":false},"excerpt":{"rendered":"<p>AMELAND AND SCHIERMONNIKOOG \u201cHollande,\u201d lithograph made for Philippe Vandermaelen\u2019s &#8220;Nouvelle carte de la Hollande&#8220;, an atlas in 24 sheets published by the \u00c9tablissement G\u00e9ographique in Brussels around 1830. With original hand-colouring. Size: approx. 47 \u00d7 59 cm. Philippe Vandermaelen (1795\u20131869) based his atlas on the work of Cornelis Rudolphus Theodorus Krayenhoff (1758\u20131840), physician, military engineer, [&#8230;]\n","protected":false},"featured_media":27654,"comment_status":"closed","ping_status":"closed","template":"","meta":[],"product_brand":[],"product_cat":[1397],"product_tag":[],"class_list":{"0":"post-27652","1":"product","2":"type-product","3":"status-publish","4":"has-post-thumbnail","6":"product_cat-sold","8":"first","9":"instock","10":"shipping-taxable","11":"product-type-simple"},"yoast_head":"<!-- This site is optimized with the Yoast SEO plugin v27.5 - https:\/\/yoast.com\/product\/yoast-seo-wordpress\/ -->\n<title>old map Dutch Wadden islands Ameland Schiermonnikoog<\/title>\n<meta name=\"description\" content=\"old map Dutch Wadden islands Ameland Schiermonnikoog original 19th century lithograph history\" \/>\n<meta name=\"robots\" content=\"index, follow, max-snippet:-1, max-image-preview:large, max-video-preview:-1\" \/>\n<link rel=\"canonical\" href=\"https:\/\/inter-antiquariaat.nl\/en\/antiques\/sold\/ameland-schiermonnikoog-1830\/\" \/>\n<meta property=\"og:locale\" content=\"en_US\" \/>\n<meta property=\"og:type\" content=\"article\" \/>\n<meta property=\"og:title\" content=\"old map Dutch Wadden islands Ameland Schiermonnikoog\" \/>\n<meta property=\"og:description\" content=\"old map Dutch Wadden islands Ameland Schiermonnikoog original 19th century lithograph history\" \/>\n<meta property=\"og:url\" content=\"https:\/\/inter-antiquariaat.nl\/en\/antiques\/sold\/ameland-schiermonnikoog-1830\/\" \/>\n<meta property=\"og:site_name\" content=\"Inter Antiquariaat\" \/>\n<meta property=\"article:modified_time\" content=\"2025-10-27T13:11:51+00:00\" \/>\n<meta property=\"og:image\" content=\"https:\/\/inter-antiquariaat.nl\/en\/wp-content\/uploads\/sites\/5\/Ameland-Schiermonnikoog-Philippe-Vandermalen-1820-1830.jpg\" \/>\n\t<meta property=\"og:image:width\" content=\"1600\" \/>\n\t<meta property=\"og:image:height\" content=\"1263\" \/>\n\t<meta property=\"og:image:type\" content=\"image\/jpeg\" \/>\n<meta name=\"twitter:card\" content=\"summary_large_image\" \/>\n<meta name=\"twitter:label1\" content=\"Est. reading time\" \/>\n\t<meta name=\"twitter:data1\" content=\"2 minutes\" \/>\n<script type=\"application\/ld+json\" class=\"yoast-schema-graph\">{\"@context\":\"https:\\\/\\\/schema.org\",\"@graph\":[{\"@type\":\"WebPage\",\"@id\":\"https:\\\/\\\/inter-antiquariaat.nl\\\/en\\\/antiques\\\/sold\\\/ameland-schiermonnikoog-1830\\\/\",\"url\":\"https:\\\/\\\/inter-antiquariaat.nl\\\/en\\\/antiques\\\/sold\\\/ameland-schiermonnikoog-1830\\\/\",\"name\":\"old map Dutch Wadden islands Ameland Schiermonnikoog\",\"isPartOf\":{\"@id\":\"https:\\\/\\\/inter-antiquariaat.nl\\\/en\\\/#website\"},\"primaryImageOfPage\":{\"@id\":\"https:\\\/\\\/inter-antiquariaat.nl\\\/en\\\/antiques\\\/sold\\\/ameland-schiermonnikoog-1830\\\/#primaryimage\"},\"image\":{\"@id\":\"https:\\\/\\\/inter-antiquariaat.nl\\\/en\\\/antiques\\\/sold\\\/ameland-schiermonnikoog-1830\\\/#primaryimage\"},\"thumbnailUrl\":\"https:\\\/\\\/inter-antiquariaat.nl\\\/en\\\/wp-content\\\/uploads\\\/sites\\\/5\\\/Ameland-Schiermonnikoog-Philippe-Vandermalen-1820-1830.jpg\",\"datePublished\":\"2025-08-24T16:09:14+00:00\",\"dateModified\":\"2025-10-27T13:11:51+00:00\",\"description\":\"old map Dutch Wadden islands Ameland Schiermonnikoog original 19th century lithograph history\",\"breadcrumb\":{\"@id\":\"https:\\\/\\\/inter-antiquariaat.nl\\\/en\\\/antiques\\\/sold\\\/ameland-schiermonnikoog-1830\\\/#breadcrumb\"},\"inLanguage\":\"en-US\",\"potentialAction\":[{\"@type\":\"ReadAction\",\"target\":[\"https:\\\/\\\/inter-antiquariaat.nl\\\/en\\\/antiques\\\/sold\\\/ameland-schiermonnikoog-1830\\\/\"]}]},{\"@type\":\"ImageObject\",\"inLanguage\":\"en-US\",\"@id\":\"https:\\\/\\\/inter-antiquariaat.nl\\\/en\\\/antiques\\\/sold\\\/ameland-schiermonnikoog-1830\\\/#primaryimage\",\"url\":\"https:\\\/\\\/inter-antiquariaat.nl\\\/en\\\/wp-content\\\/uploads\\\/sites\\\/5\\\/Ameland-Schiermonnikoog-Philippe-Vandermalen-1820-1830.jpg\",\"contentUrl\":\"https:\\\/\\\/inter-antiquariaat.nl\\\/en\\\/wp-content\\\/uploads\\\/sites\\\/5\\\/Ameland-Schiermonnikoog-Philippe-Vandermalen-1820-1830.jpg\",\"width\":1600,\"height\":1263},{\"@type\":\"BreadcrumbList\",\"@id\":\"https:\\\/\\\/inter-antiquariaat.nl\\\/en\\\/antiques\\\/sold\\\/ameland-schiermonnikoog-1830\\\/#breadcrumb\",\"itemListElement\":[{\"@type\":\"ListItem\",\"position\":1,\"name\":\"Home\",\"item\":\"https:\\\/\\\/inter-antiquariaat.nl\\\/en\\\/\"},{\"@type\":\"ListItem\",\"position\":2,\"name\":\"Antique maps, prints and drawings\",\"item\":\"https:\\\/\\\/inter-antiquariaat.nl\\\/en\\\/antique-maps-prints-and-drawings\\\/\"},{\"@type\":\"ListItem\",\"position\":3,\"name\":\"Dutch Wadden islands Ameland and Schiermonnikoog &#8211; Philippe Vandermaelen, c. 1830\"}]},{\"@type\":\"WebSite\",\"@id\":\"https:\\\/\\\/inter-antiquariaat.nl\\\/en\\\/#website\",\"url\":\"https:\\\/\\\/inter-antiquariaat.nl\\\/en\\\/\",\"name\":\"Inter Antiquariaat\",\"description\":\"Antique maps, prints and drawings\",\"potentialAction\":[{\"@type\":\"SearchAction\",\"target\":{\"@type\":\"EntryPoint\",\"urlTemplate\":\"https:\\\/\\\/inter-antiquariaat.nl\\\/en\\\/?s={search_term_string}\"},\"query-input\":{\"@type\":\"PropertyValueSpecification\",\"valueRequired\":true,\"valueName\":\"search_term_string\"}}],\"inLanguage\":\"en-US\"}]}<\/script>\n<!-- \/ Yoast SEO plugin. -->","yoast_head_json":{"title":"old map Dutch Wadden islands Ameland Schiermonnikoog","description":"old map Dutch Wadden islands Ameland Schiermonnikoog original 19th century lithograph history","robots":{"index":"index","follow":"follow","max-snippet":"max-snippet:-1","max-image-preview":"max-image-preview:large","max-video-preview":"max-video-preview:-1"},"canonical":"https:\/\/inter-antiquariaat.nl\/en\/antiques\/sold\/ameland-schiermonnikoog-1830\/","og_locale":"en_US","og_type":"article","og_title":"old map Dutch Wadden islands Ameland Schiermonnikoog","og_description":"old map Dutch Wadden islands Ameland Schiermonnikoog original 19th century lithograph history","og_url":"https:\/\/inter-antiquariaat.nl\/en\/antiques\/sold\/ameland-schiermonnikoog-1830\/","og_site_name":"Inter Antiquariaat","article_modified_time":"2025-10-27T13:11:51+00:00","og_image":[{"width":1600,"height":1263,"url":"https:\/\/inter-antiquariaat.nl\/en\/wp-content\/uploads\/sites\/5\/Ameland-Schiermonnikoog-Philippe-Vandermalen-1820-1830.jpg","type":"image\/jpeg"}],"twitter_card":"summary_large_image","twitter_misc":{"Est. reading time":"2 minutes"},"schema":{"@context":"https:\/\/schema.org","@graph":[{"@type":"WebPage","@id":"https:\/\/inter-antiquariaat.nl\/en\/antiques\/sold\/ameland-schiermonnikoog-1830\/","url":"https:\/\/inter-antiquariaat.nl\/en\/antiques\/sold\/ameland-schiermonnikoog-1830\/","name":"old map Dutch Wadden islands Ameland Schiermonnikoog","isPartOf":{"@id":"https:\/\/inter-antiquariaat.nl\/en\/#website"},"primaryImageOfPage":{"@id":"https:\/\/inter-antiquariaat.nl\/en\/antiques\/sold\/ameland-schiermonnikoog-1830\/#primaryimage"},"image":{"@id":"https:\/\/inter-antiquariaat.nl\/en\/antiques\/sold\/ameland-schiermonnikoog-1830\/#primaryimage"},"thumbnailUrl":"https:\/\/inter-antiquariaat.nl\/en\/wp-content\/uploads\/sites\/5\/Ameland-Schiermonnikoog-Philippe-Vandermalen-1820-1830.jpg","datePublished":"2025-08-24T16:09:14+00:00","dateModified":"2025-10-27T13:11:51+00:00","description":"old map Dutch Wadden islands Ameland Schiermonnikoog original 19th century lithograph history","breadcrumb":{"@id":"https:\/\/inter-antiquariaat.nl\/en\/antiques\/sold\/ameland-schiermonnikoog-1830\/#breadcrumb"},"inLanguage":"en-US","potentialAction":[{"@type":"ReadAction","target":["https:\/\/inter-antiquariaat.nl\/en\/antiques\/sold\/ameland-schiermonnikoog-1830\/"]}]},{"@type":"ImageObject","inLanguage":"en-US","@id":"https:\/\/inter-antiquariaat.nl\/en\/antiques\/sold\/ameland-schiermonnikoog-1830\/#primaryimage","url":"https:\/\/inter-antiquariaat.nl\/en\/wp-content\/uploads\/sites\/5\/Ameland-Schiermonnikoog-Philippe-Vandermalen-1820-1830.jpg","contentUrl":"https:\/\/inter-antiquariaat.nl\/en\/wp-content\/uploads\/sites\/5\/Ameland-Schiermonnikoog-Philippe-Vandermalen-1820-1830.jpg","width":1600,"height":1263},{"@type":"BreadcrumbList","@id":"https:\/\/inter-antiquariaat.nl\/en\/antiques\/sold\/ameland-schiermonnikoog-1830\/#breadcrumb","itemListElement":[{"@type":"ListItem","position":1,"name":"Home","item":"https:\/\/inter-antiquariaat.nl\/en\/"},{"@type":"ListItem","position":2,"name":"Antique maps, prints and drawings","item":"https:\/\/inter-antiquariaat.nl\/en\/antique-maps-prints-and-drawings\/"},{"@type":"ListItem","position":3,"name":"Dutch Wadden islands Ameland and Schiermonnikoog &#8211; Philippe Vandermaelen, c. 1830"}]},{"@type":"WebSite","@id":"https:\/\/inter-antiquariaat.nl\/en\/#website","url":"https:\/\/inter-antiquariaat.nl\/en\/","name":"Inter Antiquariaat","description":"Antique maps, prints and drawings","potentialAction":[{"@type":"SearchAction","target":{"@type":"EntryPoint","urlTemplate":"https:\/\/inter-antiquariaat.nl\/en\/?s={search_term_string}"},"query-input":{"@type":"PropertyValueSpecification","valueRequired":true,"valueName":"search_term_string"}}],"inLanguage":"en-US"}]}},"_links":{"self":[{"href":"https:\/\/inter-antiquariaat.nl\/en\/wp-json\/wp\/v2\/product\/27652","targetHints":{"allow":["GET"]}}],"collection":[{"href":"https:\/\/inter-antiquariaat.nl\/en\/wp-json\/wp\/v2\/product"}],"about":[{"href":"https:\/\/inter-antiquariaat.nl\/en\/wp-json\/wp\/v2\/types\/product"}],"replies":[{"embeddable":true,"href":"https:\/\/inter-antiquariaat.nl\/en\/wp-json\/wp\/v2\/comments?post=27652"}],"wp:featuredmedia":[{"embeddable":true,"href":"https:\/\/inter-antiquariaat.nl\/en\/wp-json\/wp\/v2\/media\/27654"}],"wp:attachment":[{"href":"https:\/\/inter-antiquariaat.nl\/en\/wp-json\/wp\/v2\/media?parent=27652"}],"wp:term":[{"taxonomy":"product_brand","embeddable":true,"href":"https:\/\/inter-antiquariaat.nl\/en\/wp-json\/wp\/v2\/product_brand?post=27652"},{"taxonomy":"product_cat","embeddable":true,"href":"https:\/\/inter-antiquariaat.nl\/en\/wp-json\/wp\/v2\/product_cat?post=27652"},{"taxonomy":"product_tag","embeddable":true,"href":"https:\/\/inter-antiquariaat.nl\/en\/wp-json\/wp\/v2\/product_tag?post=27652"}],"curies":[{"name":"wp","href":"https:\/\/api.w.org\/{rel}","templated":true}]}}