{"id":27973,"date":"2025-10-18T14:30:20","date_gmt":"2025-10-18T12:30:20","guid":{"rendered":"https:\/\/inter-antiquariaat.nl\/en\/antiek\/niet-gecategoriseerd\/a-favourite-poet-alma-tadema-1889\/"},"modified":"2025-12-22T17:00:27","modified_gmt":"2025-12-22T16:00:27","slug":"a-favourite-poet-alma-tadema-1889","status":"publish","type":"product","link":"https:\/\/inter-antiquariaat.nl\/en\/antiques\/sold\/a-favourite-poet-alma-tadema-1889\/","title":{"rendered":"A Favourite Poet &#8211; Lawrence Alma-Tadema, 1889"},"content":{"rendered":"<p><strong>A FAVOURITE POET<\/strong><\/p>\n<p data-start=\"18\" data-end=\"220\">Steel engraving made by <a href=\"https:\/\/de.wikipedia.org\/wiki\/L%C3%A9opold_Lowenstam\" target=\"_blank\" rel=\"noopener\"><strong>Leopold L\u00f6wenstam<\/strong><\/a> in <strong>1889<\/strong> after the painting (Opus CCXC) by <a href=\"https:\/\/en.wikipedia.org\/wiki\/Lawrence_Alma-Tadema\" target=\"_blank\" rel=\"noopener\"><strong>Sir Lawrence Alma-Tadema<\/strong><\/a>. Signed in pencil by both Alma-Tadema and L\u00f6wenstam. Coloured by a later hand. Size: 34.5 \u00d7 46.5 cm.<\/p>\n<p data-start=\"222\" data-end=\"297\">Beautiful women are portrayed in the luxury of their leisurely lifestyle.<\/p>\n<p data-start=\"299\" data-end=\"467\">A passage is being read aloud from a papyrus scroll. The blushing cheeks and dreamy gaze of the listening girl suggest that her thoughts have drifted to a love elegy.<\/p>\n<p data-start=\"469\" data-end=\"849\">The wall in the background is adorned with bronze reliefs that serve as revolving window panels; they depict the Muses and emphasize the literary context. On the first panel, only the lower legs of a standing figure are visible \u2014 they could belong to <a href=\"https:\/\/en.wikipedia.org\/wiki\/Apollo\" target=\"_blank\" rel=\"noopener\">Apollo<\/a>. The presence of this half-hidden figure evokes the erotic daydream in which the female listener is completely absorbed.<\/p>\n<p data-start=\"851\" data-end=\"1089\" data-is-last-node=\"\" data-is-only-node=\"\">The open window reveals a typically Mediterranean sea view. A languid atmosphere prevails. Sunlight pours into the room, illuminating the marble and accentuating the body of the seated figure, visible through the thin fabric of her dress.<\/p>\n<p>Price: SOLD<\/p>\n<p>&nbsp;<\/p>\n","protected":false},"excerpt":{"rendered":"<p>A FAVOURITE POET Steel engraving made by Leopold L\u00f6wenstam in 1889 after the painting (Opus CCXC) by Sir Lawrence Alma-Tadema. Signed in pencil by both Alma-Tadema and L\u00f6wenstam. Coloured by a later hand. Size: 34.5 \u00d7 46.5 cm. Beautiful women are portrayed in the luxury of their leisurely lifestyle. A passage is being read aloud [&#8230;]\n","protected":false},"featured_media":27974,"comment_status":"closed","ping_status":"closed","template":"","meta":[],"product_brand":[],"product_cat":[1397],"product_tag":[],"class_list":{"0":"post-27973","1":"product","2":"type-product","3":"status-publish","4":"has-post-thumbnail","6":"artist-alma-tadema-sir-lawrence","7":"product_cat-sold","9":"first","10":"instock","11":"shipping-taxable","12":"product-type-simple"},"yoast_head":"<!-- This site is optimized with the Yoast SEO plugin v27.3 - https:\/\/yoast.com\/product\/yoast-seo-wordpress\/ -->\n<title>A Favourite Poet Lawrence Alma-Tadema Classical Antiquity<\/title>\n<meta name=\"description\" content=\"A Favourite Poet Sir Lawrence Alma-Tadema original antique engraving rare 19th century print Victorian Era Classical Antiquity Homer\" \/>\n<meta name=\"robots\" content=\"index, follow, max-snippet:-1, max-image-preview:large, max-video-preview:-1\" \/>\n<link rel=\"canonical\" href=\"https:\/\/inter-antiquariaat.nl\/en\/antiques\/sold\/a-favourite-poet-alma-tadema-1889\/\" \/>\n<meta property=\"og:locale\" content=\"en_US\" \/>\n<meta property=\"og:type\" content=\"article\" \/>\n<meta property=\"og:title\" content=\"A Favourite Poet Lawrence Alma-Tadema Classical Antiquity\" \/>\n<meta property=\"og:description\" content=\"A Favourite Poet Sir Lawrence Alma-Tadema original antique engraving rare 19th century print Victorian Era Classical Antiquity Homer\" \/>\n<meta property=\"og:url\" content=\"https:\/\/inter-antiquariaat.nl\/en\/antiques\/sold\/a-favourite-poet-alma-tadema-1889\/\" \/>\n<meta property=\"og:site_name\" content=\"Inter Antiquariaat\" \/>\n<meta property=\"article:modified_time\" content=\"2025-12-22T16:00:27+00:00\" \/>\n<meta property=\"og:image\" content=\"https:\/\/inter-antiquariaat.nl\/en\/wp-content\/uploads\/sites\/5\/The-Favourite-Poet-Alma-Tadema-1889.jpg\" \/>\n\t<meta property=\"og:image:width\" content=\"1600\" \/>\n\t<meta property=\"og:image:height\" content=\"1318\" \/>\n\t<meta property=\"og:image:type\" content=\"image\/jpeg\" \/>\n<meta name=\"twitter:card\" content=\"summary_large_image\" \/>\n<meta name=\"twitter:label1\" content=\"Est. reading time\" \/>\n\t<meta name=\"twitter:data1\" content=\"1 minute\" \/>\n<script type=\"application\/ld+json\" class=\"yoast-schema-graph\">{\"@context\":\"https:\\\/\\\/schema.org\",\"@graph\":[{\"@type\":\"WebPage\",\"@id\":\"https:\\\/\\\/inter-antiquariaat.nl\\\/en\\\/antiques\\\/sold\\\/a-favourite-poet-alma-tadema-1889\\\/\",\"url\":\"https:\\\/\\\/inter-antiquariaat.nl\\\/en\\\/antiques\\\/sold\\\/a-favourite-poet-alma-tadema-1889\\\/\",\"name\":\"A Favourite Poet Lawrence Alma-Tadema Classical Antiquity\",\"isPartOf\":{\"@id\":\"https:\\\/\\\/inter-antiquariaat.nl\\\/en\\\/#website\"},\"primaryImageOfPage\":{\"@id\":\"https:\\\/\\\/inter-antiquariaat.nl\\\/en\\\/antiques\\\/sold\\\/a-favourite-poet-alma-tadema-1889\\\/#primaryimage\"},\"image\":{\"@id\":\"https:\\\/\\\/inter-antiquariaat.nl\\\/en\\\/antiques\\\/sold\\\/a-favourite-poet-alma-tadema-1889\\\/#primaryimage\"},\"thumbnailUrl\":\"https:\\\/\\\/inter-antiquariaat.nl\\\/en\\\/wp-content\\\/uploads\\\/sites\\\/5\\\/The-Favourite-Poet-Alma-Tadema-1889.jpg\",\"datePublished\":\"2025-10-18T12:30:20+00:00\",\"dateModified\":\"2025-12-22T16:00:27+00:00\",\"description\":\"A Favourite Poet Sir Lawrence Alma-Tadema original antique engraving rare 19th century print Victorian Era Classical Antiquity Homer\",\"breadcrumb\":{\"@id\":\"https:\\\/\\\/inter-antiquariaat.nl\\\/en\\\/antiques\\\/sold\\\/a-favourite-poet-alma-tadema-1889\\\/#breadcrumb\"},\"inLanguage\":\"en-US\",\"potentialAction\":[{\"@type\":\"ReadAction\",\"target\":[\"https:\\\/\\\/inter-antiquariaat.nl\\\/en\\\/antiques\\\/sold\\\/a-favourite-poet-alma-tadema-1889\\\/\"]}]},{\"@type\":\"ImageObject\",\"inLanguage\":\"en-US\",\"@id\":\"https:\\\/\\\/inter-antiquariaat.nl\\\/en\\\/antiques\\\/sold\\\/a-favourite-poet-alma-tadema-1889\\\/#primaryimage\",\"url\":\"https:\\\/\\\/inter-antiquariaat.nl\\\/en\\\/wp-content\\\/uploads\\\/sites\\\/5\\\/The-Favourite-Poet-Alma-Tadema-1889.jpg\",\"contentUrl\":\"https:\\\/\\\/inter-antiquariaat.nl\\\/en\\\/wp-content\\\/uploads\\\/sites\\\/5\\\/The-Favourite-Poet-Alma-Tadema-1889.jpg\",\"width\":1600,\"height\":1318},{\"@type\":\"BreadcrumbList\",\"@id\":\"https:\\\/\\\/inter-antiquariaat.nl\\\/en\\\/antiques\\\/sold\\\/a-favourite-poet-alma-tadema-1889\\\/#breadcrumb\",\"itemListElement\":[{\"@type\":\"ListItem\",\"position\":1,\"name\":\"Home\",\"item\":\"https:\\\/\\\/inter-antiquariaat.nl\\\/en\\\/\"},{\"@type\":\"ListItem\",\"position\":2,\"name\":\"Antique maps, prints and drawings\",\"item\":\"https:\\\/\\\/inter-antiquariaat.nl\\\/en\\\/antique-maps-prints-and-drawings\\\/\"},{\"@type\":\"ListItem\",\"position\":3,\"name\":\"A Favourite Poet &#8211; Lawrence Alma-Tadema, 1889\"}]},{\"@type\":\"WebSite\",\"@id\":\"https:\\\/\\\/inter-antiquariaat.nl\\\/en\\\/#website\",\"url\":\"https:\\\/\\\/inter-antiquariaat.nl\\\/en\\\/\",\"name\":\"Inter Antiquariaat\",\"description\":\"Antique maps, prints and drawings\",\"potentialAction\":[{\"@type\":\"SearchAction\",\"target\":{\"@type\":\"EntryPoint\",\"urlTemplate\":\"https:\\\/\\\/inter-antiquariaat.nl\\\/en\\\/?s={search_term_string}\"},\"query-input\":{\"@type\":\"PropertyValueSpecification\",\"valueRequired\":true,\"valueName\":\"search_term_string\"}}],\"inLanguage\":\"en-US\"}]}<\/script>\n<!-- \/ Yoast SEO plugin. -->","yoast_head_json":{"title":"A Favourite Poet Lawrence Alma-Tadema Classical Antiquity","description":"A Favourite Poet Sir Lawrence Alma-Tadema original antique engraving rare 19th century print Victorian Era Classical Antiquity Homer","robots":{"index":"index","follow":"follow","max-snippet":"max-snippet:-1","max-image-preview":"max-image-preview:large","max-video-preview":"max-video-preview:-1"},"canonical":"https:\/\/inter-antiquariaat.nl\/en\/antiques\/sold\/a-favourite-poet-alma-tadema-1889\/","og_locale":"en_US","og_type":"article","og_title":"A Favourite Poet Lawrence Alma-Tadema Classical Antiquity","og_description":"A Favourite Poet Sir Lawrence Alma-Tadema original antique engraving rare 19th century print Victorian Era Classical Antiquity Homer","og_url":"https:\/\/inter-antiquariaat.nl\/en\/antiques\/sold\/a-favourite-poet-alma-tadema-1889\/","og_site_name":"Inter Antiquariaat","article_modified_time":"2025-12-22T16:00:27+00:00","og_image":[{"width":1600,"height":1318,"url":"https:\/\/inter-antiquariaat.nl\/en\/wp-content\/uploads\/sites\/5\/The-Favourite-Poet-Alma-Tadema-1889.jpg","type":"image\/jpeg"}],"twitter_card":"summary_large_image","twitter_misc":{"Est. reading time":"1 minute"},"schema":{"@context":"https:\/\/schema.org","@graph":[{"@type":"WebPage","@id":"https:\/\/inter-antiquariaat.nl\/en\/antiques\/sold\/a-favourite-poet-alma-tadema-1889\/","url":"https:\/\/inter-antiquariaat.nl\/en\/antiques\/sold\/a-favourite-poet-alma-tadema-1889\/","name":"A Favourite Poet Lawrence Alma-Tadema Classical Antiquity","isPartOf":{"@id":"https:\/\/inter-antiquariaat.nl\/en\/#website"},"primaryImageOfPage":{"@id":"https:\/\/inter-antiquariaat.nl\/en\/antiques\/sold\/a-favourite-poet-alma-tadema-1889\/#primaryimage"},"image":{"@id":"https:\/\/inter-antiquariaat.nl\/en\/antiques\/sold\/a-favourite-poet-alma-tadema-1889\/#primaryimage"},"thumbnailUrl":"https:\/\/inter-antiquariaat.nl\/en\/wp-content\/uploads\/sites\/5\/The-Favourite-Poet-Alma-Tadema-1889.jpg","datePublished":"2025-10-18T12:30:20+00:00","dateModified":"2025-12-22T16:00:27+00:00","description":"A Favourite Poet Sir Lawrence Alma-Tadema original antique engraving rare 19th century print Victorian Era Classical Antiquity Homer","breadcrumb":{"@id":"https:\/\/inter-antiquariaat.nl\/en\/antiques\/sold\/a-favourite-poet-alma-tadema-1889\/#breadcrumb"},"inLanguage":"en-US","potentialAction":[{"@type":"ReadAction","target":["https:\/\/inter-antiquariaat.nl\/en\/antiques\/sold\/a-favourite-poet-alma-tadema-1889\/"]}]},{"@type":"ImageObject","inLanguage":"en-US","@id":"https:\/\/inter-antiquariaat.nl\/en\/antiques\/sold\/a-favourite-poet-alma-tadema-1889\/#primaryimage","url":"https:\/\/inter-antiquariaat.nl\/en\/wp-content\/uploads\/sites\/5\/The-Favourite-Poet-Alma-Tadema-1889.jpg","contentUrl":"https:\/\/inter-antiquariaat.nl\/en\/wp-content\/uploads\/sites\/5\/The-Favourite-Poet-Alma-Tadema-1889.jpg","width":1600,"height":1318},{"@type":"BreadcrumbList","@id":"https:\/\/inter-antiquariaat.nl\/en\/antiques\/sold\/a-favourite-poet-alma-tadema-1889\/#breadcrumb","itemListElement":[{"@type":"ListItem","position":1,"name":"Home","item":"https:\/\/inter-antiquariaat.nl\/en\/"},{"@type":"ListItem","position":2,"name":"Antique maps, prints and drawings","item":"https:\/\/inter-antiquariaat.nl\/en\/antique-maps-prints-and-drawings\/"},{"@type":"ListItem","position":3,"name":"A Favourite Poet &#8211; Lawrence Alma-Tadema, 1889"}]},{"@type":"WebSite","@id":"https:\/\/inter-antiquariaat.nl\/en\/#website","url":"https:\/\/inter-antiquariaat.nl\/en\/","name":"Inter Antiquariaat","description":"Antique maps, prints and drawings","potentialAction":[{"@type":"SearchAction","target":{"@type":"EntryPoint","urlTemplate":"https:\/\/inter-antiquariaat.nl\/en\/?s={search_term_string}"},"query-input":{"@type":"PropertyValueSpecification","valueRequired":true,"valueName":"search_term_string"}}],"inLanguage":"en-US"}]}},"_links":{"self":[{"href":"https:\/\/inter-antiquariaat.nl\/en\/wp-json\/wp\/v2\/product\/27973","targetHints":{"allow":["GET"]}}],"collection":[{"href":"https:\/\/inter-antiquariaat.nl\/en\/wp-json\/wp\/v2\/product"}],"about":[{"href":"https:\/\/inter-antiquariaat.nl\/en\/wp-json\/wp\/v2\/types\/product"}],"replies":[{"embeddable":true,"href":"https:\/\/inter-antiquariaat.nl\/en\/wp-json\/wp\/v2\/comments?post=27973"}],"wp:featuredmedia":[{"embeddable":true,"href":"https:\/\/inter-antiquariaat.nl\/en\/wp-json\/wp\/v2\/media\/27974"}],"wp:attachment":[{"href":"https:\/\/inter-antiquariaat.nl\/en\/wp-json\/wp\/v2\/media?parent=27973"}],"wp:term":[{"taxonomy":"product_brand","embeddable":true,"href":"https:\/\/inter-antiquariaat.nl\/en\/wp-json\/wp\/v2\/product_brand?post=27973"},{"taxonomy":"product_cat","embeddable":true,"href":"https:\/\/inter-antiquariaat.nl\/en\/wp-json\/wp\/v2\/product_cat?post=27973"},{"taxonomy":"product_tag","embeddable":true,"href":"https:\/\/inter-antiquariaat.nl\/en\/wp-json\/wp\/v2\/product_tag?post=27973"}],"curies":[{"name":"wp","href":"https:\/\/api.w.org\/{rel}","templated":true}]}}