{"id":13355,"date":"2022-10-14T14:33:31","date_gmt":"2022-10-14T12:33:31","guid":{"rendered":"https:\/\/inter-antiquariaat.nl\/?post_type=product&#038;p=13355"},"modified":"2022-10-14T14:40:35","modified_gmt":"2022-10-14T12:40:35","slug":"danseres-umberto-brunelleschi","status":"publish","type":"product","link":"https:\/\/inter-antiquariaat.nl\/nl-oud\/antiek\/diversen\/diversen-na-1880\/danseres-umberto-brunelleschi\/","title":{"rendered":"Danseuse de Cabaret &#8211; Umberto Brunelleschi, ca. 1912"},"content":{"rendered":"<p><strong><em>Danseuse de Cabaret<\/em><\/strong>. Tekening met aquarel, gouache, pen en Oost-Indische inkt vervaardigd rond <strong>1912<\/strong> door<strong> Umberto Brunelleschi<\/strong> (1879-1949). Gesigneerd rechts onder. Afm. (ovaal) ca. 32,5 x 24 cm.<\/p>\n<p>De Italiaan Umberto Brunelleschi werkte van 1900 tot aan zijn dood in Parijs. Zijn werkzaamheden als schilder en vooral als kostuum- en decorontwerper maken hem tot een gezichtsbepalende figuur in de geschiedenis van theaterkostuums en <a href=\"https:\/\/nl.wikipedia.org\/wiki\/Scenografie\" target=\"_blank\" rel=\"noopener\">scenografie<\/a> van de 20e eeuw.<\/p>\n<p>Vanaf 1910 zette Brunelleschi de toon door werken te maken die waren ge\u00efnspireerd op het 18e-eeuwse Veneti\u00eb van de <em>F\u00eates Galantes<\/em> van dichter <a href=\"https:\/\/nl.wikipedia.org\/wiki\/Paul_Verlaine\" target=\"_blank\" rel=\"noopener\">Paul Verlaine<\/a>. Deze schilderijen stonden vol met jaloerse <a href=\"https:\/\/nl.wikipedia.org\/wiki\/Harlekijn_(personage)\" target=\"_blank\" rel=\"noopener\">Harlekijnen<\/a>, ondeugende <a href=\"https:\/\/en.wikipedia.org\/wiki\/Columbina\" target=\"_blank\" rel=\"noopener\">dienstmeisjes<\/a> en verraden <a href=\"https:\/\/nl.wikipedia.org\/wiki\/Pierrot\" target=\"_blank\" rel=\"noopener\">Pierrots<\/a>, ondergedompeld in een sfeer van komische loomheid of verdriet.<\/p>\n<p>Door deze onderwerpen te kiezen, sloeg Brunelleschi een nieuwe weg in die heel anders was dan die van de verschillende avant-garde stromingen in de schilderkunst, die enerzijds probeerden de moderne technologie te verheerlijken en anderzijds nieuwe ruimtelijke dimensies definieerden. Maar deze voorliefde voor fabels en dromen was het resultaat van bijzondere historische en spirituele behoeften. Europa scheurde in die tijd en er was grote sociale en politieke onrust. De middenklasse koesterde zich aan de laatste warmte van de <a href=\"https:\/\/nl.wikipedia.org\/wiki\/Belle_%C3%A9poque\" target=\"_blank\" rel=\"noopener\">Belle \u00c9poque<\/a> en werd bevangen door een gevoel van onveiligheid. Men zocht toevlucht in de lauwwarme maar vermakelijke aantrekkingskracht van een onwerkelijke sprookjeswereld. Deze hang naar escapisme en spirituele terugtrekking paste bij Brunelleschi&#8217;s aard en hij werd een van de meest begaafde en succesvolle vertolkers er van.<\/p>\n<p>Thema\u2019s als dapperheid, sentiment en 18e-eeuwse gratie, versmolten in deze jaren met een gewaagd en fantasievol Oosten. Hier fraai verbeeld in deze tekening van een <em>danseuse<\/em>.<\/p>\n<p>In 1928 schreef een Parijse criticus: \u201cBrunelleschi\u2019s kunst heeft niets realistisch. Hij zou niet weten hoe hij het moderne leven moet aangaan, met zijn enorme fabrieken en straten vol mensen. Maar de wereld van fictie, die zoveel mooier is dan de menselijke wereld, maakt hij werkelijkheid.\u201d<\/p>\n<p>Prijs: Euro 6.500,- (incl. lijst)<\/p>\n","protected":false},"excerpt":{"rendered":"<p>Danseuse de Cabaret. Tekening met aquarel, gouache, pen en Oost-Indische inkt vervaardigd rond 1912 door Umberto Brunelleschi (1879-1949). Gesigneerd rechts onder. Afm. (ovaal) ca. 32,5 x 24 cm. De Italiaan Umberto Brunelleschi werkte van 1900 tot aan zijn dood in Parijs. Zijn werkzaamheden als schilder en vooral als kostuum- en decorontwerper maken hem tot een [&#8230;]\n","protected":false},"featured_media":13357,"comment_status":"closed","ping_status":"closed","template":"","meta":[],"product_brand":[],"product_cat":[808,797],"product_tag":[],"class_list":{"0":"post-13355","1":"product","2":"type-product","3":"status-publish","4":"has-post-thumbnail","6":"product_cat-diversen-na-1880","7":"product_cat-diversen","9":"first","10":"instock","11":"shipping-taxable","12":"product-type-simple"},"yoast_head":"<!-- This site is optimized with the Yoast SEO plugin v27.5 - https:\/\/yoast.com\/product\/yoast-seo-wordpress\/ -->\n<title>theater ontwerp Umberto Brunelleschi ballet cabaret Belle \u00c9poque<\/title>\n<meta name=\"description\" content=\"theater ontwerp Umberto Brunelleschi artist ballet danseres cabaret decor Belle \u00c9poque geschiedenis\" \/>\n<meta name=\"robots\" content=\"noindex, follow, max-snippet:-1, max-image-preview:large, max-video-preview:-1\" \/>\n<meta property=\"og:locale\" content=\"nl_NL\" \/>\n<meta property=\"og:type\" content=\"article\" \/>\n<meta property=\"og:title\" content=\"theater ontwerp Umberto Brunelleschi ballet cabaret Belle \u00c9poque\" \/>\n<meta property=\"og:description\" content=\"theater ontwerp Umberto Brunelleschi artist ballet danseres cabaret decor Belle \u00c9poque geschiedenis\" \/>\n<meta property=\"og:url\" content=\"https:\/\/inter-antiquariaat.nl\/nl-oud\/antiek\/diversen\/diversen-na-1880\/danseres-umberto-brunelleschi\/\" \/>\n<meta property=\"og:site_name\" content=\"Inter Antiquariaat Mefferdt &amp; De Jonge\" \/>\n<meta property=\"article:modified_time\" content=\"2022-10-14T12:40:35+00:00\" \/>\n<meta property=\"og:image\" content=\"https:\/\/inter-antiquariaat.nl\/wp-content\/uploads\/sites\/1\/Brunellesci-ca.-1912.jpg\" \/>\n\t<meta property=\"og:image:width\" content=\"1600\" \/>\n\t<meta property=\"og:image:height\" content=\"2128\" \/>\n\t<meta property=\"og:image:type\" content=\"image\/jpeg\" \/>\n<meta name=\"twitter:card\" content=\"summary_large_image\" \/>\n<meta name=\"twitter:label1\" content=\"Geschatte leestijd\" \/>\n\t<meta name=\"twitter:data1\" content=\"2 minuten\" \/>\n<script type=\"application\/ld+json\" class=\"yoast-schema-graph\">{\"@context\":\"https:\\\/\\\/schema.org\",\"@graph\":[{\"@type\":\"WebPage\",\"@id\":\"https:\\\/\\\/inter-antiquariaat.nl\\\/nl-oud\\\/antiek\\\/diversen\\\/diversen-na-1880\\\/danseres-umberto-brunelleschi\\\/\",\"url\":\"https:\\\/\\\/inter-antiquariaat.nl\\\/nl-oud\\\/antiek\\\/diversen\\\/diversen-na-1880\\\/danseres-umberto-brunelleschi\\\/\",\"name\":\"theater ontwerp Umberto Brunelleschi ballet cabaret Belle \u00c9poque\",\"isPartOf\":{\"@id\":\"https:\\\/\\\/inter-antiquariaat.nl\\\/nl-oud\\\/#website\"},\"primaryImageOfPage\":{\"@id\":\"https:\\\/\\\/inter-antiquariaat.nl\\\/nl-oud\\\/antiek\\\/diversen\\\/diversen-na-1880\\\/danseres-umberto-brunelleschi\\\/#primaryimage\"},\"image\":{\"@id\":\"https:\\\/\\\/inter-antiquariaat.nl\\\/nl-oud\\\/antiek\\\/diversen\\\/diversen-na-1880\\\/danseres-umberto-brunelleschi\\\/#primaryimage\"},\"thumbnailUrl\":\"https:\\\/\\\/inter-antiquariaat.nl\\\/wp-content\\\/uploads\\\/sites\\\/1\\\/Brunellesci-ca.-1912.jpg\",\"datePublished\":\"2022-10-14T12:33:31+00:00\",\"dateModified\":\"2022-10-14T12:40:35+00:00\",\"description\":\"theater ontwerp Umberto Brunelleschi artist ballet danseres cabaret decor Belle \u00c9poque geschiedenis\",\"breadcrumb\":{\"@id\":\"https:\\\/\\\/inter-antiquariaat.nl\\\/nl-oud\\\/antiek\\\/diversen\\\/diversen-na-1880\\\/danseres-umberto-brunelleschi\\\/#breadcrumb\"},\"inLanguage\":\"nl-NL\",\"potentialAction\":[{\"@type\":\"ReadAction\",\"target\":[\"https:\\\/\\\/inter-antiquariaat.nl\\\/nl-oud\\\/antiek\\\/diversen\\\/diversen-na-1880\\\/danseres-umberto-brunelleschi\\\/\"]}]},{\"@type\":\"ImageObject\",\"inLanguage\":\"nl-NL\",\"@id\":\"https:\\\/\\\/inter-antiquariaat.nl\\\/nl-oud\\\/antiek\\\/diversen\\\/diversen-na-1880\\\/danseres-umberto-brunelleschi\\\/#primaryimage\",\"url\":\"https:\\\/\\\/inter-antiquariaat.nl\\\/wp-content\\\/uploads\\\/sites\\\/1\\\/Brunellesci-ca.-1912.jpg\",\"contentUrl\":\"https:\\\/\\\/inter-antiquariaat.nl\\\/wp-content\\\/uploads\\\/sites\\\/1\\\/Brunellesci-ca.-1912.jpg\",\"width\":1600,\"height\":2128,\"caption\":\"La Danseuse de Cabaret\"},{\"@type\":\"BreadcrumbList\",\"@id\":\"https:\\\/\\\/inter-antiquariaat.nl\\\/nl-oud\\\/antiek\\\/diversen\\\/diversen-na-1880\\\/danseres-umberto-brunelleschi\\\/#breadcrumb\",\"itemListElement\":[{\"@type\":\"ListItem\",\"position\":1,\"name\":\"Home\",\"item\":\"https:\\\/\\\/inter-antiquariaat.nl\\\/nl-oud\\\/\"},{\"@type\":\"ListItem\",\"position\":2,\"name\":\"Antieke kaarten, prenten en tekeningen\",\"item\":\"https:\\\/\\\/inter-antiquariaat.nl\\\/nl-oud\\\/antiek\\\/\"},{\"@type\":\"ListItem\",\"position\":3,\"name\":\"Danseuse de Cabaret &#8211; Umberto Brunelleschi, ca. 1912\"}]},{\"@type\":\"WebSite\",\"@id\":\"https:\\\/\\\/inter-antiquariaat.nl\\\/nl-oud\\\/#website\",\"url\":\"https:\\\/\\\/inter-antiquariaat.nl\\\/nl-oud\\\/\",\"name\":\"Inter Antiquariaat Mefferdt &amp; De Jonge\",\"description\":\"Antieke kaarten, prenten en tekeningen\",\"potentialAction\":[{\"@type\":\"SearchAction\",\"target\":{\"@type\":\"EntryPoint\",\"urlTemplate\":\"https:\\\/\\\/inter-antiquariaat.nl\\\/nl-oud\\\/?s={search_term_string}\"},\"query-input\":{\"@type\":\"PropertyValueSpecification\",\"valueRequired\":true,\"valueName\":\"search_term_string\"}}],\"inLanguage\":\"nl-NL\"}]}<\/script>\n<!-- \/ Yoast SEO plugin. -->","yoast_head_json":{"title":"theater ontwerp Umberto Brunelleschi ballet cabaret Belle \u00c9poque","description":"theater ontwerp Umberto Brunelleschi artist ballet danseres cabaret decor Belle \u00c9poque geschiedenis","robots":{"index":"noindex","follow":"follow","max-snippet":"max-snippet:-1","max-image-preview":"max-image-preview:large","max-video-preview":"max-video-preview:-1"},"og_locale":"nl_NL","og_type":"article","og_title":"theater ontwerp Umberto Brunelleschi ballet cabaret Belle \u00c9poque","og_description":"theater ontwerp Umberto Brunelleschi artist ballet danseres cabaret decor Belle \u00c9poque geschiedenis","og_url":"https:\/\/inter-antiquariaat.nl\/nl-oud\/antiek\/diversen\/diversen-na-1880\/danseres-umberto-brunelleschi\/","og_site_name":"Inter Antiquariaat Mefferdt &amp; De Jonge","article_modified_time":"2022-10-14T12:40:35+00:00","og_image":[{"width":1600,"height":2128,"url":"https:\/\/inter-antiquariaat.nl\/wp-content\/uploads\/sites\/1\/Brunellesci-ca.-1912.jpg","type":"image\/jpeg"}],"twitter_card":"summary_large_image","twitter_misc":{"Geschatte leestijd":"2 minuten"},"schema":{"@context":"https:\/\/schema.org","@graph":[{"@type":"WebPage","@id":"https:\/\/inter-antiquariaat.nl\/nl-oud\/antiek\/diversen\/diversen-na-1880\/danseres-umberto-brunelleschi\/","url":"https:\/\/inter-antiquariaat.nl\/nl-oud\/antiek\/diversen\/diversen-na-1880\/danseres-umberto-brunelleschi\/","name":"theater ontwerp Umberto Brunelleschi ballet cabaret Belle \u00c9poque","isPartOf":{"@id":"https:\/\/inter-antiquariaat.nl\/nl-oud\/#website"},"primaryImageOfPage":{"@id":"https:\/\/inter-antiquariaat.nl\/nl-oud\/antiek\/diversen\/diversen-na-1880\/danseres-umberto-brunelleschi\/#primaryimage"},"image":{"@id":"https:\/\/inter-antiquariaat.nl\/nl-oud\/antiek\/diversen\/diversen-na-1880\/danseres-umberto-brunelleschi\/#primaryimage"},"thumbnailUrl":"https:\/\/inter-antiquariaat.nl\/wp-content\/uploads\/sites\/1\/Brunellesci-ca.-1912.jpg","datePublished":"2022-10-14T12:33:31+00:00","dateModified":"2022-10-14T12:40:35+00:00","description":"theater ontwerp Umberto Brunelleschi artist ballet danseres cabaret decor Belle \u00c9poque geschiedenis","breadcrumb":{"@id":"https:\/\/inter-antiquariaat.nl\/nl-oud\/antiek\/diversen\/diversen-na-1880\/danseres-umberto-brunelleschi\/#breadcrumb"},"inLanguage":"nl-NL","potentialAction":[{"@type":"ReadAction","target":["https:\/\/inter-antiquariaat.nl\/nl-oud\/antiek\/diversen\/diversen-na-1880\/danseres-umberto-brunelleschi\/"]}]},{"@type":"ImageObject","inLanguage":"nl-NL","@id":"https:\/\/inter-antiquariaat.nl\/nl-oud\/antiek\/diversen\/diversen-na-1880\/danseres-umberto-brunelleschi\/#primaryimage","url":"https:\/\/inter-antiquariaat.nl\/wp-content\/uploads\/sites\/1\/Brunellesci-ca.-1912.jpg","contentUrl":"https:\/\/inter-antiquariaat.nl\/wp-content\/uploads\/sites\/1\/Brunellesci-ca.-1912.jpg","width":1600,"height":2128,"caption":"La Danseuse de Cabaret"},{"@type":"BreadcrumbList","@id":"https:\/\/inter-antiquariaat.nl\/nl-oud\/antiek\/diversen\/diversen-na-1880\/danseres-umberto-brunelleschi\/#breadcrumb","itemListElement":[{"@type":"ListItem","position":1,"name":"Home","item":"https:\/\/inter-antiquariaat.nl\/nl-oud\/"},{"@type":"ListItem","position":2,"name":"Antieke kaarten, prenten en tekeningen","item":"https:\/\/inter-antiquariaat.nl\/nl-oud\/antiek\/"},{"@type":"ListItem","position":3,"name":"Danseuse de Cabaret &#8211; Umberto Brunelleschi, ca. 1912"}]},{"@type":"WebSite","@id":"https:\/\/inter-antiquariaat.nl\/nl-oud\/#website","url":"https:\/\/inter-antiquariaat.nl\/nl-oud\/","name":"Inter Antiquariaat Mefferdt &amp; De Jonge","description":"Antieke kaarten, prenten en tekeningen","potentialAction":[{"@type":"SearchAction","target":{"@type":"EntryPoint","urlTemplate":"https:\/\/inter-antiquariaat.nl\/nl-oud\/?s={search_term_string}"},"query-input":{"@type":"PropertyValueSpecification","valueRequired":true,"valueName":"search_term_string"}}],"inLanguage":"nl-NL"}]}},"_links":{"self":[{"href":"https:\/\/inter-antiquariaat.nl\/nl-oud\/wp-json\/wp\/v2\/product\/13355","targetHints":{"allow":["GET"]}}],"collection":[{"href":"https:\/\/inter-antiquariaat.nl\/nl-oud\/wp-json\/wp\/v2\/product"}],"about":[{"href":"https:\/\/inter-antiquariaat.nl\/nl-oud\/wp-json\/wp\/v2\/types\/product"}],"replies":[{"embeddable":true,"href":"https:\/\/inter-antiquariaat.nl\/nl-oud\/wp-json\/wp\/v2\/comments?post=13355"}],"wp:featuredmedia":[{"embeddable":true,"href":"https:\/\/inter-antiquariaat.nl\/nl-oud\/wp-json\/wp\/v2\/media\/13357"}],"wp:attachment":[{"href":"https:\/\/inter-antiquariaat.nl\/nl-oud\/wp-json\/wp\/v2\/media?parent=13355"}],"wp:term":[{"taxonomy":"product_brand","embeddable":true,"href":"https:\/\/inter-antiquariaat.nl\/nl-oud\/wp-json\/wp\/v2\/product_brand?post=13355"},{"taxonomy":"product_cat","embeddable":true,"href":"https:\/\/inter-antiquariaat.nl\/nl-oud\/wp-json\/wp\/v2\/product_cat?post=13355"},{"taxonomy":"product_tag","embeddable":true,"href":"https:\/\/inter-antiquariaat.nl\/nl-oud\/wp-json\/wp\/v2\/product_tag?post=13355"}],"curies":[{"name":"wp","href":"https:\/\/api.w.org\/{rel}","templated":true}]}}