{"id":14374,"date":"2023-06-08T14:39:01","date_gmt":"2023-06-08T12:39:01","guid":{"rendered":"https:\/\/inter-antiquariaat.nl\/?post_type=product&#038;p=14374"},"modified":"2023-11-30T13:52:09","modified_gmt":"2023-11-30T12:52:09","slug":"rotterdam-schaatsen-op-de-maas-1784","status":"publish","type":"product","link":"https:\/\/inter-antiquariaat.nl\/nl-oud\/antiek\/verkocht\/rotterdam-schaatsen-op-de-maas-1784\/","title":{"rendered":"Rotterdam, schaatsen op de Maas &#8211; Matthias de Sallieth naar Theodorus de Roode, 1784"},"content":{"rendered":"<p><strong>IJSPLEZIER OP DE MAAS VOOR ROTTERDAM<\/strong><\/p>\n<p>&#8220;<strong>Gezicht van &#8217;t IJsvermaak op de Rivier de Maas voorde Stad Rotterdam in de Maand January 1784&#8243;<\/strong>. Proefdruk voor een kopergravure door <strong>Matthias de Sallieth <\/strong>naar het ontwerp van <strong>Theodorus de Roode<\/strong>, uitgegeven in <strong>1784<\/strong> te Rotterdam door J. de Leeuw &amp; J. Krap. Later met de hand gekleurd. Afmetingen (afbeelding): 32,8 x 63,2 cm.<\/p>\n<p>Hoewel op de Maas in de 18e en 19e eeuw bijna elk jaar bevroor, waren winters waarin men zich langdurig kon vermaken op het ijs, zeldzaam. Dit gebeurde in de jaren 1776, 1784, 1838 en in 1855. De aanblik van de Maas was er dan een van arrensleden, tentjes, kramen, schaatsenrijders, wandelaars en zelfs harddraverijen.<\/p>\n<p>We kijken hier naar de stad richting westen met rechts de <a href=\"https:\/\/nl.wikipedia.org\/wiki\/Ooster_Oude_Hoofdpoort\" target=\"_blank\" rel=\"noopener\">Ooster Oude Hoofdpoort<\/a> en in het midden de<a href=\"https:\/\/nl.wikipedia.org\/wiki\/Boompjes\" target=\"_blank\" rel=\"noopener\"> Boompjes<\/a>. Op het ijs en de kade is het een drukte van belang. Men vermaakt zich. Zwierig glijden de ijzers, in een treintje, met z&#8217;n twee\u00ebn of schaatsers alleen. Een enkeling is minder ervaren en valt. Het ijs is dik genoeg dat slechts \u00e9\u00e9n schaatser voor de veiligheid een stok met haak heeft meegenomen. Talloze bezoekers staan rondom koek en zopie tenten. Het is zien en gezien worden en menig arrenslee vervoert deftige lieden.<\/p>\n<p><a href=\"https:\/\/rkd.nl\/nl\/explore\/artists\/69399\" target=\"_blank\" rel=\"noopener\">Matthias de Sallieth<\/a> (1749 &#8211; 1791) was een Oostenrijkse graveur\u00a0 geboren in Praag. Hij was leerling van J.E. Mansfeld in Wenen en Jacques Philippe Le bas in Parijs. Hij was met name bekend om zijn gravures van marinetaferelen en zeeslagen, maar graveerde ook veel van de tekeningen van zijn goede vriend en stadsgenoot Dirk Langendijk.<\/p>\n<p>Theodorus de Roode, Rotterdammer van geboorte, was hofschilder geweest van Prins Karel van Oostenrijk, maar 1771 naar Rotterdam teruggekeerd.<\/p>\n<p><em>Literatuur: Frederik Muller &#8220;Nederlandse Historieplaten&#8221;, nr. 4530<\/em><\/p>\n<p>Prijs: VERKOCHT<\/p>\n","protected":false},"excerpt":{"rendered":"<p>IJSPLEZIER OP DE MAAS VOOR ROTTERDAM &#8220;Gezicht van &#8217;t IJsvermaak op de Rivier de Maas voorde Stad Rotterdam in de Maand January 1784&#8243;. Proefdruk voor een kopergravure door Matthias de Sallieth naar het ontwerp van Theodorus de Roode, uitgegeven in 1784 te Rotterdam door J. de Leeuw &amp; J. Krap. Later met de hand gekleurd. [&#8230;]\n","protected":false},"featured_media":14375,"comment_status":"closed","ping_status":"closed","template":"","meta":[],"product_brand":[],"product_cat":[16],"product_tag":[],"class_list":{"0":"post-14374","1":"product","2":"type-product","3":"status-publish","4":"has-post-thumbnail","6":"product_cat-verkocht","8":"first","9":"instock","10":"product-type-simple"},"yoast_head":"<!-- This site is optimized with the Yoast SEO plugin v27.5 - https:\/\/yoast.com\/product\/yoast-seo-wordpress\/ -->\n<title>Rotterdam ijsvermaak schaatsen winter 18e-eeuw antieke gravure<\/title>\n<meta name=\"description\" content=\"Rotterdam ijsvermaak op de Maas schaatsen winter 18e-eeuw antieke gravure zeldzame oude prent\" \/>\n<meta name=\"robots\" content=\"noindex, follow, max-snippet:-1, max-image-preview:large, max-video-preview:-1\" \/>\n<meta property=\"og:locale\" content=\"nl_NL\" \/>\n<meta property=\"og:type\" content=\"article\" \/>\n<meta property=\"og:title\" content=\"Rotterdam ijsvermaak schaatsen winter 18e-eeuw antieke gravure\" \/>\n<meta property=\"og:description\" content=\"Rotterdam ijsvermaak op de Maas schaatsen winter 18e-eeuw antieke gravure zeldzame oude prent\" \/>\n<meta property=\"og:url\" content=\"https:\/\/inter-antiquariaat.nl\/nl-oud\/antiek\/verkocht\/rotterdam-schaatsen-op-de-maas-1784\/\" \/>\n<meta property=\"og:site_name\" content=\"Inter Antiquariaat Mefferdt &amp; De Jonge\" \/>\n<meta property=\"article:modified_time\" content=\"2023-11-30T12:52:09+00:00\" \/>\n<meta property=\"og:image\" content=\"https:\/\/inter-antiquariaat.nl\/wp-content\/uploads\/sites\/1\/Rotterdam-schaatsen-op-de-Maas-De-Sallieth-naar-De-Roode-1784.jpg\" \/>\n\t<meta property=\"og:image:width\" content=\"1600\" \/>\n\t<meta property=\"og:image:height\" content=\"1000\" \/>\n\t<meta property=\"og:image:type\" content=\"image\/jpeg\" \/>\n<meta name=\"twitter:card\" content=\"summary_large_image\" \/>\n<meta name=\"twitter:label1\" content=\"Geschatte leestijd\" \/>\n\t<meta name=\"twitter:data1\" content=\"2 minuten\" \/>\n<script type=\"application\/ld+json\" class=\"yoast-schema-graph\">{\"@context\":\"https:\\\/\\\/schema.org\",\"@graph\":[{\"@type\":\"WebPage\",\"@id\":\"https:\\\/\\\/inter-antiquariaat.nl\\\/nl-oud\\\/antiek\\\/verkocht\\\/rotterdam-schaatsen-op-de-maas-1784\\\/\",\"url\":\"https:\\\/\\\/inter-antiquariaat.nl\\\/nl-oud\\\/antiek\\\/verkocht\\\/rotterdam-schaatsen-op-de-maas-1784\\\/\",\"name\":\"Rotterdam ijsvermaak schaatsen winter 18e-eeuw antieke gravure\",\"isPartOf\":{\"@id\":\"https:\\\/\\\/inter-antiquariaat.nl\\\/nl-oud\\\/#website\"},\"primaryImageOfPage\":{\"@id\":\"https:\\\/\\\/inter-antiquariaat.nl\\\/nl-oud\\\/antiek\\\/verkocht\\\/rotterdam-schaatsen-op-de-maas-1784\\\/#primaryimage\"},\"image\":{\"@id\":\"https:\\\/\\\/inter-antiquariaat.nl\\\/nl-oud\\\/antiek\\\/verkocht\\\/rotterdam-schaatsen-op-de-maas-1784\\\/#primaryimage\"},\"thumbnailUrl\":\"https:\\\/\\\/inter-antiquariaat.nl\\\/wp-content\\\/uploads\\\/sites\\\/1\\\/Rotterdam-schaatsen-op-de-Maas-De-Sallieth-naar-De-Roode-1784.jpg\",\"datePublished\":\"2023-06-08T12:39:01+00:00\",\"dateModified\":\"2023-11-30T12:52:09+00:00\",\"description\":\"Rotterdam ijsvermaak op de Maas schaatsen winter 18e-eeuw antieke gravure zeldzame oude prent\",\"breadcrumb\":{\"@id\":\"https:\\\/\\\/inter-antiquariaat.nl\\\/nl-oud\\\/antiek\\\/verkocht\\\/rotterdam-schaatsen-op-de-maas-1784\\\/#breadcrumb\"},\"inLanguage\":\"nl-NL\",\"potentialAction\":[{\"@type\":\"ReadAction\",\"target\":[\"https:\\\/\\\/inter-antiquariaat.nl\\\/nl-oud\\\/antiek\\\/verkocht\\\/rotterdam-schaatsen-op-de-maas-1784\\\/\"]}]},{\"@type\":\"ImageObject\",\"inLanguage\":\"nl-NL\",\"@id\":\"https:\\\/\\\/inter-antiquariaat.nl\\\/nl-oud\\\/antiek\\\/verkocht\\\/rotterdam-schaatsen-op-de-maas-1784\\\/#primaryimage\",\"url\":\"https:\\\/\\\/inter-antiquariaat.nl\\\/wp-content\\\/uploads\\\/sites\\\/1\\\/Rotterdam-schaatsen-op-de-Maas-De-Sallieth-naar-De-Roode-1784.jpg\",\"contentUrl\":\"https:\\\/\\\/inter-antiquariaat.nl\\\/wp-content\\\/uploads\\\/sites\\\/1\\\/Rotterdam-schaatsen-op-de-Maas-De-Sallieth-naar-De-Roode-1784.jpg\",\"width\":1600,\"height\":1000},{\"@type\":\"BreadcrumbList\",\"@id\":\"https:\\\/\\\/inter-antiquariaat.nl\\\/nl-oud\\\/antiek\\\/verkocht\\\/rotterdam-schaatsen-op-de-maas-1784\\\/#breadcrumb\",\"itemListElement\":[{\"@type\":\"ListItem\",\"position\":1,\"name\":\"Home\",\"item\":\"https:\\\/\\\/inter-antiquariaat.nl\\\/nl-oud\\\/\"},{\"@type\":\"ListItem\",\"position\":2,\"name\":\"Antieke kaarten, prenten en tekeningen\",\"item\":\"https:\\\/\\\/inter-antiquariaat.nl\\\/nl-oud\\\/antiek\\\/\"},{\"@type\":\"ListItem\",\"position\":3,\"name\":\"Rotterdam, schaatsen op de Maas &#8211; Matthias de Sallieth naar Theodorus de Roode, 1784\"}]},{\"@type\":\"WebSite\",\"@id\":\"https:\\\/\\\/inter-antiquariaat.nl\\\/nl-oud\\\/#website\",\"url\":\"https:\\\/\\\/inter-antiquariaat.nl\\\/nl-oud\\\/\",\"name\":\"Inter Antiquariaat Mefferdt &amp; De Jonge\",\"description\":\"Antieke kaarten, prenten en tekeningen\",\"potentialAction\":[{\"@type\":\"SearchAction\",\"target\":{\"@type\":\"EntryPoint\",\"urlTemplate\":\"https:\\\/\\\/inter-antiquariaat.nl\\\/nl-oud\\\/?s={search_term_string}\"},\"query-input\":{\"@type\":\"PropertyValueSpecification\",\"valueRequired\":true,\"valueName\":\"search_term_string\"}}],\"inLanguage\":\"nl-NL\"}]}<\/script>\n<!-- \/ Yoast SEO plugin. -->","yoast_head_json":{"title":"Rotterdam ijsvermaak schaatsen winter 18e-eeuw antieke gravure","description":"Rotterdam ijsvermaak op de Maas schaatsen winter 18e-eeuw antieke gravure zeldzame oude prent","robots":{"index":"noindex","follow":"follow","max-snippet":"max-snippet:-1","max-image-preview":"max-image-preview:large","max-video-preview":"max-video-preview:-1"},"og_locale":"nl_NL","og_type":"article","og_title":"Rotterdam ijsvermaak schaatsen winter 18e-eeuw antieke gravure","og_description":"Rotterdam ijsvermaak op de Maas schaatsen winter 18e-eeuw antieke gravure zeldzame oude prent","og_url":"https:\/\/inter-antiquariaat.nl\/nl-oud\/antiek\/verkocht\/rotterdam-schaatsen-op-de-maas-1784\/","og_site_name":"Inter Antiquariaat Mefferdt &amp; De Jonge","article_modified_time":"2023-11-30T12:52:09+00:00","og_image":[{"width":1600,"height":1000,"url":"https:\/\/inter-antiquariaat.nl\/wp-content\/uploads\/sites\/1\/Rotterdam-schaatsen-op-de-Maas-De-Sallieth-naar-De-Roode-1784.jpg","type":"image\/jpeg"}],"twitter_card":"summary_large_image","twitter_misc":{"Geschatte leestijd":"2 minuten"},"schema":{"@context":"https:\/\/schema.org","@graph":[{"@type":"WebPage","@id":"https:\/\/inter-antiquariaat.nl\/nl-oud\/antiek\/verkocht\/rotterdam-schaatsen-op-de-maas-1784\/","url":"https:\/\/inter-antiquariaat.nl\/nl-oud\/antiek\/verkocht\/rotterdam-schaatsen-op-de-maas-1784\/","name":"Rotterdam ijsvermaak schaatsen winter 18e-eeuw antieke gravure","isPartOf":{"@id":"https:\/\/inter-antiquariaat.nl\/nl-oud\/#website"},"primaryImageOfPage":{"@id":"https:\/\/inter-antiquariaat.nl\/nl-oud\/antiek\/verkocht\/rotterdam-schaatsen-op-de-maas-1784\/#primaryimage"},"image":{"@id":"https:\/\/inter-antiquariaat.nl\/nl-oud\/antiek\/verkocht\/rotterdam-schaatsen-op-de-maas-1784\/#primaryimage"},"thumbnailUrl":"https:\/\/inter-antiquariaat.nl\/wp-content\/uploads\/sites\/1\/Rotterdam-schaatsen-op-de-Maas-De-Sallieth-naar-De-Roode-1784.jpg","datePublished":"2023-06-08T12:39:01+00:00","dateModified":"2023-11-30T12:52:09+00:00","description":"Rotterdam ijsvermaak op de Maas schaatsen winter 18e-eeuw antieke gravure zeldzame oude prent","breadcrumb":{"@id":"https:\/\/inter-antiquariaat.nl\/nl-oud\/antiek\/verkocht\/rotterdam-schaatsen-op-de-maas-1784\/#breadcrumb"},"inLanguage":"nl-NL","potentialAction":[{"@type":"ReadAction","target":["https:\/\/inter-antiquariaat.nl\/nl-oud\/antiek\/verkocht\/rotterdam-schaatsen-op-de-maas-1784\/"]}]},{"@type":"ImageObject","inLanguage":"nl-NL","@id":"https:\/\/inter-antiquariaat.nl\/nl-oud\/antiek\/verkocht\/rotterdam-schaatsen-op-de-maas-1784\/#primaryimage","url":"https:\/\/inter-antiquariaat.nl\/wp-content\/uploads\/sites\/1\/Rotterdam-schaatsen-op-de-Maas-De-Sallieth-naar-De-Roode-1784.jpg","contentUrl":"https:\/\/inter-antiquariaat.nl\/wp-content\/uploads\/sites\/1\/Rotterdam-schaatsen-op-de-Maas-De-Sallieth-naar-De-Roode-1784.jpg","width":1600,"height":1000},{"@type":"BreadcrumbList","@id":"https:\/\/inter-antiquariaat.nl\/nl-oud\/antiek\/verkocht\/rotterdam-schaatsen-op-de-maas-1784\/#breadcrumb","itemListElement":[{"@type":"ListItem","position":1,"name":"Home","item":"https:\/\/inter-antiquariaat.nl\/nl-oud\/"},{"@type":"ListItem","position":2,"name":"Antieke kaarten, prenten en tekeningen","item":"https:\/\/inter-antiquariaat.nl\/nl-oud\/antiek\/"},{"@type":"ListItem","position":3,"name":"Rotterdam, schaatsen op de Maas &#8211; Matthias de Sallieth naar Theodorus de Roode, 1784"}]},{"@type":"WebSite","@id":"https:\/\/inter-antiquariaat.nl\/nl-oud\/#website","url":"https:\/\/inter-antiquariaat.nl\/nl-oud\/","name":"Inter Antiquariaat Mefferdt &amp; De Jonge","description":"Antieke kaarten, prenten en tekeningen","potentialAction":[{"@type":"SearchAction","target":{"@type":"EntryPoint","urlTemplate":"https:\/\/inter-antiquariaat.nl\/nl-oud\/?s={search_term_string}"},"query-input":{"@type":"PropertyValueSpecification","valueRequired":true,"valueName":"search_term_string"}}],"inLanguage":"nl-NL"}]}},"_links":{"self":[{"href":"https:\/\/inter-antiquariaat.nl\/nl-oud\/wp-json\/wp\/v2\/product\/14374","targetHints":{"allow":["GET"]}}],"collection":[{"href":"https:\/\/inter-antiquariaat.nl\/nl-oud\/wp-json\/wp\/v2\/product"}],"about":[{"href":"https:\/\/inter-antiquariaat.nl\/nl-oud\/wp-json\/wp\/v2\/types\/product"}],"replies":[{"embeddable":true,"href":"https:\/\/inter-antiquariaat.nl\/nl-oud\/wp-json\/wp\/v2\/comments?post=14374"}],"wp:featuredmedia":[{"embeddable":true,"href":"https:\/\/inter-antiquariaat.nl\/nl-oud\/wp-json\/wp\/v2\/media\/14375"}],"wp:attachment":[{"href":"https:\/\/inter-antiquariaat.nl\/nl-oud\/wp-json\/wp\/v2\/media?parent=14374"}],"wp:term":[{"taxonomy":"product_brand","embeddable":true,"href":"https:\/\/inter-antiquariaat.nl\/nl-oud\/wp-json\/wp\/v2\/product_brand?post=14374"},{"taxonomy":"product_cat","embeddable":true,"href":"https:\/\/inter-antiquariaat.nl\/nl-oud\/wp-json\/wp\/v2\/product_cat?post=14374"},{"taxonomy":"product_tag","embeddable":true,"href":"https:\/\/inter-antiquariaat.nl\/nl-oud\/wp-json\/wp\/v2\/product_tag?post=14374"}],"curies":[{"name":"wp","href":"https:\/\/api.w.org\/{rel}","templated":true}]}}