{"id":16016,"date":"2024-08-22T17:54:45","date_gmt":"2024-08-22T15:54:45","guid":{"rendered":"https:\/\/inter-antiquariaat.nl\/nl-oud\/antiek\/niet-gecategoriseerd\/meer-van-geneve-1730\/"},"modified":"2024-08-22T17:54:45","modified_gmt":"2024-08-22T15:54:45","slug":"meer-van-geneve-1730","status":"publish","type":"product","link":"https:\/\/inter-antiquariaat.nl\/nl-oud\/antiek\/verkocht\/meer-van-geneve-1730\/","title":{"rendered":"Meer van Gen\u00e8ve &#8211; Jean-Louis-Daudet naar Antoine Chopy, 1730"},"content":{"rendered":"<p><strong>LOVELY LAKE GENEVA<\/strong><\/p>\n<p>&#8220;<strong><em>Carte du Lac de Gen\u00e8ve et des pays circonvoisins\u2026<\/em><\/strong>&#8221; Copper engraving made in <strong>1730<\/strong> by <strong><a href=\"https:\/\/www.britishmuseum.org\/collection\/term\/BIOG61446\" target=\"_blank\" rel=\"noopener\">Jean-Louis Daudet<\/a><\/strong> after a drawing by <strong>Antoine Chopy<\/strong>. Coloured by a later hand. Size: 57,5 x 81,3 cm.<\/p>\n<p>This large map appeared in the book \u201c<em><a href=\"https:\/\/www.digitale-sammlungen.de\/en\/view\/bsb11779639?page=,1\" target=\"_blank\" rel=\"noopener\">Histoire de Gen\u00e8ve, rectifi\u00e9e et augment\u00e9e par d&#8217;amples notes<\/a><\/em>,\u201d originally written by Jacob Spon in the 1680s and then updated by a team of scholars to be republished in 1730. Chopy credits <a href=\"https:\/\/en.wikipedia.org\/wiki\/Jean_Christophe_Fatio\" target=\"_blank\" rel=\"noopener\">Jean Christophe Fatio<\/a> (a Genevan philosopher and intellectual) and <a href=\"https:\/\/www.erste-ingenieure.ch\/engineer\/roverea-isaac-gamaliel-de\/\" target=\"_blank\" rel=\"noopener\">Isaac Gamaliel Roverea<\/a> (a Swiss cartographer and engineer) as influences on his map.<\/p>\n<p>Around the year 1700, the area surrounding Lake Geneva was characterized by a complex political and social landscape. The shores of Lake Geneva were divided between several political entities. The Republic of Geneva was an independent city-state, governed by an increasingly aristocratic system. The northern and eastern shores were largely controlled by the Canton of Bern, part of the <a href=\"https:\/\/en.wikipedia.org\/wiki\/History_of_Bern#Old_Swiss_Confederacy\" target=\"_blank\" rel=\"noopener\">Swiss Confederation<\/a>. The southern shore was under the control of the <a href=\"https:\/\/en.wikipedia.org\/wiki\/Duchy_of_Savoy\" target=\"_blank\" rel=\"noopener\">Duchy of Savoy<\/a>.<\/p>\n<p>Geneva itself was experiencing a period of political tension where power was concentrated in the hands of a small group of elite families who controlled key governing bodies like the Council of Twenty-five and the Council of Two Hundred. The General Assembly, once powerful, had become almost powerless by this time. Despite political tensions, Geneva was at the zenith of its prosperity in the early 18th century. The city had become increasingly wealthy, stimulating cultural and artistic creativity and attracted many elite thinkers of the Enlightenment, fostering the development of new political ideas.<\/p>\n<p>The cartouche of the map bears the coat of arms of Geneva with the phrase \u201c<em>Post tenebras lux<\/em>\u201d [Light After Darkness], the motto of the Protestant Reformation. The map&#8217;s key includes various symbols and abbreviations as well as two scales in &#8216;road hours&#8217; and communal leagues. Aside from towns and parishes, roads, mountains, rivers, lakes, and administrative borders are indicated. In addition to Geneva itself, other important towns in the region are recorded, including Lausanne.<\/p>\n<p>Price: Euro 1.450,-<\/p>\n","protected":false},"excerpt":{"rendered":"<p>LOVELY LAKE GENEVA &#8220;Carte du Lac de Gen\u00e8ve et des pays circonvoisins\u2026&#8221; Copper engraving made in 1730 by Jean-Louis Daudet after a drawing by Antoine Chopy. Coloured by a later hand. Size: 57,5 x 81,3 cm. This large map appeared in the book \u201cHistoire de Gen\u00e8ve, rectifi\u00e9e et augment\u00e9e par d&#8217;amples notes,\u201d originally written by [&#8230;]\n","protected":false},"featured_media":16021,"comment_status":"closed","ping_status":"closed","template":"","meta":[],"product_brand":[],"product_cat":[16],"product_tag":[],"class_list":{"0":"post-16016","1":"product","2":"type-product","3":"status-publish","4":"has-post-thumbnail","6":"product_cat-verkocht","8":"first","9":"instock","10":"shipping-taxable","11":"product-type-simple"},"yoast_head":"<!-- This site is optimized with the Yoast SEO plugin v27.5-RC1 - https:\/\/yoast.com\/product\/yoast-seo-wordpress\/ -->\n<title>oude kaart meer van Gen\u00e8ve 18e eeuw originele gravure<\/title>\n<meta name=\"description\" content=\"oude kaart meer van Gen\u00e8ve 18e eeuw originele gravure geschiedenis Zwitserse Confederatie Zwitserland\" \/>\n<meta name=\"robots\" content=\"noindex, follow, max-snippet:-1, max-image-preview:large, max-video-preview:-1\" \/>\n<meta property=\"og:locale\" content=\"nl_NL\" \/>\n<meta property=\"og:type\" content=\"article\" \/>\n<meta property=\"og:title\" content=\"oude kaart meer van Gen\u00e8ve 18e eeuw originele gravure\" \/>\n<meta property=\"og:description\" content=\"oude kaart meer van Gen\u00e8ve 18e eeuw originele gravure geschiedenis Zwitserse Confederatie Zwitserland\" \/>\n<meta property=\"og:url\" content=\"https:\/\/inter-antiquariaat.nl\/nl-oud\/antiek\/verkocht\/meer-van-geneve-1730\/\" \/>\n<meta property=\"og:site_name\" content=\"Inter Antiquariaat Mefferdt &amp; De Jonge\" \/>\n<meta property=\"og:image\" content=\"https:\/\/inter-antiquariaat.nl\/wp-content\/uploads\/sites\/1\/Lake-Geneva-Lac-Leman-Antonie-Chopy-1730.jpg\" \/>\n\t<meta property=\"og:image:width\" content=\"1600\" \/>\n\t<meta property=\"og:image:height\" content=\"1135\" \/>\n\t<meta property=\"og:image:type\" content=\"image\/jpeg\" \/>\n<meta name=\"twitter:card\" content=\"summary_large_image\" \/>\n<meta name=\"twitter:label1\" content=\"Geschatte leestijd\" \/>\n\t<meta name=\"twitter:data1\" content=\"2 minuten\" \/>\n<script type=\"application\/ld+json\" class=\"yoast-schema-graph\">{\"@context\":\"https:\\\/\\\/schema.org\",\"@graph\":[{\"@type\":\"WebPage\",\"@id\":\"https:\\\/\\\/inter-antiquariaat.nl\\\/nl-oud\\\/antiek\\\/verkocht\\\/meer-van-geneve-1730\\\/\",\"url\":\"https:\\\/\\\/inter-antiquariaat.nl\\\/nl-oud\\\/antiek\\\/verkocht\\\/meer-van-geneve-1730\\\/\",\"name\":\"oude kaart meer van Gen\u00e8ve 18e eeuw originele gravure\",\"isPartOf\":{\"@id\":\"https:\\\/\\\/inter-antiquariaat.nl\\\/nl-oud\\\/#website\"},\"primaryImageOfPage\":{\"@id\":\"https:\\\/\\\/inter-antiquariaat.nl\\\/nl-oud\\\/antiek\\\/verkocht\\\/meer-van-geneve-1730\\\/#primaryimage\"},\"image\":{\"@id\":\"https:\\\/\\\/inter-antiquariaat.nl\\\/nl-oud\\\/antiek\\\/verkocht\\\/meer-van-geneve-1730\\\/#primaryimage\"},\"thumbnailUrl\":\"https:\\\/\\\/inter-antiquariaat.nl\\\/wp-content\\\/uploads\\\/sites\\\/1\\\/Lake-Geneva-Lac-Leman-Antonie-Chopy-1730.jpg\",\"datePublished\":\"2024-08-22T15:54:45+00:00\",\"description\":\"oude kaart meer van Gen\u00e8ve 18e eeuw originele gravure geschiedenis Zwitserse Confederatie Zwitserland\",\"breadcrumb\":{\"@id\":\"https:\\\/\\\/inter-antiquariaat.nl\\\/nl-oud\\\/antiek\\\/verkocht\\\/meer-van-geneve-1730\\\/#breadcrumb\"},\"inLanguage\":\"nl-NL\",\"potentialAction\":[{\"@type\":\"ReadAction\",\"target\":[\"https:\\\/\\\/inter-antiquariaat.nl\\\/nl-oud\\\/antiek\\\/verkocht\\\/meer-van-geneve-1730\\\/\"]}]},{\"@type\":\"ImageObject\",\"inLanguage\":\"nl-NL\",\"@id\":\"https:\\\/\\\/inter-antiquariaat.nl\\\/nl-oud\\\/antiek\\\/verkocht\\\/meer-van-geneve-1730\\\/#primaryimage\",\"url\":\"https:\\\/\\\/inter-antiquariaat.nl\\\/wp-content\\\/uploads\\\/sites\\\/1\\\/Lake-Geneva-Lac-Leman-Antonie-Chopy-1730.jpg\",\"contentUrl\":\"https:\\\/\\\/inter-antiquariaat.nl\\\/wp-content\\\/uploads\\\/sites\\\/1\\\/Lake-Geneva-Lac-Leman-Antonie-Chopy-1730.jpg\",\"width\":1600,\"height\":1135},{\"@type\":\"BreadcrumbList\",\"@id\":\"https:\\\/\\\/inter-antiquariaat.nl\\\/nl-oud\\\/antiek\\\/verkocht\\\/meer-van-geneve-1730\\\/#breadcrumb\",\"itemListElement\":[{\"@type\":\"ListItem\",\"position\":1,\"name\":\"Home\",\"item\":\"https:\\\/\\\/inter-antiquariaat.nl\\\/nl-oud\\\/\"},{\"@type\":\"ListItem\",\"position\":2,\"name\":\"Antieke kaarten, prenten en tekeningen\",\"item\":\"https:\\\/\\\/inter-antiquariaat.nl\\\/nl-oud\\\/antiek\\\/\"},{\"@type\":\"ListItem\",\"position\":3,\"name\":\"Meer van Gen\u00e8ve &#8211; Jean-Louis-Daudet naar Antoine Chopy, 1730\"}]},{\"@type\":\"WebSite\",\"@id\":\"https:\\\/\\\/inter-antiquariaat.nl\\\/nl-oud\\\/#website\",\"url\":\"https:\\\/\\\/inter-antiquariaat.nl\\\/nl-oud\\\/\",\"name\":\"Inter Antiquariaat Mefferdt &amp; De Jonge\",\"description\":\"Antieke kaarten, prenten en tekeningen\",\"potentialAction\":[{\"@type\":\"SearchAction\",\"target\":{\"@type\":\"EntryPoint\",\"urlTemplate\":\"https:\\\/\\\/inter-antiquariaat.nl\\\/nl-oud\\\/?s={search_term_string}\"},\"query-input\":{\"@type\":\"PropertyValueSpecification\",\"valueRequired\":true,\"valueName\":\"search_term_string\"}}],\"inLanguage\":\"nl-NL\"}]}<\/script>\n<!-- \/ Yoast SEO plugin. -->","yoast_head_json":{"title":"oude kaart meer van Gen\u00e8ve 18e eeuw originele gravure","description":"oude kaart meer van Gen\u00e8ve 18e eeuw originele gravure geschiedenis Zwitserse Confederatie Zwitserland","robots":{"index":"noindex","follow":"follow","max-snippet":"max-snippet:-1","max-image-preview":"max-image-preview:large","max-video-preview":"max-video-preview:-1"},"og_locale":"nl_NL","og_type":"article","og_title":"oude kaart meer van Gen\u00e8ve 18e eeuw originele gravure","og_description":"oude kaart meer van Gen\u00e8ve 18e eeuw originele gravure geschiedenis Zwitserse Confederatie Zwitserland","og_url":"https:\/\/inter-antiquariaat.nl\/nl-oud\/antiek\/verkocht\/meer-van-geneve-1730\/","og_site_name":"Inter Antiquariaat Mefferdt &amp; De Jonge","og_image":[{"width":1600,"height":1135,"url":"https:\/\/inter-antiquariaat.nl\/wp-content\/uploads\/sites\/1\/Lake-Geneva-Lac-Leman-Antonie-Chopy-1730.jpg","type":"image\/jpeg"}],"twitter_card":"summary_large_image","twitter_misc":{"Geschatte leestijd":"2 minuten"},"schema":{"@context":"https:\/\/schema.org","@graph":[{"@type":"WebPage","@id":"https:\/\/inter-antiquariaat.nl\/nl-oud\/antiek\/verkocht\/meer-van-geneve-1730\/","url":"https:\/\/inter-antiquariaat.nl\/nl-oud\/antiek\/verkocht\/meer-van-geneve-1730\/","name":"oude kaart meer van Gen\u00e8ve 18e eeuw originele gravure","isPartOf":{"@id":"https:\/\/inter-antiquariaat.nl\/nl-oud\/#website"},"primaryImageOfPage":{"@id":"https:\/\/inter-antiquariaat.nl\/nl-oud\/antiek\/verkocht\/meer-van-geneve-1730\/#primaryimage"},"image":{"@id":"https:\/\/inter-antiquariaat.nl\/nl-oud\/antiek\/verkocht\/meer-van-geneve-1730\/#primaryimage"},"thumbnailUrl":"https:\/\/inter-antiquariaat.nl\/wp-content\/uploads\/sites\/1\/Lake-Geneva-Lac-Leman-Antonie-Chopy-1730.jpg","datePublished":"2024-08-22T15:54:45+00:00","description":"oude kaart meer van Gen\u00e8ve 18e eeuw originele gravure geschiedenis Zwitserse Confederatie Zwitserland","breadcrumb":{"@id":"https:\/\/inter-antiquariaat.nl\/nl-oud\/antiek\/verkocht\/meer-van-geneve-1730\/#breadcrumb"},"inLanguage":"nl-NL","potentialAction":[{"@type":"ReadAction","target":["https:\/\/inter-antiquariaat.nl\/nl-oud\/antiek\/verkocht\/meer-van-geneve-1730\/"]}]},{"@type":"ImageObject","inLanguage":"nl-NL","@id":"https:\/\/inter-antiquariaat.nl\/nl-oud\/antiek\/verkocht\/meer-van-geneve-1730\/#primaryimage","url":"https:\/\/inter-antiquariaat.nl\/wp-content\/uploads\/sites\/1\/Lake-Geneva-Lac-Leman-Antonie-Chopy-1730.jpg","contentUrl":"https:\/\/inter-antiquariaat.nl\/wp-content\/uploads\/sites\/1\/Lake-Geneva-Lac-Leman-Antonie-Chopy-1730.jpg","width":1600,"height":1135},{"@type":"BreadcrumbList","@id":"https:\/\/inter-antiquariaat.nl\/nl-oud\/antiek\/verkocht\/meer-van-geneve-1730\/#breadcrumb","itemListElement":[{"@type":"ListItem","position":1,"name":"Home","item":"https:\/\/inter-antiquariaat.nl\/nl-oud\/"},{"@type":"ListItem","position":2,"name":"Antieke kaarten, prenten en tekeningen","item":"https:\/\/inter-antiquariaat.nl\/nl-oud\/antiek\/"},{"@type":"ListItem","position":3,"name":"Meer van Gen\u00e8ve &#8211; Jean-Louis-Daudet naar Antoine Chopy, 1730"}]},{"@type":"WebSite","@id":"https:\/\/inter-antiquariaat.nl\/nl-oud\/#website","url":"https:\/\/inter-antiquariaat.nl\/nl-oud\/","name":"Inter Antiquariaat Mefferdt &amp; De Jonge","description":"Antieke kaarten, prenten en tekeningen","potentialAction":[{"@type":"SearchAction","target":{"@type":"EntryPoint","urlTemplate":"https:\/\/inter-antiquariaat.nl\/nl-oud\/?s={search_term_string}"},"query-input":{"@type":"PropertyValueSpecification","valueRequired":true,"valueName":"search_term_string"}}],"inLanguage":"nl-NL"}]}},"_links":{"self":[{"href":"https:\/\/inter-antiquariaat.nl\/nl-oud\/wp-json\/wp\/v2\/product\/16016","targetHints":{"allow":["GET"]}}],"collection":[{"href":"https:\/\/inter-antiquariaat.nl\/nl-oud\/wp-json\/wp\/v2\/product"}],"about":[{"href":"https:\/\/inter-antiquariaat.nl\/nl-oud\/wp-json\/wp\/v2\/types\/product"}],"replies":[{"embeddable":true,"href":"https:\/\/inter-antiquariaat.nl\/nl-oud\/wp-json\/wp\/v2\/comments?post=16016"}],"wp:featuredmedia":[{"embeddable":true,"href":"https:\/\/inter-antiquariaat.nl\/nl-oud\/wp-json\/wp\/v2\/media\/16021"}],"wp:attachment":[{"href":"https:\/\/inter-antiquariaat.nl\/nl-oud\/wp-json\/wp\/v2\/media?parent=16016"}],"wp:term":[{"taxonomy":"product_brand","embeddable":true,"href":"https:\/\/inter-antiquariaat.nl\/nl-oud\/wp-json\/wp\/v2\/product_brand?post=16016"},{"taxonomy":"product_cat","embeddable":true,"href":"https:\/\/inter-antiquariaat.nl\/nl-oud\/wp-json\/wp\/v2\/product_cat?post=16016"},{"taxonomy":"product_tag","embeddable":true,"href":"https:\/\/inter-antiquariaat.nl\/nl-oud\/wp-json\/wp\/v2\/product_tag?post=16016"}],"curies":[{"name":"wp","href":"https:\/\/api.w.org\/{rel}","templated":true}]}}