{"id":6670,"date":"2018-06-27T17:35:16","date_gmt":"2018-06-27T15:35:16","guid":{"rendered":"http:\/\/inter-antiquariaat.nl.testbyte.nl\/antiek\/niet-gecategoriseerd\/mucha-alphonse-benedictine\/"},"modified":"2018-07-10T17:15:47","modified_gmt":"2018-07-10T15:15:47","slug":"mucha-alphonse-benedictine","status":"publish","type":"product","link":"https:\/\/inter-antiquariaat.nl\/nl-oud\/antiek\/verkocht\/mucha-alphonse-benedictine\/","title":{"rendered":"Mucha, Alphonse &#8211; B\u00e9n\u00e9dictine"},"content":{"rendered":"<p>AFFICHE VAN EEN GROOTMEESTER<BR \/>&#8220;B\u00e9n\u00e9dictine&#8221;\u009d, kleurenlithografie naar het ontwerp uit 1898 van Alphonse Mucha (1860 &#8220;&#8221; 1939), gedrukt door F. Champenois te Parijs. Gesigneerd in de druk rechtsonder. <\/p>\n<p> In uitstekende (!) conditie. Gemonteerd op linnen, in kwalitatief hoogwaardige lijst. Afmetingen (litho) ca. 205 x 77 cm.; (lijst) 222 x 88 cm.<\/p>\n<p> Het affiche toont twee dames die bloemen in een herbarium leggen, een verwijzing naar de kruiden waarvan de likeur B\u00e9n\u00e9dictine wordt bereid. Onderaan een gezicht op de abdij in F\u00e9camp (Normandi\u00eb) waar de drank al eeuwen lang wordt gemaakt.<\/p>\n<p> Alphonse Mucha werd geboren in Moravi\u00eb (huidig Tsjechi\u00eb) en is onlosmakelijk verbonden met de Jugendstil, aanvankelijk &#8220;\u02dcle style Mucha&#8217; genoemd. Als geen ander wist hij de Slavische ziel met een licht melancholische inslag weer te geven. In 1887 vertrok Mucha naar Parijs. Heel de stad was overweldigd door zijn werken en de affiches werden zelfs van de straat geroofd. De sierlijke lijnen, frisse pastelkleuren en weelderige motieven in zijn illustraties van sensuele vrouwen, werden de iconen van het fin de si\u00e8cle. <\/p>\n<p> Een dergelijke vormgeving, zachte kleuring en verbluffend subtiele tekenkunst was nog nooit eerder vertoond en gaf richting aan de Art Nouveau. Toch wilde Mucha niet dat zijn werk als &#8220;Art Nouveau&#8221;\u009d bestempeld werd, in zijn ogen was kunst eeuwig en kon nooit nieuw zijn. Anno 2008 is Mucha nog steeds wereld beroemd.<\/p>\n<p> Literatuur: Rennert\/Weill (1984) &#8211; &#8220;Alphonse Mucha, toutes les affiches et panneaux&#8221;\u009d, nr. 58, p. 224-225.<\/p>\n<p> Prijs: SOLD<BR \/><\/p>\n","protected":false},"excerpt":{"rendered":"<p>AFFICHE VAN EEN GROOTMEESTER&#8220;B\u00e9n\u00e9dictine&#8221;\u009d, kleurenlithografie naar het ontwerp uit 1898 van Alphonse Mucha (1860 &#8220;&#8221; 1939), gedrukt door F. Champenois te Parijs. Gesigneerd in de druk rechtsonder. In uitstekende (!) conditie. Gemonteerd op linnen, in kwalitatief hoogwaardige lijst. Afmetingen (litho) ca. 205 x 77 cm.; (lijst) 222 x 88 cm. Het affiche toont twee dames [&#8230;]\n","protected":false},"featured_media":35,"comment_status":"closed","ping_status":"open","template":"","meta":[],"product_brand":[],"product_cat":[16],"product_tag":[],"class_list":{"0":"post-6670","1":"product","2":"type-product","3":"status-publish","4":"has-post-thumbnail","6":"product_cat-verkocht","8":"first","9":"instock","10":"product-type-simple"},"yoast_head":"<!-- This site is optimized with the Yoast SEO plugin v27.5 - https:\/\/yoast.com\/product\/yoast-seo-wordpress\/ -->\n<title>Mucha, Alphonse - B\u00e9n\u00e9dictine - Inter Antiquariaat Mefferdt &amp; De Jonge<\/title>\n<meta name=\"robots\" content=\"noindex, follow, max-snippet:-1, max-image-preview:large, max-video-preview:-1\" \/>\n<meta property=\"og:locale\" content=\"nl_NL\" \/>\n<meta property=\"og:type\" content=\"article\" \/>\n<meta property=\"og:title\" content=\"Mucha, Alphonse - B\u00e9n\u00e9dictine - Inter Antiquariaat Mefferdt &amp; De Jonge\" \/>\n<meta property=\"og:description\" content=\"AFFICHE VAN EEN GROOTMEESTER&#8220;B\u00e9n\u00e9dictine&#8221;\u009d, kleurenlithografie naar het ontwerp uit 1898 van Alphonse Mucha (1860 &#8220;&#8221; 1939), gedrukt door F. Champenois te Parijs. Gesigneerd in de druk rechtsonder. In uitstekende (!) conditie. Gemonteerd op linnen, in kwalitatief hoogwaardige lijst. Afmetingen (litho) ca. 205 x 77 cm.; (lijst) 222 x 88 cm. Het affiche toont twee dames [...]\" \/>\n<meta property=\"og:url\" content=\"https:\/\/inter-antiquariaat.nl\/nl-oud\/antiek\/verkocht\/mucha-alphonse-benedictine\/\" \/>\n<meta property=\"og:site_name\" content=\"Inter Antiquariaat Mefferdt &amp; De Jonge\" \/>\n<meta property=\"article:modified_time\" content=\"2018-07-10T15:15:47+00:00\" \/>\n<meta property=\"og:image\" content=\"https:\/\/inter-antiquariaat.nl\/wp-content\/uploads\/sites\/1\/Benedictine2AlphonseMucha1896.jpg\" \/>\n\t<meta property=\"og:image:width\" content=\"577\" \/>\n\t<meta property=\"og:image:height\" content=\"1600\" \/>\n\t<meta property=\"og:image:type\" content=\"image\/jpeg\" \/>\n<meta name=\"twitter:card\" content=\"summary_large_image\" \/>\n<meta name=\"twitter:label1\" content=\"Geschatte leestijd\" \/>\n\t<meta name=\"twitter:data1\" content=\"1 minuut\" \/>\n<script type=\"application\/ld+json\" class=\"yoast-schema-graph\">{\"@context\":\"https:\\\/\\\/schema.org\",\"@graph\":[{\"@type\":\"WebPage\",\"@id\":\"https:\\\/\\\/inter-antiquariaat.nl\\\/nl-oud\\\/antiek\\\/verkocht\\\/mucha-alphonse-benedictine\\\/\",\"url\":\"https:\\\/\\\/inter-antiquariaat.nl\\\/nl-oud\\\/antiek\\\/verkocht\\\/mucha-alphonse-benedictine\\\/\",\"name\":\"Mucha, Alphonse - B\u00e9n\u00e9dictine - Inter Antiquariaat Mefferdt &amp; De Jonge\",\"isPartOf\":{\"@id\":\"https:\\\/\\\/inter-antiquariaat.nl\\\/nl-oud\\\/#website\"},\"primaryImageOfPage\":{\"@id\":\"https:\\\/\\\/inter-antiquariaat.nl\\\/nl-oud\\\/antiek\\\/verkocht\\\/mucha-alphonse-benedictine\\\/#primaryimage\"},\"image\":{\"@id\":\"https:\\\/\\\/inter-antiquariaat.nl\\\/nl-oud\\\/antiek\\\/verkocht\\\/mucha-alphonse-benedictine\\\/#primaryimage\"},\"thumbnailUrl\":\"https:\\\/\\\/inter-antiquariaat.nl\\\/wp-content\\\/uploads\\\/sites\\\/1\\\/Benedictine2AlphonseMucha1896.jpg\",\"datePublished\":\"2018-06-27T15:35:16+00:00\",\"dateModified\":\"2018-07-10T15:15:47+00:00\",\"breadcrumb\":{\"@id\":\"https:\\\/\\\/inter-antiquariaat.nl\\\/nl-oud\\\/antiek\\\/verkocht\\\/mucha-alphonse-benedictine\\\/#breadcrumb\"},\"inLanguage\":\"nl-NL\",\"potentialAction\":[{\"@type\":\"ReadAction\",\"target\":[\"https:\\\/\\\/inter-antiquariaat.nl\\\/nl-oud\\\/antiek\\\/verkocht\\\/mucha-alphonse-benedictine\\\/\"]}]},{\"@type\":\"ImageObject\",\"inLanguage\":\"nl-NL\",\"@id\":\"https:\\\/\\\/inter-antiquariaat.nl\\\/nl-oud\\\/antiek\\\/verkocht\\\/mucha-alphonse-benedictine\\\/#primaryimage\",\"url\":\"https:\\\/\\\/inter-antiquariaat.nl\\\/wp-content\\\/uploads\\\/sites\\\/1\\\/Benedictine2AlphonseMucha1896.jpg\",\"contentUrl\":\"https:\\\/\\\/inter-antiquariaat.nl\\\/wp-content\\\/uploads\\\/sites\\\/1\\\/Benedictine2AlphonseMucha1896.jpg\",\"width\":577,\"height\":1600,\"caption\":\"Mucha\"},{\"@type\":\"BreadcrumbList\",\"@id\":\"https:\\\/\\\/inter-antiquariaat.nl\\\/nl-oud\\\/antiek\\\/verkocht\\\/mucha-alphonse-benedictine\\\/#breadcrumb\",\"itemListElement\":[{\"@type\":\"ListItem\",\"position\":1,\"name\":\"Home\",\"item\":\"https:\\\/\\\/inter-antiquariaat.nl\\\/nl-oud\\\/\"},{\"@type\":\"ListItem\",\"position\":2,\"name\":\"Antieke kaarten, prenten en tekeningen\",\"item\":\"https:\\\/\\\/inter-antiquariaat.nl\\\/nl-oud\\\/antiek\\\/\"},{\"@type\":\"ListItem\",\"position\":3,\"name\":\"Mucha, Alphonse &#8211; B\u00e9n\u00e9dictine\"}]},{\"@type\":\"WebSite\",\"@id\":\"https:\\\/\\\/inter-antiquariaat.nl\\\/nl-oud\\\/#website\",\"url\":\"https:\\\/\\\/inter-antiquariaat.nl\\\/nl-oud\\\/\",\"name\":\"Inter Antiquariaat Mefferdt &amp; De Jonge\",\"description\":\"Antieke kaarten, prenten en tekeningen\",\"potentialAction\":[{\"@type\":\"SearchAction\",\"target\":{\"@type\":\"EntryPoint\",\"urlTemplate\":\"https:\\\/\\\/inter-antiquariaat.nl\\\/nl-oud\\\/?s={search_term_string}\"},\"query-input\":{\"@type\":\"PropertyValueSpecification\",\"valueRequired\":true,\"valueName\":\"search_term_string\"}}],\"inLanguage\":\"nl-NL\"}]}<\/script>\n<!-- \/ Yoast SEO plugin. -->","yoast_head_json":{"title":"Mucha, Alphonse - B\u00e9n\u00e9dictine - Inter Antiquariaat Mefferdt &amp; De Jonge","robots":{"index":"noindex","follow":"follow","max-snippet":"max-snippet:-1","max-image-preview":"max-image-preview:large","max-video-preview":"max-video-preview:-1"},"og_locale":"nl_NL","og_type":"article","og_title":"Mucha, Alphonse - B\u00e9n\u00e9dictine - Inter Antiquariaat Mefferdt &amp; De Jonge","og_description":"AFFICHE VAN EEN GROOTMEESTER&#8220;B\u00e9n\u00e9dictine&#8221;\u009d, kleurenlithografie naar het ontwerp uit 1898 van Alphonse Mucha (1860 &#8220;&#8221; 1939), gedrukt door F. Champenois te Parijs. Gesigneerd in de druk rechtsonder. In uitstekende (!) conditie. Gemonteerd op linnen, in kwalitatief hoogwaardige lijst. Afmetingen (litho) ca. 205 x 77 cm.; (lijst) 222 x 88 cm. Het affiche toont twee dames [...]","og_url":"https:\/\/inter-antiquariaat.nl\/nl-oud\/antiek\/verkocht\/mucha-alphonse-benedictine\/","og_site_name":"Inter Antiquariaat Mefferdt &amp; De Jonge","article_modified_time":"2018-07-10T15:15:47+00:00","og_image":[{"width":577,"height":1600,"url":"https:\/\/inter-antiquariaat.nl\/wp-content\/uploads\/sites\/1\/Benedictine2AlphonseMucha1896.jpg","type":"image\/jpeg"}],"twitter_card":"summary_large_image","twitter_misc":{"Geschatte leestijd":"1 minuut"},"schema":{"@context":"https:\/\/schema.org","@graph":[{"@type":"WebPage","@id":"https:\/\/inter-antiquariaat.nl\/nl-oud\/antiek\/verkocht\/mucha-alphonse-benedictine\/","url":"https:\/\/inter-antiquariaat.nl\/nl-oud\/antiek\/verkocht\/mucha-alphonse-benedictine\/","name":"Mucha, Alphonse - B\u00e9n\u00e9dictine - Inter Antiquariaat Mefferdt &amp; De Jonge","isPartOf":{"@id":"https:\/\/inter-antiquariaat.nl\/nl-oud\/#website"},"primaryImageOfPage":{"@id":"https:\/\/inter-antiquariaat.nl\/nl-oud\/antiek\/verkocht\/mucha-alphonse-benedictine\/#primaryimage"},"image":{"@id":"https:\/\/inter-antiquariaat.nl\/nl-oud\/antiek\/verkocht\/mucha-alphonse-benedictine\/#primaryimage"},"thumbnailUrl":"https:\/\/inter-antiquariaat.nl\/wp-content\/uploads\/sites\/1\/Benedictine2AlphonseMucha1896.jpg","datePublished":"2018-06-27T15:35:16+00:00","dateModified":"2018-07-10T15:15:47+00:00","breadcrumb":{"@id":"https:\/\/inter-antiquariaat.nl\/nl-oud\/antiek\/verkocht\/mucha-alphonse-benedictine\/#breadcrumb"},"inLanguage":"nl-NL","potentialAction":[{"@type":"ReadAction","target":["https:\/\/inter-antiquariaat.nl\/nl-oud\/antiek\/verkocht\/mucha-alphonse-benedictine\/"]}]},{"@type":"ImageObject","inLanguage":"nl-NL","@id":"https:\/\/inter-antiquariaat.nl\/nl-oud\/antiek\/verkocht\/mucha-alphonse-benedictine\/#primaryimage","url":"https:\/\/inter-antiquariaat.nl\/wp-content\/uploads\/sites\/1\/Benedictine2AlphonseMucha1896.jpg","contentUrl":"https:\/\/inter-antiquariaat.nl\/wp-content\/uploads\/sites\/1\/Benedictine2AlphonseMucha1896.jpg","width":577,"height":1600,"caption":"Mucha"},{"@type":"BreadcrumbList","@id":"https:\/\/inter-antiquariaat.nl\/nl-oud\/antiek\/verkocht\/mucha-alphonse-benedictine\/#breadcrumb","itemListElement":[{"@type":"ListItem","position":1,"name":"Home","item":"https:\/\/inter-antiquariaat.nl\/nl-oud\/"},{"@type":"ListItem","position":2,"name":"Antieke kaarten, prenten en tekeningen","item":"https:\/\/inter-antiquariaat.nl\/nl-oud\/antiek\/"},{"@type":"ListItem","position":3,"name":"Mucha, Alphonse &#8211; B\u00e9n\u00e9dictine"}]},{"@type":"WebSite","@id":"https:\/\/inter-antiquariaat.nl\/nl-oud\/#website","url":"https:\/\/inter-antiquariaat.nl\/nl-oud\/","name":"Inter Antiquariaat Mefferdt &amp; De Jonge","description":"Antieke kaarten, prenten en tekeningen","potentialAction":[{"@type":"SearchAction","target":{"@type":"EntryPoint","urlTemplate":"https:\/\/inter-antiquariaat.nl\/nl-oud\/?s={search_term_string}"},"query-input":{"@type":"PropertyValueSpecification","valueRequired":true,"valueName":"search_term_string"}}],"inLanguage":"nl-NL"}]}},"_links":{"self":[{"href":"https:\/\/inter-antiquariaat.nl\/nl-oud\/wp-json\/wp\/v2\/product\/6670","targetHints":{"allow":["GET"]}}],"collection":[{"href":"https:\/\/inter-antiquariaat.nl\/nl-oud\/wp-json\/wp\/v2\/product"}],"about":[{"href":"https:\/\/inter-antiquariaat.nl\/nl-oud\/wp-json\/wp\/v2\/types\/product"}],"replies":[{"embeddable":true,"href":"https:\/\/inter-antiquariaat.nl\/nl-oud\/wp-json\/wp\/v2\/comments?post=6670"}],"wp:featuredmedia":[{"embeddable":true,"href":"https:\/\/inter-antiquariaat.nl\/nl-oud\/wp-json\/wp\/v2\/media\/35"}],"wp:attachment":[{"href":"https:\/\/inter-antiquariaat.nl\/nl-oud\/wp-json\/wp\/v2\/media?parent=6670"}],"wp:term":[{"taxonomy":"product_brand","embeddable":true,"href":"https:\/\/inter-antiquariaat.nl\/nl-oud\/wp-json\/wp\/v2\/product_brand?post=6670"},{"taxonomy":"product_cat","embeddable":true,"href":"https:\/\/inter-antiquariaat.nl\/nl-oud\/wp-json\/wp\/v2\/product_cat?post=6670"},{"taxonomy":"product_tag","embeddable":true,"href":"https:\/\/inter-antiquariaat.nl\/nl-oud\/wp-json\/wp\/v2\/product_tag?post=6670"}],"curies":[{"name":"wp","href":"https:\/\/api.w.org\/{rel}","templated":true}]}}