{"id":7194,"date":"2018-06-27T17:42:57","date_gmt":"2018-06-27T15:42:57","guid":{"rendered":"http:\/\/inter-antiquariaat.nl.testbyte.nl\/antiek\/niet-gecategoriseerd\/friesland-hemelumer-oldephaert-en-noordwolde-eekhoff-1851\/"},"modified":"2023-06-01T11:51:31","modified_gmt":"2023-06-01T09:51:31","slug":"friesland-hemelumer-oldephaert-en-noordwolde-eekhoff-1851","status":"publish","type":"product","link":"https:\/\/inter-antiquariaat.nl\/nl-oud\/antiek\/verkocht\/friesland-hemelumer-oldephaert-en-noordwolde-eekhoff-1851\/","title":{"rendered":"Friesland, Hemelumer Oldephaert en Noordwolde &#8211; Eekhoff, 1851"},"content":{"rendered":"<p>&#8220;<strong>Hemelumer Oldephaert en Noordwolde de Achtste Grietenij van Westergoo, benevens het Grondgebied van de Steden Workum, Hindeloopen en Stavoren\u2026<\/strong>&#8221; Staalgravure vervaardigd in <strong>1851<\/strong> door <strong>Daniel Veelwaard<\/strong> voor de <em>Nieuwe Atlas van Provincie Friesland<\/em> van <strong>Wopke Eekhoff<\/strong>. Later met de hand gekleurd. Afm. ca. 64,5 x 68 cm.<\/p>\n<p>De <em>Nieuwe Atlas van Provincie Friesland<\/em>, werd in opdracht van het provinciebestuur gemaakt. Op 2 maart 1847 verscheen in de Leeuwarder Courant het &#8220;<em>Berigt van Inteekening op de uitgave van een nieuwe Atlas van Vriesland<\/em>&#8220;. De prijs voor de hele atlas met 32 kaarten was fl. 48, losse kaarten kostten fl. 2 per stuk. Een reeds voltooide proefkaart van Baarderadeel was &#8220;<em>ter \u00a0bezigtiging voorhanden<\/em>&#8220;. De laatste kaart was die van Oostdongeradeel, die in 1856 klaar was.<\/p>\n<p>Iedere kaart werd in de betreffende gemeente twee weken ter inzage gelegd. Via een voorafgaande publicatie in de Leeuwarder Courant meldde Eekhoff dat &#8220;<em>ieder in de gelegenheid wordt gesteld om daarop schriftelijke aanmerkingen aan het Bestuur mede te deelen<\/em>&#8220;. Ook werd nog even vermeld dat men nog steeds voor twee gulden een losse kaart kon bestellen, &#8220;<em>dewijl die na de uitgave niet meer te bekomen zullen zijn<\/em>&#8220;.<\/p>\n<p>De opmetingen voor de kaart van Hemelumer Oldephaert en Noordwolde vonden plaats in april 1851 en op 13 augustus 1852 werd de kaart ter visie gelegd. Dat gebeurde eerst twee weken op het gemeentehuis in Hemelum en daarna steeds tien dagen in achtereenvolgens Workum, Hindeloopen en Stavoren, omdat de grondgebieden van die steden ook op de kaart stonden.<\/p>\n<p><span style=\"text-decoration: underline;\">Hemelum<\/span><br \/>\nDe grietenij is genoemd naar de voormalige hoofdplaats Hemelum. Die plaats dankte haar status onder meer aan het Sint Odulphusklooster. Dat klooster werd in 838 in Stavoren gesticht en werd in de vijftiende eeuw, toen het in de golven dreigde te verdwijnen, verplaatst naar Hemelum. Op de Eekhoff-kaart wordt de voormalige abdij nog aangegeven. Mede door de teloorgang van het klooster werd Hemelum langzamerhand overvleugeld door Koudum, dat vervolgens ook de hoofdplaats van de grietenij werd.<\/p>\n<p><span style=\"text-decoration: underline;\">Van der Aa<\/span><br \/>\nIn\u00a0 het <em>Aardrijkskundig Woordenboek der Nederlanden<\/em> van A.J. van der Aa uit 1844 (&#8220;<em>onder medewerking van enige Vaderlandsche Geleerden<\/em>&#8220;) is over Hemelumer Oldephaert en Noordwolde onder meer te lezen dat er destijds 365 huizen stonden die door 582 huisgezinnen bewoond werden, &#8220;<em>uitmakende eene bevolking van ruim 2800 inw., die meest hun bestaan vinden in den landbouw en veeteelt, terwijl er te Oudega, te Nijega en te Kolderwolde veenderijen zijn, (\u2026)<\/em>&#8220;.<br \/>\nIn vroeger eeuwen was het waterrijke gebied, behalve op de landbouw en veeteelt, ook sterk geori\u00ebnteerd op de zee: &#8220;<em>Vroeger bestonden de dorpen Koudum, Molkwerum, Scharl en Warns van de visscherij en groote scheepvaart op de Oostzee<\/em>&#8220;, aldus Van der Aa.<\/p>\n<p><span style=\"text-decoration: underline;\">Inpolderingen<\/span><br \/>\nLangzamerhand &#8216;verlandde&#8217; het gebied meer en meer. Op de kaart zijn de inpolderingen uit de eerste helft van de zeventiende eeuw prachtig te zien: Stavorsche Noorder-meer, Stavorsche Zuider-meer, Kolmeer, Workumer Nieuwland en de Wielpolder (Gaasterland). Door verzanding van verschillende waterlopen hadden Koudum en Warns toen inmiddels afgedaan als zeehaven. Maar de ori\u00ebntatie op de zee bleef: in de zeventiende en achttiende eeuw verdienden nog steeds veel inwoners hun brood op zee.<\/p>\n<p>Ten tijde van de opmetingen voor de kaart was men bezig met het droogmalen van het Flait (tussen Molkwerum en De Morra). En ook na het midden van de negentiende eeuw zouden nog vele meren en poelen verdwijnen: Groote Gersloot, Haanmeer, Workumermeer, Workumer Grons of Anne Brouwerspoel, Tjallingsmeer, Rooschuurstermeer, Lichtemeer, Bongmeer, Wijde Larts,\u00a0 Klein Sein, Groot Sein en Lange Dam.<\/p>\n<p><span style=\"text-decoration: underline;\">Watersnood 1825<\/span><br \/>\nBij de watersnoodramp van februari 1825 <a href=\"https:\/\/www.frieslandopdekaart.nl\/kaarten\/kaart\/567\/\">(klik hier voor een kaart en meer info)<\/a>\u00a0liep de grietenij bijna helemaal onder water als gevolg van doorbraken in de oude en nieuwe dijk van het Workumer Nieuwland. Op de kaart van Eekhoff staan die doorbraken ook aangeven. Vooral het gebied ten noordwesten van de Fluessen, Het Heidenschap, werd zwaar getroffen. In zijn boek <em>De Oerpolder<\/em> uit 2006 beschrijft Hylke Speerstra de gebeurtenissen op zeer beeldende wijze. Dat boek was 10 jaar later voor Paul Straatsma aanleiding voor een bezoek aan It Heidenskip en het Workumer Nieuwland. Zijn verslag onder de titel <em>Nat en Beladen<\/em> is <a href=\"https:\/\/www.paulstraatsma.nl\/?p=2246#more-2246\">hier<\/a> te lezen.<\/p>\n<p><span style=\"text-decoration: underline;\"> Opvallend<\/span><br \/>\nDe grietenijkaarten van Eekhoff zijn een onuitputtelijke bron van informatie en inspiratie. Iedere kaart levert stof voor talloze verhalen. Een paar &#8216;<em>nijsgjirriche<\/em>&#8216;, opvallende elementen op de kaart van Hemelumer Oldephaert ende Noordwolde zijn bijvoorbeeld:<\/p>\n<ul>\n<li>het grote aantal blokvormige &#8216;kleiputten&#8217; achter de zeedijk tussen Stavoren en Molkwerum<\/li>\n<li>ten zuiden van Hindeloopen een dijkscontributiehuis van de buurgemeente Wymbritseradeel<\/li>\n<li>&#8220;de Verkeerde weg&#8221; tussen Scharl en Warns (verwijzing naar de Slag bij Warns)<\/li>\n<li>de acht evenwijdige vaarten die vanaf &#8220;De Horsa&#8221; naar het noordwesten\/Workum lopen<\/li>\n<\/ul>\n<p><span style=\"text-decoration: underline;\"> What&#8217;s in a name?<\/span><br \/>\nIn 1955 werd de gemeentenaam gewijzigd. <em>Noordwolde<\/em> werd geschrapt, omwille van een kortere naam en vanwege verwarring met het dorp Noordwolde (Weststellingwerf) bij de postbezorging. \u00a0Oldephaert werd <em>Oldeferd<\/em>, dat verwijst naar het oude rechtsgebied (ferd = vrede); de oude naam \u00a0zou ten onrechte doen denken aan &#8216;oude vaart&#8217;. Maar w\u00e1s dat wel ten onrechte?<\/p>\n<p>In de <em>Friesche Atlas<\/em> van Bernardus Schotanus uit 1698 en de heruitgave daarvan door Francois Halma in 1718 heette de grietenij <em>Hemelumer <u>Oude Vaart <\/u>en de Noort Woude<\/em>\u00a0<a href=\"https:\/\/www.frieslandopdekaart.nl\/kaarten\/kaart\/12\/\">(klik hier voor de kaart uit 1718)<\/a>. Het lijkt niet waarschijnlijk dat die naam een foutieve verbastering\/interpretatie is van de naam die de vader van Bernardus, Christianus Schotanus, hanteerde in zijn atlas uit 1664 (waaraan zijn zoon ook meegewerkt had): <em>Hemelumer Oldevaert ende Noortwolde<\/em>.<\/p>\n<p>Hoe het ook zij, de verwijzing naar een rechtsgebied bleef gehandhaafd toen in 1984 het grootste deel van Hemelumer Oldeferd opging in de gemeente Nijefurd (&#8216;nieuw rechtsgebied&#8217;). Het andere deel, voorheen aangeduid met Noordwolde, werd onderdeel van Gaasterl\u00e2n-Sleat.<\/p>\n<p>Van de oude benamingen resteert thans niets meer. Nijefurd werd in 2011 onderdeel van S\u00fadwest-Frysl\u00e2n, Gaasterl\u00e2n-Sleat ging in 2014 op in De Fryske Marren.<\/p>\n<p>Prijs: VERKOCHT<\/p>\n","protected":false},"excerpt":{"rendered":"<p>&#8220;Hemelumer Oldephaert en Noordwolde de Achtste Grietenij van Westergoo, benevens het Grondgebied van de Steden Workum, Hindeloopen en Stavoren\u2026&#8221; Staalgravure vervaardigd in 1851 door Daniel Veelwaard voor de Nieuwe Atlas van Provincie Friesland van Wopke Eekhoff. Later met de hand gekleurd. Afm. ca. 64,5 x 68 cm. De Nieuwe Atlas van Provincie Friesland, werd in [&#8230;]\n","protected":false},"featured_media":1011,"comment_status":"closed","ping_status":"closed","template":"","meta":[],"product_brand":[],"product_cat":[16],"product_tag":[],"class_list":{"0":"post-7194","1":"product","2":"type-product","3":"status-publish","4":"has-post-thumbnail","6":"artist-eekhoff-wopke-1809-1880","7":"artist-veelwaard-daniel","8":"product_cat-verkocht","10":"first","11":"instock","12":"product-type-simple"},"yoast_head":"<!-- This site is optimized with the Yoast SEO plugin v27.3 - https:\/\/yoast.com\/product\/yoast-seo-wordpress\/ -->\n<title>oude kaart de Fluessen Friesland Hemelumer Oldephaert en Noordwolde<\/title>\n<meta name=\"description\" content=\"oude kaart de Fluessen Friesland Hemelumer Oldephaert en Noordwolde Wopke Eekhoff 19de eeuw antieke gravure originele prent geschiedenis\" \/>\n<meta name=\"robots\" content=\"noindex, follow, max-snippet:-1, max-image-preview:large, max-video-preview:-1\" \/>\n<meta property=\"og:locale\" content=\"nl_NL\" \/>\n<meta property=\"og:type\" content=\"article\" \/>\n<meta property=\"og:title\" content=\"oude kaart de Fluessen Friesland Hemelumer Oldephaert en Noordwolde\" \/>\n<meta property=\"og:description\" content=\"oude kaart de Fluessen Friesland Hemelumer Oldephaert en Noordwolde Wopke Eekhoff 19de eeuw antieke gravure originele prent geschiedenis\" \/>\n<meta property=\"og:url\" content=\"https:\/\/inter-antiquariaat.nl\/nl-oud\/antiek\/verkocht\/friesland-hemelumer-oldephaert-en-noordwolde-eekhoff-1851\/\" \/>\n<meta property=\"og:site_name\" content=\"Inter Antiquariaat Mefferdt &amp; De Jonge\" \/>\n<meta property=\"article:modified_time\" content=\"2023-06-01T09:51:31+00:00\" \/>\n<meta property=\"og:image\" content=\"https:\/\/inter-antiquariaat.nl\/wp-content\/uploads\/sites\/1\/Friesland-Helumer-Oldephaert-en-Noordwolde-Veelwaard-Eekhoff-1851.jpg\" \/>\n\t<meta property=\"og:image:width\" content=\"1606\" \/>\n\t<meta property=\"og:image:height\" content=\"1517\" \/>\n\t<meta property=\"og:image:type\" content=\"image\/jpeg\" \/>\n<meta name=\"twitter:card\" content=\"summary_large_image\" \/>\n<meta name=\"twitter:label1\" content=\"Geschatte leestijd\" \/>\n\t<meta name=\"twitter:data1\" content=\"5 minuten\" \/>\n<script type=\"application\/ld+json\" class=\"yoast-schema-graph\">{\"@context\":\"https:\\\/\\\/schema.org\",\"@graph\":[{\"@type\":\"WebPage\",\"@id\":\"https:\\\/\\\/inter-antiquariaat.nl\\\/nl-oud\\\/antiek\\\/verkocht\\\/friesland-hemelumer-oldephaert-en-noordwolde-eekhoff-1851\\\/\",\"url\":\"https:\\\/\\\/inter-antiquariaat.nl\\\/nl-oud\\\/antiek\\\/verkocht\\\/friesland-hemelumer-oldephaert-en-noordwolde-eekhoff-1851\\\/\",\"name\":\"oude kaart de Fluessen Friesland Hemelumer Oldephaert en Noordwolde\",\"isPartOf\":{\"@id\":\"https:\\\/\\\/inter-antiquariaat.nl\\\/nl-oud\\\/#website\"},\"primaryImageOfPage\":{\"@id\":\"https:\\\/\\\/inter-antiquariaat.nl\\\/nl-oud\\\/antiek\\\/verkocht\\\/friesland-hemelumer-oldephaert-en-noordwolde-eekhoff-1851\\\/#primaryimage\"},\"image\":{\"@id\":\"https:\\\/\\\/inter-antiquariaat.nl\\\/nl-oud\\\/antiek\\\/verkocht\\\/friesland-hemelumer-oldephaert-en-noordwolde-eekhoff-1851\\\/#primaryimage\"},\"thumbnailUrl\":\"https:\\\/\\\/inter-antiquariaat.nl\\\/wp-content\\\/uploads\\\/sites\\\/1\\\/Friesland-Helumer-Oldephaert-en-Noordwolde-Veelwaard-Eekhoff-1851.jpg\",\"datePublished\":\"2018-06-27T15:42:57+00:00\",\"dateModified\":\"2023-06-01T09:51:31+00:00\",\"description\":\"oude kaart de Fluessen Friesland Hemelumer Oldephaert en Noordwolde Wopke Eekhoff 19de eeuw antieke gravure originele prent geschiedenis\",\"breadcrumb\":{\"@id\":\"https:\\\/\\\/inter-antiquariaat.nl\\\/nl-oud\\\/antiek\\\/verkocht\\\/friesland-hemelumer-oldephaert-en-noordwolde-eekhoff-1851\\\/#breadcrumb\"},\"inLanguage\":\"nl-NL\",\"potentialAction\":[{\"@type\":\"ReadAction\",\"target\":[\"https:\\\/\\\/inter-antiquariaat.nl\\\/nl-oud\\\/antiek\\\/verkocht\\\/friesland-hemelumer-oldephaert-en-noordwolde-eekhoff-1851\\\/\"]}]},{\"@type\":\"ImageObject\",\"inLanguage\":\"nl-NL\",\"@id\":\"https:\\\/\\\/inter-antiquariaat.nl\\\/nl-oud\\\/antiek\\\/verkocht\\\/friesland-hemelumer-oldephaert-en-noordwolde-eekhoff-1851\\\/#primaryimage\",\"url\":\"https:\\\/\\\/inter-antiquariaat.nl\\\/wp-content\\\/uploads\\\/sites\\\/1\\\/Friesland-Helumer-Oldephaert-en-Noordwolde-Veelwaard-Eekhoff-1851.jpg\",\"contentUrl\":\"https:\\\/\\\/inter-antiquariaat.nl\\\/wp-content\\\/uploads\\\/sites\\\/1\\\/Friesland-Helumer-Oldephaert-en-Noordwolde-Veelwaard-Eekhoff-1851.jpg\",\"width\":1606,\"height\":1517,\"caption\":\"Friesland\"},{\"@type\":\"BreadcrumbList\",\"@id\":\"https:\\\/\\\/inter-antiquariaat.nl\\\/nl-oud\\\/antiek\\\/verkocht\\\/friesland-hemelumer-oldephaert-en-noordwolde-eekhoff-1851\\\/#breadcrumb\",\"itemListElement\":[{\"@type\":\"ListItem\",\"position\":1,\"name\":\"Home\",\"item\":\"https:\\\/\\\/inter-antiquariaat.nl\\\/nl-oud\\\/\"},{\"@type\":\"ListItem\",\"position\":2,\"name\":\"Antieke kaarten, prenten en tekeningen\",\"item\":\"https:\\\/\\\/inter-antiquariaat.nl\\\/nl-oud\\\/antiek\\\/\"},{\"@type\":\"ListItem\",\"position\":3,\"name\":\"Friesland, Hemelumer Oldephaert en Noordwolde &#8211; Eekhoff, 1851\"}]},{\"@type\":\"WebSite\",\"@id\":\"https:\\\/\\\/inter-antiquariaat.nl\\\/nl-oud\\\/#website\",\"url\":\"https:\\\/\\\/inter-antiquariaat.nl\\\/nl-oud\\\/\",\"name\":\"Inter Antiquariaat Mefferdt &amp; De Jonge\",\"description\":\"Antieke kaarten, prenten en tekeningen\",\"potentialAction\":[{\"@type\":\"SearchAction\",\"target\":{\"@type\":\"EntryPoint\",\"urlTemplate\":\"https:\\\/\\\/inter-antiquariaat.nl\\\/nl-oud\\\/?s={search_term_string}\"},\"query-input\":{\"@type\":\"PropertyValueSpecification\",\"valueRequired\":true,\"valueName\":\"search_term_string\"}}],\"inLanguage\":\"nl-NL\"}]}<\/script>\n<!-- \/ Yoast SEO plugin. -->","yoast_head_json":{"title":"oude kaart de Fluessen Friesland Hemelumer Oldephaert en Noordwolde","description":"oude kaart de Fluessen Friesland Hemelumer Oldephaert en Noordwolde Wopke Eekhoff 19de eeuw antieke gravure originele prent geschiedenis","robots":{"index":"noindex","follow":"follow","max-snippet":"max-snippet:-1","max-image-preview":"max-image-preview:large","max-video-preview":"max-video-preview:-1"},"og_locale":"nl_NL","og_type":"article","og_title":"oude kaart de Fluessen Friesland Hemelumer Oldephaert en Noordwolde","og_description":"oude kaart de Fluessen Friesland Hemelumer Oldephaert en Noordwolde Wopke Eekhoff 19de eeuw antieke gravure originele prent geschiedenis","og_url":"https:\/\/inter-antiquariaat.nl\/nl-oud\/antiek\/verkocht\/friesland-hemelumer-oldephaert-en-noordwolde-eekhoff-1851\/","og_site_name":"Inter Antiquariaat Mefferdt &amp; De Jonge","article_modified_time":"2023-06-01T09:51:31+00:00","og_image":[{"width":1606,"height":1517,"url":"https:\/\/inter-antiquariaat.nl\/wp-content\/uploads\/sites\/1\/Friesland-Helumer-Oldephaert-en-Noordwolde-Veelwaard-Eekhoff-1851.jpg","type":"image\/jpeg"}],"twitter_card":"summary_large_image","twitter_misc":{"Geschatte leestijd":"5 minuten"},"schema":{"@context":"https:\/\/schema.org","@graph":[{"@type":"WebPage","@id":"https:\/\/inter-antiquariaat.nl\/nl-oud\/antiek\/verkocht\/friesland-hemelumer-oldephaert-en-noordwolde-eekhoff-1851\/","url":"https:\/\/inter-antiquariaat.nl\/nl-oud\/antiek\/verkocht\/friesland-hemelumer-oldephaert-en-noordwolde-eekhoff-1851\/","name":"oude kaart de Fluessen Friesland Hemelumer Oldephaert en Noordwolde","isPartOf":{"@id":"https:\/\/inter-antiquariaat.nl\/nl-oud\/#website"},"primaryImageOfPage":{"@id":"https:\/\/inter-antiquariaat.nl\/nl-oud\/antiek\/verkocht\/friesland-hemelumer-oldephaert-en-noordwolde-eekhoff-1851\/#primaryimage"},"image":{"@id":"https:\/\/inter-antiquariaat.nl\/nl-oud\/antiek\/verkocht\/friesland-hemelumer-oldephaert-en-noordwolde-eekhoff-1851\/#primaryimage"},"thumbnailUrl":"https:\/\/inter-antiquariaat.nl\/wp-content\/uploads\/sites\/1\/Friesland-Helumer-Oldephaert-en-Noordwolde-Veelwaard-Eekhoff-1851.jpg","datePublished":"2018-06-27T15:42:57+00:00","dateModified":"2023-06-01T09:51:31+00:00","description":"oude kaart de Fluessen Friesland Hemelumer Oldephaert en Noordwolde Wopke Eekhoff 19de eeuw antieke gravure originele prent geschiedenis","breadcrumb":{"@id":"https:\/\/inter-antiquariaat.nl\/nl-oud\/antiek\/verkocht\/friesland-hemelumer-oldephaert-en-noordwolde-eekhoff-1851\/#breadcrumb"},"inLanguage":"nl-NL","potentialAction":[{"@type":"ReadAction","target":["https:\/\/inter-antiquariaat.nl\/nl-oud\/antiek\/verkocht\/friesland-hemelumer-oldephaert-en-noordwolde-eekhoff-1851\/"]}]},{"@type":"ImageObject","inLanguage":"nl-NL","@id":"https:\/\/inter-antiquariaat.nl\/nl-oud\/antiek\/verkocht\/friesland-hemelumer-oldephaert-en-noordwolde-eekhoff-1851\/#primaryimage","url":"https:\/\/inter-antiquariaat.nl\/wp-content\/uploads\/sites\/1\/Friesland-Helumer-Oldephaert-en-Noordwolde-Veelwaard-Eekhoff-1851.jpg","contentUrl":"https:\/\/inter-antiquariaat.nl\/wp-content\/uploads\/sites\/1\/Friesland-Helumer-Oldephaert-en-Noordwolde-Veelwaard-Eekhoff-1851.jpg","width":1606,"height":1517,"caption":"Friesland"},{"@type":"BreadcrumbList","@id":"https:\/\/inter-antiquariaat.nl\/nl-oud\/antiek\/verkocht\/friesland-hemelumer-oldephaert-en-noordwolde-eekhoff-1851\/#breadcrumb","itemListElement":[{"@type":"ListItem","position":1,"name":"Home","item":"https:\/\/inter-antiquariaat.nl\/nl-oud\/"},{"@type":"ListItem","position":2,"name":"Antieke kaarten, prenten en tekeningen","item":"https:\/\/inter-antiquariaat.nl\/nl-oud\/antiek\/"},{"@type":"ListItem","position":3,"name":"Friesland, Hemelumer Oldephaert en Noordwolde &#8211; Eekhoff, 1851"}]},{"@type":"WebSite","@id":"https:\/\/inter-antiquariaat.nl\/nl-oud\/#website","url":"https:\/\/inter-antiquariaat.nl\/nl-oud\/","name":"Inter Antiquariaat Mefferdt &amp; De Jonge","description":"Antieke kaarten, prenten en tekeningen","potentialAction":[{"@type":"SearchAction","target":{"@type":"EntryPoint","urlTemplate":"https:\/\/inter-antiquariaat.nl\/nl-oud\/?s={search_term_string}"},"query-input":{"@type":"PropertyValueSpecification","valueRequired":true,"valueName":"search_term_string"}}],"inLanguage":"nl-NL"}]}},"_links":{"self":[{"href":"https:\/\/inter-antiquariaat.nl\/nl-oud\/wp-json\/wp\/v2\/product\/7194","targetHints":{"allow":["GET"]}}],"collection":[{"href":"https:\/\/inter-antiquariaat.nl\/nl-oud\/wp-json\/wp\/v2\/product"}],"about":[{"href":"https:\/\/inter-antiquariaat.nl\/nl-oud\/wp-json\/wp\/v2\/types\/product"}],"replies":[{"embeddable":true,"href":"https:\/\/inter-antiquariaat.nl\/nl-oud\/wp-json\/wp\/v2\/comments?post=7194"}],"wp:featuredmedia":[{"embeddable":true,"href":"https:\/\/inter-antiquariaat.nl\/nl-oud\/wp-json\/wp\/v2\/media\/1011"}],"wp:attachment":[{"href":"https:\/\/inter-antiquariaat.nl\/nl-oud\/wp-json\/wp\/v2\/media?parent=7194"}],"wp:term":[{"taxonomy":"product_brand","embeddable":true,"href":"https:\/\/inter-antiquariaat.nl\/nl-oud\/wp-json\/wp\/v2\/product_brand?post=7194"},{"taxonomy":"product_cat","embeddable":true,"href":"https:\/\/inter-antiquariaat.nl\/nl-oud\/wp-json\/wp\/v2\/product_cat?post=7194"},{"taxonomy":"product_tag","embeddable":true,"href":"https:\/\/inter-antiquariaat.nl\/nl-oud\/wp-json\/wp\/v2\/product_tag?post=7194"}],"curies":[{"name":"wp","href":"https:\/\/api.w.org\/{rel}","templated":true}]}}